{"id":85328,"date":"2023-03-10T14:51:24","date_gmt":"2023-03-10T14:51:24","guid":{"rendered":"https:\/\/www.naturalremedy.com\/shop\/senza-categoria\/poultry-phytocee-b\/"},"modified":"2025-12-04T07:39:42","modified_gmt":"2025-12-04T07:39:42","slug":"poultry-phytocee-2","status":"publish","type":"product","link":"https:\/\/www.naturalremedy.com\/it\/monogastrics-poultry\/adaptogenic-general-immunity\/poultry-phytocee\/","title":{"rendered":"Phytocee \u00ae"},"content":{"rendered":"<p>PHYTOCEE \u00e8 una soluzione naturale basata sulla ricerca per controllare l&#8217;effetto dannoso dello stress causato da molteplici fattori stressanti. PHYTOCEE \u00e8 una formulazione polierbale che contiene fitocostituenti come polifenoli, witanolidi e triterpenoidi. PHYTOCEE agisce come potenziatore naturale delle difese e migliora la resistenza, ottimizza l&#8217;IMC e aiuta a ridurre gli effetti nocivi dello stress.   <\/p>\n<p>PHYTOCEE \u00e8 una soluzione naturale basata sulla ricerca per il controllo dello stress che offre caratteristiche e vantaggi unici.<\/p>\n","protected":false},"excerpt":{"rendered":"<p>PHYTOCEE \u00e8 una soluzione naturale basata sulla ricerca per controllare l&#8217;effetto dannoso dello stress causato da molteplici fattori stressanti. PHYTOCEE \u00e8 una formulazione polierbale che contiene fitocostituenti come polifenoli, witanolidi e triterpenoidi. PHYTOCEE agisce come potenziatore naturale delle difese e migliora la resistenza, ottimizza l&#8217;IMC e aiuta a ridurre gli effetti nocivi dello stress. PHYTOCEE [&hellip;]<\/p>\n","protected":false},"featured_media":85311,"comment_status":"open","ping_status":"closed","template":"","meta":{"_acf_changed":false},"product_brand":[],"product_cat":[198,84,80,193,81,82,201],"product_tag":[],"class_list":{"0":"post-85328","1":"product","2":"type-product","3":"status-publish","4":"has-post-thumbnail","6":"product_cat-adaptogenic","7":"product_cat-adaptogenic-anti-stress-immunomodulatory","8":"product_cat-international","9":"product_cat-international-poultry","10":"product_cat-monogastrics","11":"product_cat-monogastrics-poultry","12":"product_cat-poultry-adaptogenic","14":"first","15":"instock","16":"shipping-taxable","17":"product-type-simple"},"acf":{"product_name":"Phytocee ","headline":"Un potenziatore naturale delle difese","product_thumbnail":85309,"product_content":"PHYTOCEE, una soluzione naturale basata sulla ricerca, ha lo scopo di migliorare l'immunit\u00e0 dei volatili, nonch\u00e9 di controllare gli effetti dello stress causato da molteplici fattori stressanti. La sua formulazione polierbale contiene fitocostituenti come polifenoli, withanolidi e triterpenoidi.  \n\nPHYTOCEE \u00e8 un additivo fitogenico per mangimi che agisce come potenziatore naturale delle difese. Promuove inoltre la resistenza, ottimizza l'immunit\u00e0 cellulo-mediata e aiuta a ridurre gli effetti nocivi dello stress. Questo additivo fitogenico per mangimi \u00e8 un additivo alimentare animale termostabile e pu\u00f2 essere aggiunto direttamente al mangime.   \n\nScientificamente validato con tecnologie OMICHE","availability_in":[{"available":"25 kg"},{"available":""}],"product_video_text":"","product_video":"","usp_content":"<span dir=\"auto\">PHYTOCEE \u00e8 stato sviluppato come soluzione naturale basata sulla ricerca per controllare lo stress e presenta caratteristiche e vantaggi esclusivi, come:<\/span>\n<ul>\n \t<li> <strong>\n  <span dir=\"auto\">Adattogeno e aumento della resistenza<\/span>\n<\/strong>\n<span dir=\"auto\">Aumenta la resistenza e ripristina le normali funzioni fisiologiche durante condizioni difficili.<\/span><\/li>\n \t<li> <strong>\n  <span dir=\"auto\">Ottimizzazione dell'IMC<\/span>\n<\/strong>\n<span dir=\"auto\">Ottimizza l'immunit\u00e0 cellulo-mediata e previene la vulnerabilit\u00e0 alle malattie.<\/span><\/li>\n \t<li> <strong>\n  <span dir=\"auto\">Tolleranza efficace allo stress<\/span>\n<\/strong>\n<span dir=\"auto\">Riduce il livello sierico di corticosterone e protegge dal danno ossidativo mediante forti propriet\u00e0 antiossidanti.<\/span><\/li>\n<\/ul>","features_content":"","usage_content":"","benfits":"","mixing_rate_content":"","target_species":[{"svg_icon":85354,"species_name":"Polli da carne"},{"svg_icon":85354,"species_name":"Riproduttori"},{"svg_icon":85354,"species_name":"Galline ovaiole"}],"continent":["South Asia"],"faqs":null,"certifications":[{"certificate_image":92976},{"certificate_image":92969},{"certificate_image":92968}]},"_links":{"self":[{"href":"https:\/\/www.naturalremedy.com\/it\/wp-json\/wp\/v2\/product\/85328","targetHints":{"allow":["GET"]}}],"collection":[{"href":"https:\/\/www.naturalremedy.com\/it\/wp-json\/wp\/v2\/product"}],"about":[{"href":"https:\/\/www.naturalremedy.com\/it\/wp-json\/wp\/v2\/types\/product"}],"replies":[{"embeddable":true,"href":"https:\/\/www.naturalremedy.com\/it\/wp-json\/wp\/v2\/comments?post=85328"}],"version-history":[{"count":1,"href":"https:\/\/www.naturalremedy.com\/it\/wp-json\/wp\/v2\/product\/85328\/revisions"}],"predecessor-version":[{"id":85398,"href":"https:\/\/www.naturalremedy.com\/it\/wp-json\/wp\/v2\/product\/85328\/revisions\/85398"}],"wp:featuredmedia":[{"embeddable":true,"href":"https:\/\/www.naturalremedy.com\/it\/wp-json\/wp\/v2\/media\/85311"}],"wp:attachment":[{"href":"https:\/\/www.naturalremedy.com\/it\/wp-json\/wp\/v2\/media?parent=85328"}],"wp:term":[{"taxonomy":"product_brand","embeddable":true,"href":"https:\/\/www.naturalremedy.com\/it\/wp-json\/wp\/v2\/product_brand?post=85328"},{"taxonomy":"product_cat","embeddable":true,"href":"https:\/\/www.naturalremedy.com\/it\/wp-json\/wp\/v2\/product_cat?post=85328"},{"taxonomy":"product_tag","embeddable":true,"href":"https:\/\/www.naturalremedy.com\/it\/wp-json\/wp\/v2\/product_tag?post=85328"}],"curies":[{"name":"wp","href":"https:\/\/api.w.org\/{rel}","templated":true}]}}