{"id":76144,"date":"2025-08-26T08:44:16","date_gmt":"2025-08-26T08:44:16","guid":{"rendered":"https:\/\/www.naturalremedy.com\/privacy-policy\/"},"modified":"2025-12-19T05:35:01","modified_gmt":"2025-12-19T05:35:01","slug":"privacy-policy","status":"publish","type":"page","link":"https:\/\/www.naturalremedy.com\/mx\/privacy-policy\/","title":{"rendered":"Pol\u00edtica de privacidad"},"content":{"rendered":"\t\t<div data-elementor-type=\"wp-page\" data-elementor-id=\"76144\" class=\"elementor elementor-76144 elementor-23025\" data-elementor-post-type=\"page\">\n\t\t\t\t<div class=\"elementor-element elementor-element-0c58aa1 e-flex e-con-boxed e-con e-parent\" data-id=\"0c58aa1\" data-element_type=\"container\" data-e-type=\"container\" data-settings=\"{&quot;background_background&quot;:&quot;classic&quot;}\">\n\t\t\t\t\t<div class=\"e-con-inner\">\n\t\t\t\t<div class=\"elementor-element elementor-element-e640fbb elementor-widget elementor-widget-heading\" data-id=\"e640fbb\" data-element_type=\"widget\" data-e-type=\"widget\" data-widget_type=\"heading.default\">\n\t\t\t\t\t<h1 class=\"elementor-heading-title elementor-size-default\">Pol\u00edtica de privacidad<\/h1>\t\t\t\t<\/div>\n\t\t\t\t<div class=\"elementor-element elementor-element-79b0b44 elementor-widget elementor-widget-text-editor\" data-id=\"79b0b44\" data-element_type=\"widget\" data-e-type=\"widget\" data-widget_type=\"text-editor.default\">\n\t\t\t\t\t\t\t\t\t<p class=\"sec-title text-center\">En Natural Remedies Private Limited, consideramos que su privacidad es muy importante para nosotros. Nuestra Pol\u00edtica de privacidad ha estipulado directrices para garantizar que su privacidad est\u00e9 protegida. Las siguientes directrices garantizan que la informaci\u00f3n que recopilamos sobre usted no se utilice indebidamente.  <\/p><ul><li><p>Si decide proporcionarnos informaci\u00f3n personal a trav\u00e9s de Internet que nosotros o nuestros socios comerciales podamos necesitar (para comunicarnos con usted, procesar una solicitud de informaci\u00f3n o proporcionarle una descarga, por ejemplo), nuestra intenci\u00f3n es informarle sobre c\u00f3mo utilizaremos dicha informaci\u00f3n. Si nos indica que no desea que esta informaci\u00f3n se utilice como base para un contacto posterior con usted, respetaremos sus deseos. <\/p><\/li><li><p>No analizamos los datos que rastrean el dominio desde el que nos visitan las personas para identificarle personalmente.<\/p><\/li><li><p>Copyright y marcas comerciales: A menos que se indique lo contrario, los derechos de autor y todos los derechos de propiedad intelectual de todo el material presentado en el sitio (incluidos, entre otros, texto, audio, v\u00eddeo o im\u00e1genes gr\u00e1ficas), las marcas comerciales y los logotipos que aparecen en este sitio son propiedad de Natural Remedies Private Limited, sus filiales y asociados, y est\u00e1n protegidos por las leyes indias aplicables.<\/p><\/li><li><p>Excepto en las circunstancias en que la ley del pa\u00eds nos exija revelar la informaci\u00f3n, no revelaremos la informaci\u00f3n sobre usted a ning\u00fan tercero. Esto tambi\u00e9n le proteger\u00e1 de la venta, el alquiler, el comercio o la exhibici\u00f3n de su informaci\u00f3n personal a terceros; y no utilizaremos su direcci\u00f3n de correo electr\u00f3nico para marketing no solicitado a menos que tengamos su permiso. <\/p><\/li><li><p>Tambi\u00e9n da su consentimiento para que Natural Remedies Private Limited revele informaci\u00f3n sobre usted a las partes reales o potenciales de una demanda en la que Natural Remedies Private Limited est\u00e9 o pueda verse involucrada (a) si est\u00e1 obligada a hacerlo, (b) si cree razonablemente que dichas revelaciones podr\u00edan mitigar su responsabilidad, o (c) para hacer valer sus derechos.   <\/p><\/li><li><p>En el caso de que Natural Remedies Private Limited vendiera sustancialmente todos sus activos o fuera adquirida (o cesara su actividad o entrara en bancarrota), la informaci\u00f3n del cliente suele ser uno de los activos comerciales que se transfieren en relaci\u00f3n con dicha transacci\u00f3n. Usted reconoce que dichas transferencias pueden ocurrir y que cualquier adquirente de Natural Remedies Private Limited puede seguir utilizando su informaci\u00f3n personal tal como se establece en esta pol\u00edtica. <\/p><\/li><\/ul><p><strong>Seguridad<\/strong><\/p><p class=\"sec-desc\">Este sitio cuenta con medidas de seguridad para proteger la p\u00e9rdida, el uso indebido o la alteraci\u00f3n de la informaci\u00f3n que est\u00e1 bajo nuestro control. Los datos residen detr\u00e1s de un cortafuegos, con acceso restringido al personal autorizado de Natural Remedies Private Limited. <\/p><p><strong>C\u00f3mo ponerse en contacto con el sitio web<\/strong><\/p><p class=\"sec-desc\">Si tiene alguna pregunta sobre esta declaraci\u00f3n de privacidad, las pr\u00e1cticas de este sitio o sus tratos con este sitio web, puede ponerse en contacto con:<br>Natural Remedies Private Limited \u2013 <a href=\"mailto:info@naturalremedy.com\"><span style=\"font-weight: 400;\">info@naturalremedy.com<\/span><\/a><\/p>\t\t\t\t\t\t\t\t<\/div>\n\t\t\t\t\t<\/div>\n\t\t\t\t<\/div>\n\t\t\t\t<\/div>\n\t\t","protected":false},"excerpt":{"rendered":"<p>Pol\u00edtica de privacidad En Natural Remedies Private Limited, consideramos que su privacidad es muy importante para nosotros. Nuestra Pol\u00edtica de privacidad ha estipulado directrices para garantizar que su privacidad est\u00e9 protegida. Las siguientes directrices garantizan que la informaci\u00f3n que recopilamos sobre usted no se utilice indebidamente. Si decide proporcionarnos informaci\u00f3n personal a trav\u00e9s de Internet [&hellip;]<\/p>\n","protected":false},"author":1,"featured_media":0,"parent":0,"menu_order":0,"comment_status":"closed","ping_status":"closed","template":"","meta":{"_acf_changed":false,"footnotes":""},"class_list":["post-76144","page","type-page","status-publish","hentry"],"acf":[],"_links":{"self":[{"href":"https:\/\/www.naturalremedy.com\/mx\/wp-json\/wp\/v2\/pages\/76144","targetHints":{"allow":["GET"]}}],"collection":[{"href":"https:\/\/www.naturalremedy.com\/mx\/wp-json\/wp\/v2\/pages"}],"about":[{"href":"https:\/\/www.naturalremedy.com\/mx\/wp-json\/wp\/v2\/types\/page"}],"author":[{"embeddable":true,"href":"https:\/\/www.naturalremedy.com\/mx\/wp-json\/wp\/v2\/users\/1"}],"replies":[{"embeddable":true,"href":"https:\/\/www.naturalremedy.com\/mx\/wp-json\/wp\/v2\/comments?post=76144"}],"version-history":[{"count":4,"href":"https:\/\/www.naturalremedy.com\/mx\/wp-json\/wp\/v2\/pages\/76144\/revisions"}],"predecessor-version":[{"id":125715,"href":"https:\/\/www.naturalremedy.com\/mx\/wp-json\/wp\/v2\/pages\/76144\/revisions\/125715"}],"wp:attachment":[{"href":"https:\/\/www.naturalremedy.com\/mx\/wp-json\/wp\/v2\/media?parent=76144"}],"curies":[{"name":"wp","href":"https:\/\/api.w.org\/{rel}","templated":true}]}}