{"id":76286,"date":"2023-03-10T14:51:24","date_gmt":"2023-03-10T14:51:24","guid":{"rendered":"https:\/\/www.naturalremedy.com\/shop\/uncategorized\/poultry-phytocee-b\/"},"modified":"2026-02-02T10:16:04","modified_gmt":"2026-02-02T10:16:04","slug":"poultry-phytocee","status":"publish","type":"product","link":"https:\/\/www.naturalremedy.com\/mx\/monogastrics-poultry\/adaptogenic-general-immunity\/poultry-phytocee\/","title":{"rendered":"Phytocee \u00ae"},"content":{"rendered":"<p>PHYTOCEE es una soluci\u00f3n natural basada en la investigaci\u00f3n para controlar el efecto perjudicial del estr\u00e9s causado por m\u00faltiples factores estresantes. PHYTOCEE es una formulaci\u00f3n poliherbal que contiene fitoconstituyentes como Polifenoles, Witan\u00f3lidos y Triterpenoides. PHYTOCEE act\u00faa como un Potenciador Natural de las Defensas y mejora la resistencia, optimiza la IMC, as\u00ed como ayuda a reducir los efectos nocivos del estr\u00e9s.  <\/p>\n<p>PHYTOCEE es una soluci\u00f3n natural basada en la investigaci\u00f3n para el control del estr\u00e9s que ofrece caracter\u00edsticas y beneficios \u00fanicos.<\/p>\n","protected":false},"excerpt":{"rendered":"<p>PHYTOCEE es una soluci\u00f3n natural basada en la investigaci\u00f3n para controlar el efecto perjudicial del estr\u00e9s causado por m\u00faltiples factores estresantes. PHYTOCEE es una formulaci\u00f3n poliherbal que contiene fitoconstituyentes como Polifenoles, Witan\u00f3lidos y Triterpenoides. PHYTOCEE act\u00faa como un Potenciador Natural de las Defensas y mejora la resistencia, optimiza la IMC, as\u00ed como ayuda a reducir [&hellip;]<\/p>\n","protected":false},"featured_media":76287,"comment_status":"open","ping_status":"closed","template":"","meta":{"_acf_changed":false},"product_brand":[],"product_cat":[198,84,80,193,81,82,201],"product_tag":[],"class_list":{"0":"post-76286","1":"product","2":"type-product","3":"status-publish","4":"has-post-thumbnail","6":"product_cat-adaptogenic","7":"product_cat-adaptogenic-anti-stress-immunomodulatory","8":"product_cat-international","9":"product_cat-international-poultry","10":"product_cat-monogastrics","11":"product_cat-monogastrics-poultry","12":"product_cat-poultry-adaptogenic","14":"first","15":"instock","16":"shipping-taxable","17":"product-type-simple"},"acf":{"product_name":"Phytocee ","headline":"Un potenciador natural de las defensas","product_thumbnail":96256,"product_content":"PHYTOCEE, una soluci\u00f3n natural basada en la investigaci\u00f3n, tiene como objetivo mejorar la inmunidad de las aves, as\u00ed como controlar los efectos del estr\u00e9s causado por m\u00faltiples factores estresantes. Su formulaci\u00f3n poliherbal contiene fitoconstituyentes como Polifenoles, Withan\u00f3lidos y Triterpenoides. \n\nPHYTOCEE es un aditivo fitog\u00e9nico para piensos que act\u00faa como un potenciador natural de las defensas. Tambi\u00e9n promueve la resistencia, optimiza la inmunidad mediada por c\u00e9lulas y ayuda a reducir los efectos nocivos del estr\u00e9s. Este aditivo fitog\u00e9nico para piensos es un aditivo alimentario animal termoestable y puede a\u00f1adirse directamente al pienso.  \n\nCient\u00edficamente validado con tecnolog\u00edas \u00d3MICAS","availability_in":[{"available":"25 kg"},{"available":""}],"product_video_text":"","product_video":"","usp_content":"<span dir=\"auto\">PHYTOCEE ha sido desarrollado como una soluci\u00f3n natural basada en la investigaci\u00f3n para controlar el estr\u00e9s y tiene caracter\u00edsticas y beneficios exclusivos, como:<\/span>\n<ul>\n \t<li><strong>\n  <span dir=\"auto\">Adaptog\u00e9nico y aumento de la resistencia<\/span>\n<\/strong>\n<span dir=\"auto\">Aumenta la resistencia y restaura las funciones fisiol\u00f3gicas normales durante condiciones desafiantes.<\/span><\/li>\n \t<li><strong>\n  <span dir=\"auto\">La optimizaci\u00f3n de la IMC<\/span>\n<\/strong>\n<span dir=\"auto\">optimiza la inmunidad mediada por c\u00e9lulas y previene la vulnerabilidad a enfermedades.<\/span><\/li>\n \t<li><strong>\n  <span dir=\"auto\">Tolerancia eficaz al estr\u00e9s<\/span>\n<\/strong>\n<span dir=\"auto\">Reduce el nivel s\u00e9rico de corticosterona y protege contra el da\u00f1o oxidativo mediante fuertes propiedades antioxidantes.<\/span><\/li>\n<\/ul>","features_content":"","usage_content":"","benfits":"","mixing_rate_content":"","target_species":[{"svg_icon":96244,"species_name":"Pollos de engorde"},{"svg_icon":96244,"species_name":"Reproductores"},{"svg_icon":96244,"species_name":"Ponedoras"}],"continent":["South Asia"],"faqs":null,"certifications":[{"certificate_image":92976},{"certificate_image":92969},{"certificate_image":92968}]},"_links":{"self":[{"href":"https:\/\/www.naturalremedy.com\/mx\/wp-json\/wp\/v2\/product\/76286","targetHints":{"allow":["GET"]}}],"collection":[{"href":"https:\/\/www.naturalremedy.com\/mx\/wp-json\/wp\/v2\/product"}],"about":[{"href":"https:\/\/www.naturalremedy.com\/mx\/wp-json\/wp\/v2\/types\/product"}],"replies":[{"embeddable":true,"href":"https:\/\/www.naturalremedy.com\/mx\/wp-json\/wp\/v2\/comments?post=76286"}],"version-history":[{"count":1,"href":"https:\/\/www.naturalremedy.com\/mx\/wp-json\/wp\/v2\/product\/76286\/revisions"}],"predecessor-version":[{"id":85652,"href":"https:\/\/www.naturalremedy.com\/mx\/wp-json\/wp\/v2\/product\/76286\/revisions\/85652"}],"wp:featuredmedia":[{"embeddable":true,"href":"https:\/\/www.naturalremedy.com\/mx\/wp-json\/wp\/v2\/media\/76287"}],"wp:attachment":[{"href":"https:\/\/www.naturalremedy.com\/mx\/wp-json\/wp\/v2\/media?parent=76286"}],"wp:term":[{"taxonomy":"product_brand","embeddable":true,"href":"https:\/\/www.naturalremedy.com\/mx\/wp-json\/wp\/v2\/product_brand?post=76286"},{"taxonomy":"product_cat","embeddable":true,"href":"https:\/\/www.naturalremedy.com\/mx\/wp-json\/wp\/v2\/product_cat?post=76286"},{"taxonomy":"product_tag","embeddable":true,"href":"https:\/\/www.naturalremedy.com\/mx\/wp-json\/wp\/v2\/product_tag?post=76286"}],"curies":[{"name":"wp","href":"https:\/\/api.w.org\/{rel}","templated":true}]}}