{"id":76295,"date":"2021-06-19T11:52:03","date_gmt":"2021-06-19T11:52:03","guid":{"rendered":"https:\/\/www.naturalremedy.com\/shop\/uncategorized\/poultry-phytocee\/"},"modified":"2025-12-22T04:27:06","modified_gmt":"2025-12-22T04:27:06","slug":"swine-phytocee","status":"publish","type":"product","link":"https:\/\/www.naturalremedy.com\/mx\/monogastrics-swine\/adaptogenic-anti-stress-immunomodulatory\/swine-phytocee\/","title":{"rendered":"Phytocee \u00ae"},"content":{"rendered":"","protected":false},"excerpt":{"rendered":"","protected":false},"featured_media":76287,"comment_status":"open","ping_status":"closed","template":"","meta":{"_acf_changed":false},"product_brand":[],"product_cat":[120,195,112,113,206],"product_tag":[],"class_list":{"0":"post-76295","1":"product","2":"type-product","3":"status-publish","4":"has-post-thumbnail","6":"product_cat-adaptogenic-general-immunity","7":"product_cat-international-swine","8":"product_cat-india-monogastrics","9":"product_cat-poultry-care","10":"product_cat-swine-adaptogenic-anti-stress-immunomodulatory","12":"first","13":"instock","14":"shipping-taxable","15":"product-type-simple"},"acf":{"product_name":"Phytocee \u00ae Refuerzo de la inmunidad para la salud porcina y soluci\u00f3n antiestr\u00e9s","headline":"","product_thumbnail":96256,"product_content":"<span dir=\"auto\">Una soluci\u00f3n natural basada en investigaciones que controla el estr\u00e9s causado por m\u00faltiples factores. Aumenta la resistencia y optimiza la inmunidad celular y humoral. <\/span>\n\n<span dir=\"auto\">Phytocee es una combinaci\u00f3n eficaz de NR-Fitoqu\u00edmicos Polifenoles, Withanolidas y Triterpenoides para proporcionar una defensa confiable a los cerdos contra varios desaf\u00edos.<\/span>\n\n<span dir=\"auto\">Los efectos de Phytocee en diferentes etapas de los cerdos son:<\/span>\n\n<strong><span dir=\"auto\">Lechones<\/span><\/strong>\n<ul>\n \t<li><span dir=\"auto\">Reduce el estr\u00e9s durante el per\u00edodo posterior al destete.<\/span><\/li>\n \t<li><span dir=\"auto\">Mejora la ganancia media diaria en lechones despu\u00e9s del destete.<\/span><\/li>\n \t<li><span dir=\"auto\">Reduce la incidencia de mordeduras de cola y otras respuestas de estr\u00e9s psicol\u00f3gico.<\/span><\/li>\n<\/ul>\n<strong><span dir=\"auto\">Finalizadores<\/span><\/strong>\n<ul>\n \t<li><span dir=\"auto\">Optimiza la ganancia de peso corporal.<\/span><\/li>\n \t<li><span dir=\"auto\">Reduce los costes con medicamentos.<\/span><\/li>\n \t<li><span dir=\"auto\">Menor morbilidad.<\/span><\/li>\n \t<li><span dir=\"auto\">Mejora en la calidad de la carne.<\/span><\/li>\n<\/ul>\n<strong><span dir=\"auto\">Cerdas<\/span><\/strong>\n<ul>\n \t<li><span dir=\"auto\">Mejora la paridad.<\/span><\/li>\n \t<li><span dir=\"auto\">Reduce la mortalidad entre los lechones.<\/span><\/li>\n \t<li><span dir=\"auto\">Mejora la producci\u00f3n de leche y los niveles de inmunoglobulina en el calostro.<\/span><\/li>\n \t<li><span dir=\"auto\">Reduce el jadeo, un signo de estr\u00e9s.<\/span><\/li>\n \t<li><span dir=\"auto\">Reduce los niveles de cortisol durante el estr\u00e9s social, evidente al agrupar y reagrupar.<\/span><\/li>\n<\/ul>","availability_in":[{"available":""}],"product_video_text":"","product_video":"","usp_content":"<ul>\n \t<li><strong>\n  <span dir=\"auto\">Adaptog\u00e9nico<\/span>\n<\/strong>\n<span dir=\"auto\">Aumenta la resistencia y mantiene las funciones fisiol\u00f3gicas normales.<\/span><\/li>\n \t<li><strong>\n  <span dir=\"auto\">El CMI<\/span>\n<\/strong>\n<span dir=\"auto\">optimiza la inmunidad mediada por c\u00e9lulas y previene la vulnerabilidad a enfermedades.<\/span><\/li>\n \t<li><strong>\n  <span dir=\"auto\">Antiestr\u00e9s<\/span>\n<\/strong>\n<span dir=\"auto\">Reduce el nivel s\u00e9rico de corticosterona y previene da\u00f1os oxidativos.<\/span><\/li>\n \t<li><strong><span dir=\"auto\">Promueve el bienestar de los cerdos.<\/span><\/strong>\n<span dir=\"auto\">Reduce la incidencia de mordeduras de cola y jadeo durante condiciones estresantes.<\/span><\/li>\n<\/ul>","features_content":"","usage_content":"","benfits":"","mixing_rate_content":"","target_species":[{"svg_icon":96244,"species_name":""},{"svg_icon":96246,"species_name":""}],"continent":["South East Asia","South Asia","East Asia","Middle East","Europe","Latin American","African"],"faqs":null,"certifications":[{"certificate_image":92976},{"certificate_image":92969},{"certificate_image":92968}]},"_links":{"self":[{"href":"https:\/\/www.naturalremedy.com\/mx\/wp-json\/wp\/v2\/product\/76295","targetHints":{"allow":["GET"]}}],"collection":[{"href":"https:\/\/www.naturalremedy.com\/mx\/wp-json\/wp\/v2\/product"}],"about":[{"href":"https:\/\/www.naturalremedy.com\/mx\/wp-json\/wp\/v2\/types\/product"}],"replies":[{"embeddable":true,"href":"https:\/\/www.naturalremedy.com\/mx\/wp-json\/wp\/v2\/comments?post=76295"}],"version-history":[{"count":1,"href":"https:\/\/www.naturalremedy.com\/mx\/wp-json\/wp\/v2\/product\/76295\/revisions"}],"predecessor-version":[{"id":85655,"href":"https:\/\/www.naturalremedy.com\/mx\/wp-json\/wp\/v2\/product\/76295\/revisions\/85655"}],"wp:featuredmedia":[{"embeddable":true,"href":"https:\/\/www.naturalremedy.com\/mx\/wp-json\/wp\/v2\/media\/76287"}],"wp:attachment":[{"href":"https:\/\/www.naturalremedy.com\/mx\/wp-json\/wp\/v2\/media?parent=76295"}],"wp:term":[{"taxonomy":"product_brand","embeddable":true,"href":"https:\/\/www.naturalremedy.com\/mx\/wp-json\/wp\/v2\/product_brand?post=76295"},{"taxonomy":"product_cat","embeddable":true,"href":"https:\/\/www.naturalremedy.com\/mx\/wp-json\/wp\/v2\/product_cat?post=76295"},{"taxonomy":"product_tag","embeddable":true,"href":"https:\/\/www.naturalremedy.com\/mx\/wp-json\/wp\/v2\/product_tag?post=76295"}],"curies":[{"name":"wp","href":"https:\/\/api.w.org\/{rel}","templated":true}]}}