{"id":85327,"date":"2024-10-29T12:50:39","date_gmt":"2024-10-29T12:50:39","guid":{"rendered":"https:\/\/www.naturalremedy.com\/shop\/niet-gecategoriseerd\/zigbir-3\/"},"modified":"2025-12-04T07:37:55","modified_gmt":"2025-12-04T07:37:55","slug":"poultry-zigbir","status":"publish","type":"product","link":"https:\/\/www.naturalremedy.com\/nl\/monogastrics-poultry\/liver-health\/poultry-zigbir\/","title":{"rendered":"Zigbir"},"content":{"rendered":"<p>ZIGBIR is een natuurlijk leverondersteunend supplement voor pluimvee, gebaseerd op onderzoek, ontworpen om de lever- en darmgezondheid te optimaliseren en hun normale functies te herstellen. ZIGBIR is een Gestandaardiseerd Botanisch Poeder (NRSBP) dat actieve fytochemicali\u00ebn bevat zoals andrografolide, phyllanthine, flavono\u00efden en alkalo\u00efden.  <\/p>\n","protected":false},"excerpt":{"rendered":"<p>ZIGBIR is een natuurlijk leverondersteunend supplement voor pluimvee, gebaseerd op onderzoek, ontworpen om de lever- en darmgezondheid te optimaliseren en hun normale functies te herstellen. ZIGBIR is een Gestandaardiseerd Botanisch Poeder (NRSBP) dat actieve fytochemicali\u00ebn bevat zoals andrografolide, phyllanthine, flavono\u00efden en alkalo\u00efden.<\/p>\n","protected":false},"featured_media":85336,"comment_status":"open","ping_status":"closed","template":"","meta":{"_acf_changed":false},"product_brand":[],"product_cat":[80,193,87,127,81,82],"product_tag":[],"class_list":{"0":"post-85327","1":"product","2":"type-product","3":"status-publish","4":"has-post-thumbnail","6":"product_cat-international","7":"product_cat-international-poultry","8":"product_cat-liver-health-poultry-care-international","9":"product_cat-liver-health-poultry-monogastrics-domestic","10":"product_cat-monogastrics","11":"product_cat-monogastrics-poultry","13":"first","14":"instock","15":"shipping-taxable","16":"product-type-simple"},"acf":{"product_name":"Zigbir","headline":"","product_thumbnail":"","product_content":"ZIGBIR is een natuurlijk leverondersteunend supplement voor pluimvee, gebaseerd op onderzoek om de lever- en darmgezondheid te optimaliseren en hun normale functies te herstellen. ZIGBIR is een Gestandaardiseerd Botanisch Poeder (NRSBP) dat actieve fytochemicali\u00ebn bevat zoals andrografolide, phyllanthine, flavono\u00efden en alkalo\u00efden.  ","availability_in":[{"available":"1 liter"},{"available":"5 liter jerrycans"},{"available":"25 kg zak "}],"product_video_text":"","product_video":"","usp_content":"ZIGBIR is een natuurlijke oplossing om de gezondheid en functies van lever en darmen te optimaliseren, en biedt unieke kenmerken en voordelen.\n<ul>\n \t<li>Bio-secretie.<\/li>\n \t<li>Bio-bescherming.<\/li>\n \t<li>Bio-versterking.<\/li>\n<\/ul>","features_content":"","usage_content":"<ul>\n \t<li>Pluimvee: 300g-500g\/ton voer<\/li>\n \t<li>Varkens: 500g-1kg\/ton voer<\/li>\n<\/ul>","benfits":"","mixing_rate_content":"","target_species":[{"svg_icon":85333,"species_name":"Pluimveehouderij"},{"svg_icon":85335,"species_name":"Varken"}],"continent":[],"faqs":null,"certifications":null},"_links":{"self":[{"href":"https:\/\/www.naturalremedy.com\/nl\/wp-json\/wp\/v2\/product\/85327","targetHints":{"allow":["GET"]}}],"collection":[{"href":"https:\/\/www.naturalremedy.com\/nl\/wp-json\/wp\/v2\/product"}],"about":[{"href":"https:\/\/www.naturalremedy.com\/nl\/wp-json\/wp\/v2\/types\/product"}],"replies":[{"embeddable":true,"href":"https:\/\/www.naturalremedy.com\/nl\/wp-json\/wp\/v2\/comments?post=85327"}],"version-history":[{"count":1,"href":"https:\/\/www.naturalremedy.com\/nl\/wp-json\/wp\/v2\/product\/85327\/revisions"}],"predecessor-version":[{"id":85395,"href":"https:\/\/www.naturalremedy.com\/nl\/wp-json\/wp\/v2\/product\/85327\/revisions\/85395"}],"wp:featuredmedia":[{"embeddable":true,"href":"https:\/\/www.naturalremedy.com\/nl\/wp-json\/wp\/v2\/media\/85336"}],"wp:attachment":[{"href":"https:\/\/www.naturalremedy.com\/nl\/wp-json\/wp\/v2\/media?parent=85327"}],"wp:term":[{"taxonomy":"product_brand","embeddable":true,"href":"https:\/\/www.naturalremedy.com\/nl\/wp-json\/wp\/v2\/product_brand?post=85327"},{"taxonomy":"product_cat","embeddable":true,"href":"https:\/\/www.naturalremedy.com\/nl\/wp-json\/wp\/v2\/product_cat?post=85327"},{"taxonomy":"product_tag","embeddable":true,"href":"https:\/\/www.naturalremedy.com\/nl\/wp-json\/wp\/v2\/product_tag?post=85327"}],"curies":[{"name":"wp","href":"https:\/\/api.w.org\/{rel}","templated":true}]}}