{"id":85341,"date":"2025-09-24T13:28:25","date_gmt":"2025-09-24T13:28:25","guid":{"rendered":"https:\/\/www.naturalremedy.com\/shop\/niet-gecategoriseerd\/zigbir\/"},"modified":"2025-12-04T07:37:05","modified_gmt":"2025-12-04T07:37:05","slug":"swine-zigbir","status":"publish","type":"product","link":"https:\/\/www.naturalremedy.com\/nl\/monogastrics-swine\/liver-health\/swine-zigbir\/","title":{"rendered":"Zigbir"},"content":{"rendered":"","protected":false},"excerpt":{"rendered":"","protected":false},"featured_media":85336,"comment_status":"open","ping_status":"closed","template":"","meta":{"_acf_changed":false},"product_brand":[],"product_cat":[195,208],"product_tag":[],"class_list":{"0":"post-85341","1":"product","2":"type-product","3":"status-publish","4":"has-post-thumbnail","6":"product_cat-international-swine","7":"product_cat-swine-liver-health","9":"first","10":"instock","11":"shipping-taxable","12":"product-type-simple"},"acf":{"product_name":"","headline":"","product_thumbnail":"","product_content":"<h1 class=\"p-tab-title text-center-mb m-0\"><span dir=\"auto\"><span class=\"VIpgJd-yAWNEb-VIpgJd-fmcmS-sn54Q\" dir=\"auto\">Natuurlijk leversupplement Zigbir voor vogels<\/span><\/span><\/h1>\n<span dir=\"auto\">ZIGBIR is een natuurlijk leverondersteunend supplement voor pluimvee, gebaseerd op onderzoek, ontworpen om de lever- en darmgezondheid te optimaliseren en hun normale functies te herstellen. ZIGBIR is een Gestandaardiseerd Botanisch Poeder (NRSBP) dat actieve fytochemicali\u00ebn bevat zoals andrografolide, phyllanthine, flavono\u00efden en alkalo\u00efden.  <\/span>","availability_in":[{"available":"1 liter"},{"available":"5 liter jerrycans"},{"available":"25 kg zak "}],"product_video_text":"","product_video":"","usp_content":"<span dir=\"auto\">ZIGBIR is een natuurlijke oplossing om de gezondheid en functies van de lever en darmen te optimaliseren en biedt unieke eigenschappen en voordelen.<\/span>\n<ul>\n \t<li><span dir=\"auto\">Biosecretie.<\/span><\/li>\n \t<li><span dir=\"auto\">Biobescherming.<\/span><\/li>\n \t<li><span dir=\"auto\">Bioversterking.<\/span><\/li>\n<\/ul>","features_content":"","usage_content":"","benfits":"","mixing_rate_content":"","target_species":[{"svg_icon":85333,"species_name":"Pluimveehouderij"},{"svg_icon":85335,"species_name":"Varken"}],"continent":[],"faqs":null,"certifications":null},"_links":{"self":[{"href":"https:\/\/www.naturalremedy.com\/nl\/wp-json\/wp\/v2\/product\/85341","targetHints":{"allow":["GET"]}}],"collection":[{"href":"https:\/\/www.naturalremedy.com\/nl\/wp-json\/wp\/v2\/product"}],"about":[{"href":"https:\/\/www.naturalremedy.com\/nl\/wp-json\/wp\/v2\/types\/product"}],"replies":[{"embeddable":true,"href":"https:\/\/www.naturalremedy.com\/nl\/wp-json\/wp\/v2\/comments?post=85341"}],"version-history":[{"count":1,"href":"https:\/\/www.naturalremedy.com\/nl\/wp-json\/wp\/v2\/product\/85341\/revisions"}],"predecessor-version":[{"id":85392,"href":"https:\/\/www.naturalremedy.com\/nl\/wp-json\/wp\/v2\/product\/85341\/revisions\/85392"}],"wp:featuredmedia":[{"embeddable":true,"href":"https:\/\/www.naturalremedy.com\/nl\/wp-json\/wp\/v2\/media\/85336"}],"wp:attachment":[{"href":"https:\/\/www.naturalremedy.com\/nl\/wp-json\/wp\/v2\/media?parent=85341"}],"wp:term":[{"taxonomy":"product_brand","embeddable":true,"href":"https:\/\/www.naturalremedy.com\/nl\/wp-json\/wp\/v2\/product_brand?post=85341"},{"taxonomy":"product_cat","embeddable":true,"href":"https:\/\/www.naturalremedy.com\/nl\/wp-json\/wp\/v2\/product_cat?post=85341"},{"taxonomy":"product_tag","embeddable":true,"href":"https:\/\/www.naturalremedy.com\/nl\/wp-json\/wp\/v2\/product_tag?post=85341"}],"curies":[{"name":"wp","href":"https:\/\/api.w.org\/{rel}","templated":true}]}}