{"id":85344,"date":"2024-09-12T05:09:37","date_gmt":"2024-09-12T05:09:37","guid":{"rendered":"https:\/\/www.naturalremedy.com\/shop\/niet-gecategoriseerd\/kolin-plus-%e1%b5%80%e1%b4%b9\/"},"modified":"2025-12-04T07:38:47","modified_gmt":"2025-12-04T07:38:47","slug":"poultry-kolin-plus","status":"publish","type":"product","link":"https:\/\/www.naturalremedy.com\/nl\/monogastrics-poultry\/choline-chloride-replacement\/poultry-kolin-plus\/","title":{"rendered":"Kolin plus \u1d40\u1d39"},"content":{"rendered":"","protected":false},"excerpt":{"rendered":"","protected":false},"featured_media":85347,"comment_status":"open","ping_status":"closed","template":"","meta":{"_acf_changed":false},"product_brand":[],"product_cat":[203,193],"product_tag":[204],"class_list":{"0":"post-85344","1":"product","2":"type-product","3":"status-publish","4":"has-post-thumbnail","6":"product_cat-choline-chloride-replacement","7":"product_cat-international-poultry","8":"product_tag-choline-chloride-replacement","10":"first","11":"instock","12":"shipping-taxable","13":"product-type-simple"},"acf":{"product_name":"Kolin Plus ","headline":"","product_thumbnail":85346,"product_content":"<span dir=\"auto\"><span class=\"VIpgJd-yAWNEb-VIpgJd-fmcmS-sn54Q\" dir=\"auto\">KOLIN PLUS is een gestandaardiseerd botanisch poeder van Natural Remedies (NR-SBP). KOLIN PLUS is een bewezen poeder voor betere vetmobilisatie, vetstofwisseling en optimale spiergroei. KOLIN PLUS is een natuurlijke choline voor pluimvee en een milieuvriendelijker alternatief voor cholinechloride.   <\/span><\/span>\n\n<span dir=\"auto\">KOLIN PLUS is ontwikkeld om de nadelen van cholinechloride te overwinnen zonder de prestaties van pluimvee of varkens te be\u00efnvloeden. Het is een kruidenformule die bestaat uit een robuuste mix van catechinen, curcumino\u00efden, galluszuur en diverse polyfenolen, die helpen bij een effici\u00ebnte vetstofwisseling en vetmobilisatie.  <\/span>\n\n<span dir=\"auto\">KOLIN PLUS bevat ook fosfatidylcholine, dat helpt bij de ontwikkeling van de celstructuur en algemene groei.<\/span>","availability_in":[{"available":"Zakken van 25 kg"}],"product_video_text":"","product_video":"","usp_content":"KOLIN PLUS is een handig, compatibel, economisch en zorgvuldig alternatief voor cholinechloride.","features_content":"","usage_content":"","benfits":"","mixing_rate_content":"","target_species":[{"svg_icon":85333,"species_name":"Pluimveehouderij"}],"continent":["South East Asia","South Asia","East Asia","Latin American"],"faqs":null,"certifications":null},"_links":{"self":[{"href":"https:\/\/www.naturalremedy.com\/nl\/wp-json\/wp\/v2\/product\/85344","targetHints":{"allow":["GET"]}}],"collection":[{"href":"https:\/\/www.naturalremedy.com\/nl\/wp-json\/wp\/v2\/product"}],"about":[{"href":"https:\/\/www.naturalremedy.com\/nl\/wp-json\/wp\/v2\/types\/product"}],"replies":[{"embeddable":true,"href":"https:\/\/www.naturalremedy.com\/nl\/wp-json\/wp\/v2\/comments?post=85344"}],"version-history":[{"count":1,"href":"https:\/\/www.naturalremedy.com\/nl\/wp-json\/wp\/v2\/product\/85344\/revisions"}],"predecessor-version":[{"id":85397,"href":"https:\/\/www.naturalremedy.com\/nl\/wp-json\/wp\/v2\/product\/85344\/revisions\/85397"}],"wp:featuredmedia":[{"embeddable":true,"href":"https:\/\/www.naturalremedy.com\/nl\/wp-json\/wp\/v2\/media\/85347"}],"wp:attachment":[{"href":"https:\/\/www.naturalremedy.com\/nl\/wp-json\/wp\/v2\/media?parent=85344"}],"wp:term":[{"taxonomy":"product_brand","embeddable":true,"href":"https:\/\/www.naturalremedy.com\/nl\/wp-json\/wp\/v2\/product_brand?post=85344"},{"taxonomy":"product_cat","embeddable":true,"href":"https:\/\/www.naturalremedy.com\/nl\/wp-json\/wp\/v2\/product_cat?post=85344"},{"taxonomy":"product_tag","embeddable":true,"href":"https:\/\/www.naturalremedy.com\/nl\/wp-json\/wp\/v2\/product_tag?post=85344"}],"curies":[{"name":"wp","href":"https:\/\/api.w.org\/{rel}","templated":true}]}}