{"id":122684,"date":"2025-08-26T09:06:28","date_gmt":"2025-08-26T09:06:28","guid":{"rendered":"https:\/\/www.naturalremedy.com\/disclaimer\/"},"modified":"2026-03-11T07:16:00","modified_gmt":"2026-03-11T07:16:00","slug":"disclaimer","status":"publish","type":"page","link":"https:\/\/www.naturalremedy.com\/ro\/disclaimer\/","title":{"rendered":"Declinarea responsabilit\u0103\u021bii"},"content":{"rendered":"\t\t<div data-elementor-type=\"wp-page\" data-elementor-id=\"122684\" class=\"elementor elementor-122684 elementor-23042\" data-elementor-post-type=\"page\">\n\t\t\t\t<div class=\"elementor-element elementor-element-0c58aa1 e-flex e-con-boxed e-con e-parent\" data-id=\"0c58aa1\" data-element_type=\"container\" data-e-type=\"container\" data-settings=\"{&quot;background_background&quot;:&quot;classic&quot;}\">\n\t\t\t\t\t<div class=\"e-con-inner\">\n\t\t\t\t<div class=\"elementor-element elementor-element-e640fbb elementor-widget elementor-widget-heading\" data-id=\"e640fbb\" data-element_type=\"widget\" data-e-type=\"widget\" data-widget_type=\"heading.default\">\n\t\t\t\t\t<h1 class=\"elementor-heading-title elementor-size-default\">Declinarea responsabilit\u0103\u021bii<\/h1>\t\t\t\t<\/div>\n\t\t\t\t<div class=\"elementor-element elementor-element-79b0b44 elementor-widget elementor-widget-text-editor\" data-id=\"79b0b44\" data-element_type=\"widget\" data-e-type=\"widget\" data-widget_type=\"text-editor.default\">\n\t\t\t\t\t\t\t\t\t<p><strong>Informa\u021bii generale:<\/strong><\/p><p class=\"sec-desc\">Acesta este site-ul web oficial al Natural Remedies Private Limited. Toate con\u021binuturile acestui Site sunt doar pentru informare general\u0103 sau utilizare. <\/p><p><strong>Acurate\u021bea informa\u021biilor:<\/strong><\/p><p class=\"sec-desc\">Nu se fac declara\u021bii, garan\u021bii sau asigur\u0103ri de niciun fel cu privire la acurate\u021bea, adecvarea, fiabilitatea, caracterul complet, potrivirea sau aplicabilitatea informa\u021biilor \u00eentr-o anumit\u0103 situa\u021bie.<\/p><p><strong>Navigarea pe site:<\/strong><\/p><p class=\"sec-desc\">Orice material\/con\u021binut desc\u0103rcat sau ob\u021binut \u00een alt mod prin utilizarea site-ului se face pe propria dumneavoastr\u0103 r\u0103spundere \u0219i risc. De\u0219i lu\u0103m toate m\u0103surile de precau\u021bie \u0219i aten\u021bie \u00eempotriva viru\u0219ilor din Con\u021binutul prezent sau trimis prin intermediul site-ului, noi \u0219i\/sau asocia\u021bii \u0219i afilia\u021bii no\u0219tri nu garant\u0103m c\u0103 acest site, serverele sale sau orice e-mail trimis de la noi nu vor con\u021bine viru\u0219i sau componente d\u0103un\u0103toare. Dac\u0103 sistemul dumneavoastr\u0103 informatic sufer\u0103 daune \u0219i se \u00eenregistreaz\u0103 pierderi, Natural Remedies Private Limited nu va fi responsabil\u0103. Ve\u021bi fi singurul responsabil pentru orice deteriorare a sistemului dumneavoastr\u0103 informatic, pierdere de date sau orice alt prejudiciu rezultat din utilizarea unui astfel de material.   <\/p><p><strong>Drepturi de autor \u0219i m\u0103rci comerciale:<\/strong><\/p><p class=\"sec-desc\">Dac\u0103 nu se specific\u0103 altfel, drepturile de autor \u0219i toate drepturile de proprietate intelectual\u0103 asupra tuturor materialelor prezentate pe site (inclusiv, dar f\u0103r\u0103 a se limita la text, audio, video sau imagini grafice), m\u0103rcile comerciale \u0219i logo-urile care apar pe acest site sunt proprietatea Natural Remedies Private Limited, a afilia\u021bilor \u0219i asocia\u021bilor s\u0103i \u0219i sunt protejate conform legilor indiene aplicabile.<\/p><p><strong>Remedii:<\/strong><\/p><p class=\"sec-desc\">Remediile prezentate pe site se bazeaz\u0103 pe utiliz\u0103rile terapeutice ale plantelor culinare. Acestea pot fi luate pentru afec\u021biuni minore, dar nu \u00eenlocuiesc \u00een niciun fel diagnosticul unui medic. Dac\u0103 problema persist\u0103, consulta\u021bi imediat medicul. De\u0219i aceste remedii sunt \u00een general sigure pentru public \u0219i de obicei nu au efecte secundare, Natural Remedies Private Limited recomand\u0103 ca acestea s\u0103 fie practicate\/luate la discre\u021bia exclusiv\u0103 a utilizatorului.   <\/p>\t\t\t\t\t\t\t\t<\/div>\n\t\t\t\t\t<\/div>\n\t\t\t\t<\/div>\n\t\t\t\t<\/div>\n\t\t","protected":false},"excerpt":{"rendered":"<p>Declinarea responsabilit\u0103\u021bii Informa\u021bii generale: Acesta este site-ul web oficial al Natural Remedies Private Limited. Toate con\u021binuturile acestui Site sunt doar pentru informare general\u0103 sau utilizare. Acurate\u021bea informa\u021biilor: Nu se fac declara\u021bii, garan\u021bii sau asigur\u0103ri de niciun fel cu privire la acurate\u021bea, adecvarea, fiabilitatea, caracterul complet, potrivirea sau aplicabilitatea informa\u021biilor \u00eentr-o anumit\u0103 situa\u021bie. Navigarea pe site: [&hellip;]<\/p>\n","protected":false},"author":1,"featured_media":0,"parent":0,"menu_order":0,"comment_status":"closed","ping_status":"closed","template":"","meta":{"_acf_changed":false,"footnotes":""},"class_list":["post-122684","page","type-page","status-publish","hentry"],"acf":[],"_links":{"self":[{"href":"https:\/\/www.naturalremedy.com\/ro\/wp-json\/wp\/v2\/pages\/122684","targetHints":{"allow":["GET"]}}],"collection":[{"href":"https:\/\/www.naturalremedy.com\/ro\/wp-json\/wp\/v2\/pages"}],"about":[{"href":"https:\/\/www.naturalremedy.com\/ro\/wp-json\/wp\/v2\/types\/page"}],"author":[{"embeddable":true,"href":"https:\/\/www.naturalremedy.com\/ro\/wp-json\/wp\/v2\/users\/1"}],"replies":[{"embeddable":true,"href":"https:\/\/www.naturalremedy.com\/ro\/wp-json\/wp\/v2\/comments?post=122684"}],"version-history":[{"count":2,"href":"https:\/\/www.naturalremedy.com\/ro\/wp-json\/wp\/v2\/pages\/122684\/revisions"}],"predecessor-version":[{"id":126146,"href":"https:\/\/www.naturalremedy.com\/ro\/wp-json\/wp\/v2\/pages\/122684\/revisions\/126146"}],"wp:attachment":[{"href":"https:\/\/www.naturalremedy.com\/ro\/wp-json\/wp\/v2\/media?parent=122684"}],"curies":[{"name":"wp","href":"https:\/\/api.w.org\/{rel}","templated":true}]}}