{"id":122725,"date":"2021-06-19T11:52:03","date_gmt":"2021-06-19T11:52:03","guid":{"rendered":"https:\/\/www.naturalremedy.com\/product\/poultry-phytocee\/"},"modified":"2021-06-19T11:52:03","modified_gmt":"2021-06-19T11:52:03","slug":"poultry-phytocee","status":"publish","type":"product","link":"https:\/\/www.naturalremedy.com\/ro\/product\/poultry-phytocee\/","title":{"rendered":"Phytocee \u00ae"},"content":{"rendered":"","protected":false},"excerpt":{"rendered":"","protected":false},"featured_media":122729,"comment_status":"open","ping_status":"closed","template":"","meta":{"_acf_changed":false},"product_brand":[],"product_cat":[120,112,113],"product_tag":[],"class_list":{"0":"post-122725","1":"product","2":"type-product","3":"status-publish","4":"has-post-thumbnail","6":"product_cat-adaptogenic-general-immunity","7":"product_cat-india-monogastrics","8":"product_cat-poultry-care","10":"first","11":"instock","12":"shipping-taxable","13":"product-type-simple"},"acf":{"product_name":"Phytocee","headline":"","product_thumbnail":122728,"product_content":"PHYTOCEE este o pulbere botanic\u0103 standardizat\u0103 (NRSBP) pentru controlul efectelor d\u0103un\u0103toare ale stresului cauzat de factori de stres multipli. PHYTOCEE este o formul\u0103 polierbal\u0103 care con\u021bine fitocompu\u0219i activi precum polifenoli, withanolide \u0219i triterpenoide. \n\nPHYTOCEE ac\u021bioneaz\u0103 ca un poten\u021biator natural al ap\u0103r\u0103rii, cre\u0219te rezisten\u021ba, optimizeaz\u0103 CMI \u0219i ajut\u0103 la reducerea efectelor nocive ale stresului.","availability_in":[{"available":"  saci de 25 kg"}],"product_video_text":"","product_video":"","usp_content":"PHYTOCEE este o solu\u021bie natural\u0103 pentru controlul stresului, cu caracteristici \u0219i beneficii unice:\n<ul>\n \t<li>Adaptogen.<\/li>\n \t<li>Imunomodulator.<\/li>\n \t<li>Antistres.<\/li>\n<\/ul>","features_content":"","usage_content":"","benfits":"","mixing_rate_content":"","target_species":[{"svg_icon":28679,"species_name":"P\u0103s\u0103ri"},{"svg_icon":28681,"species_name":"Porcine"}],"continent":["South East Asia","South Asia","East Asia","Middle East","Europe","Latin American","African"],"faqs":null,"certifications":[{"certificate_image":92976},{"certificate_image":92969},{"certificate_image":92968}]},"_links":{"self":[{"href":"https:\/\/www.naturalremedy.com\/ro\/wp-json\/wp\/v2\/product\/122725","targetHints":{"allow":["GET"]}}],"collection":[{"href":"https:\/\/www.naturalremedy.com\/ro\/wp-json\/wp\/v2\/product"}],"about":[{"href":"https:\/\/www.naturalremedy.com\/ro\/wp-json\/wp\/v2\/types\/product"}],"replies":[{"embeddable":true,"href":"https:\/\/www.naturalremedy.com\/ro\/wp-json\/wp\/v2\/comments?post=122725"}],"version-history":[{"count":0,"href":"https:\/\/www.naturalremedy.com\/ro\/wp-json\/wp\/v2\/product\/122725\/revisions"}],"wp:featuredmedia":[{"embeddable":true,"href":"https:\/\/www.naturalremedy.com\/ro\/wp-json\/wp\/v2\/media\/122729"}],"wp:attachment":[{"href":"https:\/\/www.naturalremedy.com\/ro\/wp-json\/wp\/v2\/media?parent=122725"}],"wp:term":[{"taxonomy":"product_brand","embeddable":true,"href":"https:\/\/www.naturalremedy.com\/ro\/wp-json\/wp\/v2\/product_brand?post=122725"},{"taxonomy":"product_cat","embeddable":true,"href":"https:\/\/www.naturalremedy.com\/ro\/wp-json\/wp\/v2\/product_cat?post=122725"},{"taxonomy":"product_tag","embeddable":true,"href":"https:\/\/www.naturalremedy.com\/ro\/wp-json\/wp\/v2\/product_tag?post=122725"}],"curies":[{"name":"wp","href":"https:\/\/api.w.org\/{rel}","templated":true}]}}