{"id":122731,"date":"2021-06-09T17:00:10","date_gmt":"2021-06-09T17:00:10","guid":{"rendered":"https:\/\/www.naturalremedy.com\/product\/swine-stodi\/"},"modified":"2021-06-09T17:00:10","modified_gmt":"2021-06-09T17:00:10","slug":"swine-stodi","status":"publish","type":"product","link":"https:\/\/www.naturalremedy.com\/ro\/product\/swine-stodi\/","title":{"rendered":"Stodi \u00ae"},"content":{"rendered":"","protected":false},"excerpt":{"rendered":"","protected":false},"featured_media":122733,"comment_status":"open","ping_status":"closed","template":"","meta":{"_acf_changed":false},"product_brand":[],"product_cat":[94,80,81,91],"product_tag":[],"class_list":{"0":"post-122731","1":"product","2":"type-product","3":"status-publish","4":"has-post-thumbnail","6":"product_cat-diarrhoea-management-and-gut-health-swine-care-international","7":"product_cat-international","8":"product_cat-monogastrics","9":"product_cat-monogastrics-swine","11":"first","12":"instock","13":"shipping-taxable","14":"product-type-simple"},"acf":{"product_name":"Stodi","headline":"O solu\u021bie natural\u0103 pentru prevenirea diareei","product_thumbnail":122732,"product_content":"O pudr\u0103 botanic\u0103 standardizat\u0103 (NRSBP) pentru prevenirea diareei post-\u00een\u021b\u0103rcare la purcei, care ajut\u0103 la \u00eembun\u0103t\u0103\u021birea integrit\u0103\u021bii intestinale \u0219i protejeaz\u0103 s\u0103n\u0103tatea intestinal\u0103.\n\nSTODI s-a dovedit a favoriza microbiomul intestinal benefic \u0219i reduce dependen\u021ba de antibiotice atunci c\u00e2nd este utilizat pentru controlul diareei post-\u00een\u021b\u0103rcare \u0219i a dizenteriei porcine la porcii adul\u021bi.\n\nDe asemenea, s-a observat c\u0103 \u00eembun\u0103t\u0103\u021be\u0219te parametrii de cre\u0219tere \u00een greutate \u0219i consisten\u021ba fecal\u0103 la purcei comparativ cu oxidul de zinc \u00een doze similare.\n\n<strong>Compozi\u021bie: <\/strong>\nCombina\u021bie sinergic\u0103 de fitochimicale precum Andrografolid, Punicalagine \u0219i alte Elagitanine & Polifenoli din plante selectate.","availability_in":[{"available":"Saci de 25 kg"},{"available":"Saci de 500 kg"}],"product_video_text":"","product_video":"","usp_content":"<ul>\n \t<li>Previne diareea.<\/li>\n \t<li>Protejeaz\u0103 integritatea intestinal\u0103 \u0219i microbiomul.<\/li>\n \t<li>Sigur pentru mediu.<\/li>\n \t<li>Asigur\u0103 cre\u0219terea.<\/li>\n \t<li>Sigur pentru lan\u021bul alimentar.<\/li>\n \t<li>\u00cembun\u0103t\u0103\u021be\u0219te imunitatea intestinal\u0103 \u0219i microbiomul.<\/li>\n<\/ul>","features_content":"","usage_content":"<ul>\n \t<li>Pre-starter: P\u00e2n\u0103 la 4 kg per ton\u0103 de nutre\u021b \u00een cazuri severe de diaree post-\u00een\u021b\u0103rcare pentru minimum 2 s\u0103pt\u0103m\u00e2ni.<\/li>\n \t<li>Starter: 2-4 kg per ton\u0103 de nutre\u021b p\u00e2n\u0103 c\u00e2nd diareea se reduce.<\/li>\n \t<li>Dizenterie porcin\u0103: 4 kg per ton\u0103 de nutre\u021b pentru minimum 2 s\u0103pt\u0103m\u00e2ni.<\/li>\n<\/ul>","benfits":"","mixing_rate_content":"","target_species":[{"svg_icon":28681,"species_name":"Porcine"}],"continent":["South East Asia","East Asia","Middle East","Europe","Latin American","South American"],"faqs":null,"certifications":[{"certificate_image":92976},{"certificate_image":92969},{"certificate_image":92968}]},"_links":{"self":[{"href":"https:\/\/www.naturalremedy.com\/ro\/wp-json\/wp\/v2\/product\/122731","targetHints":{"allow":["GET"]}}],"collection":[{"href":"https:\/\/www.naturalremedy.com\/ro\/wp-json\/wp\/v2\/product"}],"about":[{"href":"https:\/\/www.naturalremedy.com\/ro\/wp-json\/wp\/v2\/types\/product"}],"replies":[{"embeddable":true,"href":"https:\/\/www.naturalremedy.com\/ro\/wp-json\/wp\/v2\/comments?post=122731"}],"version-history":[{"count":0,"href":"https:\/\/www.naturalremedy.com\/ro\/wp-json\/wp\/v2\/product\/122731\/revisions"}],"wp:featuredmedia":[{"embeddable":true,"href":"https:\/\/www.naturalremedy.com\/ro\/wp-json\/wp\/v2\/media\/122733"}],"wp:attachment":[{"href":"https:\/\/www.naturalremedy.com\/ro\/wp-json\/wp\/v2\/media?parent=122731"}],"wp:term":[{"taxonomy":"product_brand","embeddable":true,"href":"https:\/\/www.naturalremedy.com\/ro\/wp-json\/wp\/v2\/product_brand?post=122731"},{"taxonomy":"product_cat","embeddable":true,"href":"https:\/\/www.naturalremedy.com\/ro\/wp-json\/wp\/v2\/product_cat?post=122731"},{"taxonomy":"product_tag","embeddable":true,"href":"https:\/\/www.naturalremedy.com\/ro\/wp-json\/wp\/v2\/product_tag?post=122731"}],"curies":[{"name":"wp","href":"https:\/\/api.w.org\/{rel}","templated":true}]}}