{"id":122743,"date":"2021-06-09T16:58:26","date_gmt":"2021-06-09T16:58:26","guid":{"rendered":"https:\/\/www.naturalremedy.com\/product\/swine-phytocee\/"},"modified":"2021-06-09T16:58:26","modified_gmt":"2021-06-09T16:58:26","slug":"swine-phytocee","status":"publish","type":"product","link":"https:\/\/www.naturalremedy.com\/ro\/product\/swine-phytocee\/","title":{"rendered":"Phytocee \u00ae"},"content":{"rendered":"","protected":false},"excerpt":{"rendered":"","protected":false},"featured_media":122726,"comment_status":"open","ping_status":"closed","template":"","meta":{"_acf_changed":false},"product_brand":[],"product_cat":[93,80,81,91],"product_tag":[],"class_list":{"0":"post-122743","1":"product","2":"type-product","3":"status-publish","4":"has-post-thumbnail","6":"product_cat-adaptogenicanti-stress-immunomodulatory-swine-care-international","7":"product_cat-international","8":"product_cat-monogastrics","9":"product_cat-monogastrics-swine","11":"first","12":"instock","13":"shipping-taxable","14":"product-type-simple"},"acf":{"product_name":"Phytocee","headline":"Solu\u021bie natural\u0103 anti-stres \u0219i imunomodulatoare","product_thumbnail":122727,"product_content":"O solu\u021bie natural\u0103, bazat\u0103 pe cercetare, care controleaz\u0103 stresul cauzat de factori multipli. \u00cembun\u0103t\u0103\u021be\u0219te rezisten\u021ba \u0219i optimizeaz\u0103 imunitatea celular\u0103 \u0219i umoral\u0103. \n\nPhytocee este o combina\u021bie eficient\u0103 de NR-Fitochimicale Polifenoli, Withanolide \u0219i Triterpenoide pentru a oferi o ap\u0103rare fiabil\u0103 suinelor \u00eempotriva diverselor provoc\u0103ri.\n\nEfectele Phytocee \u00een diferite stadii ale porcilor sunt:\n\n<strong>Purcei<\/strong>\n<ul>\n \t<li>Reduce stresul \u00een perioada post-\u00een\u021b\u0103rcare.<\/li>\n \t<li>\u00cembun\u0103t\u0103\u021be\u0219te sporul mediu zilnic la purceii \u00een\u021b\u0103rca\u021bi.<\/li>\n \t<li>Reduce inciden\u021ba mu\u0219c\u0103turilor de coad\u0103 \u0219i a altor r\u0103spunsuri la stres psihologic.<\/li>\n<\/ul>\n<strong>Porci la \u00eengr\u0103\u0219at<\/strong>\n<ul>\n \t<li>Optimizeaz\u0103 sporul \u00een greutate corporal\u0103.<\/li>\n \t<li>Reduce costurile cu medicamentele.<\/li>\n \t<li>Mortalitate mai sc\u0103zut\u0103.<\/li>\n \t<li>\u00cembun\u0103t\u0103\u021birea calit\u0103\u021bii c\u0103rnii.<\/li>\n<\/ul>\n<strong>Scroafe<\/strong>\n<ul>\n \t<li>\u00cembun\u0103t\u0103\u021be\u0219te paritatea.<\/li>\n \t<li>Reduce mortalitatea \u00een r\u00e2ndul purceilor.<\/li>\n \t<li>\u00cembun\u0103t\u0103\u021be\u0219te produc\u021bia de lapte \u0219i nivelurile de imunoglobuline din colostru.<\/li>\n \t<li>Reduce g\u00e2f\u00e2itul, un semn de stres.<\/li>\n \t<li>Reduce nivelurile de cortizol \u00een timpul stresului social evident la gruparea \u0219i regruparea animalelor.<\/li>\n<\/ul>","availability_in":[{"available":"Pungi de 25 kg"}],"product_video_text":"","product_video":"","usp_content":"<ul>\n \t<li><strong>Adaptogen<\/strong>\n\u00cembun\u0103t\u0103\u021be\u0219te rezisten\u021ba \u0219i men\u021bine func\u021biile fiziologice normale.<\/li>\n \t<li><strong>Imunitate celular\u0103<\/strong>\nOptimizeaz\u0103 imunitatea mediat\u0103 celular \u0219i previne vulnerabilitatea la boli.<\/li>\n \t<li><strong>Anti-stres<\/strong>\nReduce nivelul seric de corticosteron \u0219i previne deteriorarea oxidativ\u0103.<\/li>\n \t<li><strong>Promoveaz\u0103 bun\u0103starea suinelor<\/strong>\nReduce inciden\u021ba mu\u0219c\u0103turilor de coad\u0103 \u0219i a g\u00e2f\u00e2itului \u00een condi\u021bii de stres.<\/li>\n<\/ul>","features_content":"","usage_content":"<ul>\n \t<li>Purcei: Phytocee trebuie amestecat cu furajul de \u00een\u021b\u0103rcare pentru purceii \u00een\u021b\u0103rca\u021bi, \u00een propor\u021bie de 2 kg-3 kg per ton\u0103 de furaj.<\/li>\n \t<li>Durata: Phytocee trebuie amestecat \u00een ultimele 4 s\u0103pt\u0103m\u00e2ni, chiar \u00eenainte de sacrificare sau comercializare, pentru a \u00eembun\u0103t\u0103\u021bi greutatea carcasei \u0219i \u00een alte condi\u021bii de stres, \u00een special stresul termic, c\u00e2nd temperaturile dep\u0103\u0219esc 34\u00b0C.<\/li>\n \t<li>Purcei pre-\u00een\u021b\u0103rca\u021bi: 1 kg-2 kg per ton\u0103 de furaj.<\/li>\n \t<li>Scroafe gestante: 750 g-1 kg per ton\u0103 de furaj \u00een ultimul trimestru.<\/li>\n \t<li>Scroafe \u00een lacta\u021bie: 500 g-750 g per ton\u0103 de furaj imediat dup\u0103 f\u0103tare.<\/li>\n \t<li>Porci la \u00eengr\u0103\u0219at: 750 g-1 kg per ton\u0103 de furaj \u00een ultima faz\u0103 de \u00eengr\u0103\u0219are, timp de o lun\u0103.<\/li>\n<\/ul>","benfits":"","mixing_rate_content":"","target_species":[{"svg_icon":28681,"species_name":"Porcine"}],"continent":["South East Asia","South Asia","East Asia","Middle East","Europe","Latin American","African"],"faqs":null,"certifications":[{"certificate_image":92976},{"certificate_image":92969},{"certificate_image":92968}]},"_links":{"self":[{"href":"https:\/\/www.naturalremedy.com\/ro\/wp-json\/wp\/v2\/product\/122743","targetHints":{"allow":["GET"]}}],"collection":[{"href":"https:\/\/www.naturalremedy.com\/ro\/wp-json\/wp\/v2\/product"}],"about":[{"href":"https:\/\/www.naturalremedy.com\/ro\/wp-json\/wp\/v2\/types\/product"}],"replies":[{"embeddable":true,"href":"https:\/\/www.naturalremedy.com\/ro\/wp-json\/wp\/v2\/comments?post=122743"}],"version-history":[{"count":0,"href":"https:\/\/www.naturalremedy.com\/ro\/wp-json\/wp\/v2\/product\/122743\/revisions"}],"wp:featuredmedia":[{"embeddable":true,"href":"https:\/\/www.naturalremedy.com\/ro\/wp-json\/wp\/v2\/media\/122726"}],"wp:attachment":[{"href":"https:\/\/www.naturalremedy.com\/ro\/wp-json\/wp\/v2\/media?parent=122743"}],"wp:term":[{"taxonomy":"product_brand","embeddable":true,"href":"https:\/\/www.naturalremedy.com\/ro\/wp-json\/wp\/v2\/product_brand?post=122743"},{"taxonomy":"product_cat","embeddable":true,"href":"https:\/\/www.naturalremedy.com\/ro\/wp-json\/wp\/v2\/product_cat?post=122743"},{"taxonomy":"product_tag","embeddable":true,"href":"https:\/\/www.naturalremedy.com\/ro\/wp-json\/wp\/v2\/product_tag?post=122743"}],"curies":[{"name":"wp","href":"https:\/\/api.w.org\/{rel}","templated":true}]}}