{"id":122744,"date":"2024-10-29T12:50:39","date_gmt":"2024-10-29T12:50:39","guid":{"rendered":"https:\/\/www.naturalremedy.com\/product\/zigbir-3\/"},"modified":"2024-10-29T12:50:39","modified_gmt":"2024-10-29T12:50:39","slug":"zigbir-3","status":"publish","type":"product","link":"https:\/\/www.naturalremedy.com\/ro\/product\/zigbir-3\/","title":{"rendered":"Zigbir"},"content":{"rendered":"","protected":false},"excerpt":{"rendered":"","protected":false},"featured_media":0,"comment_status":"open","ping_status":"closed","template":"","meta":{"_acf_changed":false},"product_brand":[],"product_cat":[80,87,81,82],"product_tag":[],"class_list":{"0":"post-122744","1":"product","2":"type-product","3":"status-publish","5":"product_cat-international","6":"product_cat-liver-health-poultry-care-international","7":"product_cat-monogastrics","8":"product_cat-monogastrics-poultry","10":"first","11":"instock","12":"shipping-taxable","13":"product-type-simple"},"acf":{"product_name":"Zigbir","headline":"","product_thumbnail":"","product_content":"ZIGBIR este un supliment hepatic natural, bazat pe cercetare, pentru p\u0103s\u0103ri de curte, pentru a optimiza s\u0103n\u0103tatea ficatului \u0219i a intestinului \u0219i a le restabili func\u021biile normale. ZIGBIR este o Pulbere Botanic\u0103 Standardizat\u0103 (NRSBP) care con\u021bine fitochimicale active precum andrografolide, phyllanthin, flavonoide \u0219i alcaloizi. ","availability_in":[{"available":"1 l"},{"available":"Borcane de 5 l"},{"available":"Sac de 25 kg "}],"product_video_text":"","product_video":"","usp_content":"ZIGBIR este o solu\u021bie natural\u0103 pentru optimizarea s\u0103n\u0103t\u0103\u021bii \u0219i func\u021biilor ficatului \u0219i intestinului \u0219i ofer\u0103 caracteristici \u0219i beneficii unice.\n<ul>\n \t<li>Bio-secre\u021bie.<\/li>\n \t<li>Bio-protec\u021bie.<\/li>\n \t<li>Bio-\u00eent\u0103rire.<\/li>\n<\/ul>","features_content":"","usage_content":"<ul>\n \t<li>P\u0103s\u0103ri de curte: 300g-500g\/ton\u0103 de furaj<\/li>\n \t<li>Suine: 500g-1kg\/ton\u0103 de furaj<\/li>\n<\/ul>","benfits":"","mixing_rate_content":"","target_species":[{"svg_icon":28679,"species_name":"P\u0103s\u0103ri"},{"svg_icon":28681,"species_name":"Porcine"}],"continent":[],"faqs":null,"certifications":null},"_links":{"self":[{"href":"https:\/\/www.naturalremedy.com\/ro\/wp-json\/wp\/v2\/product\/122744","targetHints":{"allow":["GET"]}}],"collection":[{"href":"https:\/\/www.naturalremedy.com\/ro\/wp-json\/wp\/v2\/product"}],"about":[{"href":"https:\/\/www.naturalremedy.com\/ro\/wp-json\/wp\/v2\/types\/product"}],"replies":[{"embeddable":true,"href":"https:\/\/www.naturalremedy.com\/ro\/wp-json\/wp\/v2\/comments?post=122744"}],"version-history":[{"count":0,"href":"https:\/\/www.naturalremedy.com\/ro\/wp-json\/wp\/v2\/product\/122744\/revisions"}],"wp:attachment":[{"href":"https:\/\/www.naturalremedy.com\/ro\/wp-json\/wp\/v2\/media?parent=122744"}],"wp:term":[{"taxonomy":"product_brand","embeddable":true,"href":"https:\/\/www.naturalremedy.com\/ro\/wp-json\/wp\/v2\/product_brand?post=122744"},{"taxonomy":"product_cat","embeddable":true,"href":"https:\/\/www.naturalremedy.com\/ro\/wp-json\/wp\/v2\/product_cat?post=122744"},{"taxonomy":"product_tag","embeddable":true,"href":"https:\/\/www.naturalremedy.com\/ro\/wp-json\/wp\/v2\/product_tag?post=122744"}],"curies":[{"name":"wp","href":"https:\/\/api.w.org\/{rel}","templated":true}]}}