{"id":122746,"date":"2021-06-09T16:56:46","date_gmt":"2021-06-09T16:56:46","guid":{"rendered":"https:\/\/www.naturalremedy.com\/product\/zigbir\/"},"modified":"2021-06-09T16:56:46","modified_gmt":"2021-06-09T16:56:46","slug":"zigbir","status":"publish","type":"product","link":"https:\/\/www.naturalremedy.com\/ro\/product\/zigbir\/","title":{"rendered":"Zigbir \u00ae"},"content":{"rendered":"","protected":false},"excerpt":{"rendered":"","protected":false},"featured_media":122750,"comment_status":"open","ping_status":"closed","template":"","meta":{"_acf_changed":false},"product_brand":[],"product_cat":[116,112,113],"product_tag":[],"class_list":{"0":"post-122746","1":"product","2":"type-product","3":"status-publish","4":"has-post-thumbnail","6":"product_cat-liver-health","7":"product_cat-india-monogastrics","8":"product_cat-poultry-care","10":"first","11":"instock","12":"shipping-taxable","13":"product-type-simple"},"acf":{"product_name":"Zigbir  ","headline":"Stimulator natural suprem pentru s\u0103n\u0103tatea ficatului","product_thumbnail":122749,"product_content":"ZIGBIR este o solu\u021bie natural\u0103 bazat\u0103 pe cercetare pentru optimizarea s\u0103n\u0103t\u0103\u021bii ficatului \u0219i a intestinului \u0219i pentru restabilirea func\u021biilor normale ale acestora. ZIGBIR este o pulbere botanic\u0103 standardizat\u0103 care con\u021bine fitochimicale active precum andrografolida, filantina, flavonoidele \u0219i alcaloizii. ZIGBIR ajut\u0103 la restabilirea s\u0103n\u0103t\u0103\u021bii \u0219i func\u021bion\u0103rii normale a ficatului \u0219i a intestinului, protej\u00e2ndu-le totodat\u0103 de efectele nocive ale toxinelor \u0219i radicalilor liberi. ZIGBIR este stabil la c\u0103ldur\u0103 \u0219i poate fi ad\u0103ugat direct \u00een furaje.   ","availability_in":[{"available":"25 kg"}],"product_video_text":"","product_video":"","usp_content":"<strong>  Bio-secre\u021bie  <\/strong>\n<ul>\n \t<li style=\"list-style-type: none;\">\n<ul>\n \t<li>Restabile\u0219te secre\u021bia biliar\u0103 normal\u0103 \u0219i secre\u021bia enzimatic\u0103 din intestin.<\/li>\n<\/ul>\n<\/li>\n<\/ul>\n<strong>  Bio-protec\u021bie  <\/strong>\n<ul>\n \t<li style=\"list-style-type: none;\">\n<ul>\n \t<li>Protejeaz\u0103 ficatul \u0219i intestinul de radicalii liberi \u0219i de toxine.<\/li>\n<\/ul>\n<\/li>\n<\/ul>\n<strong>  Bio-fortificare  <\/strong>\n<ul>\n \t<li style=\"list-style-type: none;\">\n<ul>\n \t<li>Restabile\u0219te s\u0103n\u0103tatea ficatului \u0219i a intestinului \u0219i optimizeaz\u0103 productivitatea.<\/li>\n<\/ul>\n<\/li>\n<\/ul>\n<strong>  Stabil la c\u0103ldur\u0103  <\/strong>\n<ul>\n \t<li>Stabil \u00een condi\u021bii de peletizare.<\/li>\n<\/ul>","features_content":"","usage_content":"250 g per ton\u0103 de furaj.","benfits":"","mixing_rate_content":"","target_species":[{"svg_icon":28679,"species_name":"Broileri"},{"svg_icon":28679,"species_name":"G\u0103ini ou\u0103toare"},{"svg_icon":28679,"species_name":"Reproduc\u0103tori"}],"continent":["South Asia"],"faqs":null,"certifications":null},"_links":{"self":[{"href":"https:\/\/www.naturalremedy.com\/ro\/wp-json\/wp\/v2\/product\/122746","targetHints":{"allow":["GET"]}}],"collection":[{"href":"https:\/\/www.naturalremedy.com\/ro\/wp-json\/wp\/v2\/product"}],"about":[{"href":"https:\/\/www.naturalremedy.com\/ro\/wp-json\/wp\/v2\/types\/product"}],"replies":[{"embeddable":true,"href":"https:\/\/www.naturalremedy.com\/ro\/wp-json\/wp\/v2\/comments?post=122746"}],"version-history":[{"count":0,"href":"https:\/\/www.naturalremedy.com\/ro\/wp-json\/wp\/v2\/product\/122746\/revisions"}],"wp:featuredmedia":[{"embeddable":true,"href":"https:\/\/www.naturalremedy.com\/ro\/wp-json\/wp\/v2\/media\/122750"}],"wp:attachment":[{"href":"https:\/\/www.naturalremedy.com\/ro\/wp-json\/wp\/v2\/media?parent=122746"}],"wp:term":[{"taxonomy":"product_brand","embeddable":true,"href":"https:\/\/www.naturalremedy.com\/ro\/wp-json\/wp\/v2\/product_brand?post=122746"},{"taxonomy":"product_cat","embeddable":true,"href":"https:\/\/www.naturalremedy.com\/ro\/wp-json\/wp\/v2\/product_cat?post=122746"},{"taxonomy":"product_tag","embeddable":true,"href":"https:\/\/www.naturalremedy.com\/ro\/wp-json\/wp\/v2\/product_tag?post=122746"}],"curies":[{"name":"wp","href":"https:\/\/api.w.org\/{rel}","templated":true}]}}