{"id":123122,"date":"2023-02-15T06:14:07","date_gmt":"2023-02-15T06:14:07","guid":{"rendered":"https:\/\/www.naturalremedy.com\/product\/stodi-2\/"},"modified":"2023-02-15T06:14:07","modified_gmt":"2023-02-15T06:14:07","slug":"stodi-2","status":"publish","type":"product","link":"https:\/\/www.naturalremedy.com\/ro\/product\/stodi-2\/","title":{"rendered":"Stodi \u00ae"},"content":{"rendered":"<p>STODI este o pulbere botanic\u0103 standardizat\u0103 pentru reducerea dejec\u021biilor umede \u0219i \u00eembun\u0103t\u0103\u021birea integrit\u0103\u021bii intestinale. STODI sus\u021bine, de asemenea, cre\u0219terea \u0219i are un impact pozitiv asupra mediului prin reducerea produc\u021biei de amoniac \u0219i a popula\u021biei de mu\u0219te, prin ac\u021biunea sa unic\u0103 de reducere a a\u0219ternutului umed. Stodi este o combina\u021bie sinergic\u0103 de fitoconstituen\u021bi precum andrographolida, punicalaginele \u0219i al\u021bi elagitanini &amp; polifenoli din plante selectate. Stodi s-a dovedit, de asemenea, c\u0103 \u00eembun\u0103t\u0103\u021be\u0219te microbiota intestinal\u0103 prin studii de metagenomic\u0103 \u0219i s\u0103 \u00eembun\u0103t\u0103\u021beasc\u0103 imunitatea intestinal\u0103 prin studii privind suprafa\u021ba GALT.   <\/p>\n","protected":false},"excerpt":{"rendered":"<p>STODI este o pulbere botanic\u0103 standardizat\u0103 pentru reducerea dejec\u021biilor umede \u0219i \u00eembun\u0103t\u0103\u021birea integrit\u0103\u021bii intestinale. STODI sus\u021bine, de asemenea, cre\u0219terea \u0219i are un impact pozitiv asupra mediului prin reducerea produc\u021biei de amoniac \u0219i a popula\u021biei de mu\u0219te, prin ac\u021biunea sa unic\u0103 de reducere a a\u0219ternutului umed. Stodi este o combina\u021bie sinergic\u0103 de fitoconstituen\u021bi precum andrographolida, punicalaginele [&hellip;]<\/p>\n","protected":false},"featured_media":0,"comment_status":"open","ping_status":"closed","template":"","meta":{"_acf_changed":false},"product_brand":[],"product_cat":[80,81,82],"product_tag":[],"class_list":{"0":"post-123122","1":"product","2":"type-product","3":"status-publish","5":"product_cat-international","6":"product_cat-monogastrics","7":"product_cat-monogastrics-poultry","9":"first","10":"instock","11":"shipping-taxable","12":"product-type-simple"},"acf":{"product_name":"Stodi ","headline":"Control sigur al diareei ","product_thumbnail":1068,"product_content":"STODI este o pulbere botanic\u0103 standardizat\u0103 care reduce dejec\u021biile umede \u0219i \u00eembun\u0103t\u0103\u021be\u0219te integritatea intestinal\u0103. STODI sus\u021bine, de asemenea, cre\u0219terea \u0219i are un impact pozitiv asupra mediului. STODI reduce produc\u021bia de amoniac \u0219i popula\u021bia de mu\u0219te prin ac\u021biunea sa unic\u0103 de reducere a a\u0219ternutului umed. \n\nSTODI are o combina\u021bie sinergic\u0103 de fitoconstituen\u021bi precum andrographolida, punicalaginele \u0219i al\u021bi elagitanini \u0219i polifenoli din plante selectate. STODI s-a dovedit, de asemenea, c\u0103 \u00eembun\u0103t\u0103\u021be\u0219te microbiota intestinal\u0103 prin studii de metagenomic\u0103 \u0219i c\u0103 \u00eembun\u0103t\u0103\u021be\u0219te imunitatea intestinal\u0103 prin studii privind suprafa\u021ba GALT. \n\nValidat \u0219tiin\u021bific cu tehnologii OMICS.","availability_in":[{"available":"25 kg"}],"product_video_text":"","product_video":"","usp_content":"<ul>\n \t<li>\u00cembun\u0103t\u0103\u021be\u0219te integritatea intestinal\u0103.<\/li>\n \t<li>Normalizeaz\u0103 peristaltismul intestinal.<\/li>\n \t<li>Efecte antiinflamatoare asupra lumenului intestinal.<\/li>\n \t<li>Cre\u0219te imunitatea intestinal\u0103.<\/li>\n \t<li>Controleaz\u0103 hipersecre\u021bia.<\/li>\n<\/ul>","features_content":"","usage_content":"<ul>\n \t<li>Pentru preven\u021bie: 1 kg per ton\u0103 de furaj.<\/li>\n<\/ul>","benfits":"","mixing_rate_content":"","target_species":[{"svg_icon":28679,"species_name":"Broileri"},{"svg_icon":28679,"species_name":"G\u0103ini ou\u0103toare"},{"svg_icon":28679,"species_name":"Reproduc\u0103tori "}],"continent":["South Asia"],"faqs":null,"certifications":[{"certificate_image":92884},{"certificate_image":92969},{"certificate_image":92976}]},"_links":{"self":[{"href":"https:\/\/www.naturalremedy.com\/ro\/wp-json\/wp\/v2\/product\/123122","targetHints":{"allow":["GET"]}}],"collection":[{"href":"https:\/\/www.naturalremedy.com\/ro\/wp-json\/wp\/v2\/product"}],"about":[{"href":"https:\/\/www.naturalremedy.com\/ro\/wp-json\/wp\/v2\/types\/product"}],"replies":[{"embeddable":true,"href":"https:\/\/www.naturalremedy.com\/ro\/wp-json\/wp\/v2\/comments?post=123122"}],"version-history":[{"count":0,"href":"https:\/\/www.naturalremedy.com\/ro\/wp-json\/wp\/v2\/product\/123122\/revisions"}],"wp:attachment":[{"href":"https:\/\/www.naturalremedy.com\/ro\/wp-json\/wp\/v2\/media?parent=123122"}],"wp:term":[{"taxonomy":"product_brand","embeddable":true,"href":"https:\/\/www.naturalremedy.com\/ro\/wp-json\/wp\/v2\/product_brand?post=123122"},{"taxonomy":"product_cat","embeddable":true,"href":"https:\/\/www.naturalremedy.com\/ro\/wp-json\/wp\/v2\/product_cat?post=123122"},{"taxonomy":"product_tag","embeddable":true,"href":"https:\/\/www.naturalremedy.com\/ro\/wp-json\/wp\/v2\/product_tag?post=123122"}],"curies":[{"name":"wp","href":"https:\/\/api.w.org\/{rel}","templated":true}]}}