{"id":123124,"date":"2023-10-25T06:23:49","date_gmt":"2023-10-25T06:23:49","guid":{"rendered":"https:\/\/www.naturalremedy.com\/product\/poultry-kolin-plus\/"},"modified":"2026-03-10T04:53:06","modified_gmt":"2026-03-10T04:53:06","slug":"poultry-kolin-plus","status":"publish","type":"product","link":"https:\/\/www.naturalremedy.com\/ro\/product\/poultry-kolin-plus\/","title":{"rendered":"Kolin Plus \u1d40\u1d39"},"content":{"rendered":"","protected":false},"excerpt":{"rendered":"","protected":false},"featured_media":123125,"comment_status":"open","ping_status":"closed","template":"","meta":{"_acf_changed":false},"product_brand":[],"product_cat":[118,81,112,82,113],"product_tag":[],"class_list":{"0":"post-123124","1":"product","2":"type-product","3":"status-publish","4":"has-post-thumbnail","6":"product_cat-choline-replacer","7":"product_cat-monogastrics","8":"product_cat-india-monogastrics","9":"product_cat-monogastrics-poultry","10":"product_cat-poultry-care","12":"first","13":"instock","14":"shipping-taxable","15":"product-type-simple"},"acf":{"product_name":"","headline":"Kolin Plus \u1d40\u1d39: Alternativ\u0103 mai ecologic\u0103 la clorura de colin\u0103","product_thumbnail":"","product_content":"KOLIN PLUS este o pudr\u0103 botanic\u0103 standardizat\u0103 de la Natural Remedies (NR-SBP). KOLIN PLUS este dovedit pentru o mobilizare mai bun\u0103 a gr\u0103similor, metabolism al gr\u0103similor \u0219i cre\u0219tere muscular\u0103 optim\u0103. KOLIN PLUS este o alternativ\u0103 mai ecologic\u0103 la clorura de colin\u0103.\r\n\r\n<strong>Mobilizarea Gr\u0103similor<\/strong>\r\nKOLIN PLUS reduce gr\u0103simea abdominal\u0103 \u0219i nivelul de gr\u0103sime hepatic\u0103. De asemenea, reduce nivelul crescut de transaminaze din s\u00e2nge prin men\u021binerea s\u0103n\u0103t\u0103\u021bii ficatului.\r\n\r\n<strong>Metabolism al Gr\u0103similor<\/strong>\r\nKOLIN PLUS inhib\u0103 enzima Catechol O Metil Transferaz\u0103 (COMT) \u0219i optimizeaz\u0103 nivelul de catecolamine pentru un metabolism mai bun al gr\u0103similor.\r\n\r\n<strong>Cre\u0219tere Muscular\u0103<\/strong>\r\nKOLIN PLUS optimizeaz\u0103 greutatea corporal\u0103, FCR \u0219i procentul de randament la t\u0103iere \u00een dieta deficitar\u0103 \u00een colin\u0103.\r\n\r\nValidat \u0219tiin\u021bific cu tehnologii OMICS.","availability_in":[{"available":"25 kg"}],"product_video_text":"","product_video":"https:\/\/www.youtube.com\/embed\/wGsfS2WEVIs","usp_content":"<ul>\r\n \t<li>Convenabil \u2013 Non-higroscopic.<\/li>\r\n \t<li>Compatibil \u2013 Se potrive\u0219te cu premixurile.<\/li>\r\n \t<li>Eficient din punct de vedere al costurilor \u2013 Dozaj mai mic cu aceea\u0219i eficien\u021b\u0103.<\/li>\r\n \t<li>\u00cengrijitor \u2013 F\u0103r\u0103 TMA, Non-coroziv.<\/li>\r\n<\/ul>","features_content":"","usage_content":"400 g\/ton\u0103 de furaj pentru a \u00eenlocui p\u00e2n\u0103 la 1 kg de clorur\u0103 de colin\u0103.","benfits":"","mixing_rate_content":"","target_species":[{"svg_icon":28679,"species_name":"Pui de carne "},{"svg_icon":28679,"species_name":"G\u0103ini ou\u0103toare"}],"continent":[],"faqs":null,"certifications":[{"certificate_image":92976},{"certificate_image":92969},{"certificate_image":92968}]},"_links":{"self":[{"href":"https:\/\/www.naturalremedy.com\/ro\/wp-json\/wp\/v2\/product\/123124","targetHints":{"allow":["GET"]}}],"collection":[{"href":"https:\/\/www.naturalremedy.com\/ro\/wp-json\/wp\/v2\/product"}],"about":[{"href":"https:\/\/www.naturalremedy.com\/ro\/wp-json\/wp\/v2\/types\/product"}],"replies":[{"embeddable":true,"href":"https:\/\/www.naturalremedy.com\/ro\/wp-json\/wp\/v2\/comments?post=123124"}],"version-history":[{"count":1,"href":"https:\/\/www.naturalremedy.com\/ro\/wp-json\/wp\/v2\/product\/123124\/revisions"}],"predecessor-version":[{"id":125213,"href":"https:\/\/www.naturalremedy.com\/ro\/wp-json\/wp\/v2\/product\/123124\/revisions\/125213"}],"wp:featuredmedia":[{"embeddable":true,"href":"https:\/\/www.naturalremedy.com\/ro\/wp-json\/wp\/v2\/media\/123125"}],"wp:attachment":[{"href":"https:\/\/www.naturalremedy.com\/ro\/wp-json\/wp\/v2\/media?parent=123124"}],"wp:term":[{"taxonomy":"product_brand","embeddable":true,"href":"https:\/\/www.naturalremedy.com\/ro\/wp-json\/wp\/v2\/product_brand?post=123124"},{"taxonomy":"product_cat","embeddable":true,"href":"https:\/\/www.naturalremedy.com\/ro\/wp-json\/wp\/v2\/product_cat?post=123124"},{"taxonomy":"product_tag","embeddable":true,"href":"https:\/\/www.naturalremedy.com\/ro\/wp-json\/wp\/v2\/product_tag?post=123124"}],"curies":[{"name":"wp","href":"https:\/\/api.w.org\/{rel}","templated":true}]}}