{"id":123128,"date":"2023-10-25T06:26:28","date_gmt":"2023-10-25T06:26:28","guid":{"rendered":"https:\/\/www.naturalremedy.com\/product\/poultry-respease-2\/"},"modified":"2026-03-10T04:49:06","modified_gmt":"2026-03-10T04:49:06","slug":"poultry-respease-2","status":"publish","type":"product","link":"https:\/\/www.naturalremedy.com\/ro\/product\/poultry-respease-2\/","title":{"rendered":"Respease \u1d40\u1d39"},"content":{"rendered":"","protected":false},"excerpt":{"rendered":"","protected":false},"featured_media":123129,"comment_status":"open","ping_status":"closed","template":"","meta":{"_acf_changed":false},"product_brand":[],"product_cat":[112,113,114],"product_tag":[],"class_list":{"0":"post-123128","1":"product","2":"type-product","3":"status-publish","4":"has-post-thumbnail","6":"product_cat-india-monogastrics","7":"product_cat-poultry-care","8":"product_cat-respiratory-health","10":"first","11":"instock","12":"shipping-taxable","13":"product-type-simple"},"acf":{"product_name":"","headline":"","product_thumbnail":122738,"product_content":"Respease este o solu\u021bie inovatoare pentru optimizarea imunit\u0103\u021bii respiratorii la p\u0103s\u0103ri. Respease asigur\u0103 \u00eembun\u0103t\u0103\u021birea productivit\u0103\u021bii \u0219i s\u0103n\u0103t\u0103\u021bii p\u0103s\u0103rilor, consolideaz\u0103 imunitatea respiratorie, ofer\u0103 o mai bun\u0103 oxigenare a s\u00e2ngelui \u0219i are propriet\u0103\u021bi antiinflamatorii.","availability_in":[{"available":"1 l"},{"available":"5 litri"}],"product_video_text":"","product_video":"","usp_content":"<ul>\r\n \t<li>Consolidarea imunit\u0103\u021bii respiratorii<\/li>\r\n \t<li>Ac\u021biune antiinflamatorie<\/li>\r\n \t<li>Oxigenare mai bun\u0103 a s\u00e2ngelui<\/li>\r\n<\/ul>","features_content":"","usage_content":"","benfits":"","mixing_rate_content":"","target_species":[{"svg_icon":28679,"species_name":"Broileri"},{"svg_icon":28679,"species_name":"G\u0103ini ou\u0103toare"},{"svg_icon":28679,"species_name":"Reproduc\u0103tori"}],"continent":[],"faqs":null,"certifications":[{"certificate_image":92976},{"certificate_image":92969},{"certificate_image":92968}]},"_links":{"self":[{"href":"https:\/\/www.naturalremedy.com\/ro\/wp-json\/wp\/v2\/product\/123128","targetHints":{"allow":["GET"]}}],"collection":[{"href":"https:\/\/www.naturalremedy.com\/ro\/wp-json\/wp\/v2\/product"}],"about":[{"href":"https:\/\/www.naturalremedy.com\/ro\/wp-json\/wp\/v2\/types\/product"}],"replies":[{"embeddable":true,"href":"https:\/\/www.naturalremedy.com\/ro\/wp-json\/wp\/v2\/comments?post=123128"}],"version-history":[{"count":1,"href":"https:\/\/www.naturalremedy.com\/ro\/wp-json\/wp\/v2\/product\/123128\/revisions"}],"predecessor-version":[{"id":125210,"href":"https:\/\/www.naturalremedy.com\/ro\/wp-json\/wp\/v2\/product\/123128\/revisions\/125210"}],"wp:featuredmedia":[{"embeddable":true,"href":"https:\/\/www.naturalremedy.com\/ro\/wp-json\/wp\/v2\/media\/123129"}],"wp:attachment":[{"href":"https:\/\/www.naturalremedy.com\/ro\/wp-json\/wp\/v2\/media?parent=123128"}],"wp:term":[{"taxonomy":"product_brand","embeddable":true,"href":"https:\/\/www.naturalremedy.com\/ro\/wp-json\/wp\/v2\/product_brand?post=123128"},{"taxonomy":"product_cat","embeddable":true,"href":"https:\/\/www.naturalremedy.com\/ro\/wp-json\/wp\/v2\/product_cat?post=123128"},{"taxonomy":"product_tag","embeddable":true,"href":"https:\/\/www.naturalremedy.com\/ro\/wp-json\/wp\/v2\/product_tag?post=123128"}],"curies":[{"name":"wp","href":"https:\/\/api.w.org\/{rel}","templated":true}]}}