{"id":123130,"date":"2023-02-10T14:10:01","date_gmt":"2023-02-10T14:10:01","guid":{"rendered":"https:\/\/www.naturalremedy.com\/product\/respease-%e1%b5%80%e1%b4%b9\/"},"modified":"2023-02-10T14:10:01","modified_gmt":"2023-02-10T14:10:01","slug":"respease-%e1%b5%80%e1%b4%b9","status":"publish","type":"product","link":"https:\/\/www.naturalremedy.com\/ro\/product\/respease-%E1%B5%80%E1%B4%B9\/","title":{"rendered":"Respease \u1d40\u1d39"},"content":{"rendered":"","protected":false},"excerpt":{"rendered":"","protected":false},"featured_media":0,"comment_status":"open","ping_status":"closed","template":"","meta":{"_acf_changed":false},"product_brand":[],"product_cat":[80,100,99],"product_tag":[],"class_list":{"0":"post-123130","1":"product","2":"type-product","3":"status-publish","5":"product_cat-international","6":"product_cat-liver-health-ruminant-care-international","7":"product_cat-ruminants","9":"first","10":"instock","11":"shipping-taxable","12":"product-type-simple"},"acf":{"product_name":"Respease  ","headline":"","product_thumbnail":122738,"product_content":"Respease este un supliment respirator pentru p\u0103s\u0103ri de curte. Este o combina\u021bie inovatoare de fito-active selective cu propriet\u0103\u021bi bronhodilatatoare, antitusive, expectorante \u0219i decongestionante. Fito-activele din Respease sunt \u00een principal Glicirizine, Vasicin\u0103, acid ursolic \u0219i polifenoli care, prin ac\u021biunea lor multimodal\u0103, confer\u0103 numeroase beneficii speciilor de p\u0103s\u0103ri de curte.  \n\n\u00cempreun\u0103, acestea contribuie la \u00eembun\u0103t\u0103\u021birea rezisten\u021bei p\u0103s\u0103rilor la provoc\u0103rile respiratorii de origine cunoscut\u0103 \u0219i necunoscut\u0103. Respease ajut\u0103 p\u0103s\u0103rile s\u0103-\u0219i restabileasc\u0103 func\u021bia normal\u0103, \u00eencuraj\u00e2nd \u00een acela\u0219i timp comportamentul de hr\u0103nire, nivelul de activitate \u0219i reduc\u00e2nd simptome precum ralurile, secre\u021biile nazale \u0219i oculare. ","availability_in":[{"available":"Sac de 25 kg"},{"available":"Recipient de 1 litru"},{"available":"Recipient de 5 litri"}],"product_video_text":"","product_video":"","usp_content":"<ul>\n \t<li>Antiinflamator.<\/li>\n \t<li>Mucolitic.<\/li>\n \t<li>Expectorant.<\/li>\n \t<li>Antioxidant.<\/li>\n \t<li>Antispasmodic & Bronhodilatator.<\/li>\n \t<li>\u00cembun\u0103t\u0103\u021be\u0219te imunitatea respiratorie.<\/li>\n<\/ul>","features_content":"","usage_content":"<ul>\n \t<li>F<strong>or Poultry: <\/strong>\n\u00cen form\u0103 de pulbere: 750 g pe ton\u0103 de furaj ca preventiv \u0219i 2 kg pe ton\u0103 de furaj ca terapie de sus\u021binere \u00een timpul tratamentului.<\/li>\n \t<li><strong>\u00cen form\u0103 lichid\u0103:<\/strong> \u00cen func\u021bie de stadiul ciclului de via\u021b\u0103, dozajul poate fi:\n<strong>Pui:<\/strong> 350 ml la 1000 de litri de ap\u0103\n<strong>Starteri:<\/strong> 650 ml la 1000 de litri de ap\u0103<\/li>\n \t<li><strong>Finisori & G\u0103ini ou\u0103toare:<\/strong> 1,5 litri la 1000 de litri de ap\u0103.<\/li>\n<\/ul>","benfits":"","mixing_rate_content":"","target_species":[{"svg_icon":28679,"species_name":"Broileri"},{"svg_icon":28679,"species_name":"G\u0103ini ou\u0103toare"},{"svg_icon":28679,"species_name":"Reproduc\u0103tori"}],"continent":["South East Asia","East Asia","Middle East","Europe","Latin American","South American"],"faqs":null,"certifications":[{"certificate_image":92976},{"certificate_image":92969},{"certificate_image":92968}]},"_links":{"self":[{"href":"https:\/\/www.naturalremedy.com\/ro\/wp-json\/wp\/v2\/product\/123130","targetHints":{"allow":["GET"]}}],"collection":[{"href":"https:\/\/www.naturalremedy.com\/ro\/wp-json\/wp\/v2\/product"}],"about":[{"href":"https:\/\/www.naturalremedy.com\/ro\/wp-json\/wp\/v2\/types\/product"}],"replies":[{"embeddable":true,"href":"https:\/\/www.naturalremedy.com\/ro\/wp-json\/wp\/v2\/comments?post=123130"}],"version-history":[{"count":0,"href":"https:\/\/www.naturalremedy.com\/ro\/wp-json\/wp\/v2\/product\/123130\/revisions"}],"wp:attachment":[{"href":"https:\/\/www.naturalremedy.com\/ro\/wp-json\/wp\/v2\/media?parent=123130"}],"wp:term":[{"taxonomy":"product_brand","embeddable":true,"href":"https:\/\/www.naturalremedy.com\/ro\/wp-json\/wp\/v2\/product_brand?post=123130"},{"taxonomy":"product_cat","embeddable":true,"href":"https:\/\/www.naturalremedy.com\/ro\/wp-json\/wp\/v2\/product_cat?post=123130"},{"taxonomy":"product_tag","embeddable":true,"href":"https:\/\/www.naturalremedy.com\/ro\/wp-json\/wp\/v2\/product_tag?post=123130"}],"curies":[{"name":"wp","href":"https:\/\/api.w.org\/{rel}","templated":true}]}}