{"id":123131,"date":"2023-03-10T14:51:24","date_gmt":"2023-03-10T14:51:24","guid":{"rendered":"https:\/\/www.naturalremedy.com\/product\/poultry-phytocee-b\/"},"modified":"2023-03-10T14:51:24","modified_gmt":"2023-03-10T14:51:24","slug":"poultry-phytocee-b","status":"publish","type":"product","link":"https:\/\/www.naturalremedy.com\/ro\/product\/poultry-phytocee-b\/","title":{"rendered":"Phytocee \u00ae"},"content":{"rendered":"<p>PHYTOCEE este o solu\u021bie natural\u0103 bazat\u0103 pe cercetare pentru controlul efectului d\u0103un\u0103tor al stresului cauzat de multipli factori de stres. PHYTOCEE este o formulare poliplant\u0103 care con\u021bine fitoconstituen\u021bi precum polifenoli, witanolide \u0219i triterpenoide. PHYTOCEE func\u021bioneaz\u0103 ca un stimulator natural al ap\u0103r\u0103rii \u0219i \u00eembun\u0103t\u0103\u021be\u0219te rezisten\u021ba, optimizeaz\u0103 IMC \u0219i ajut\u0103 la reducerea efectelor nocive ale stresului.  <\/p>\n<p>PHYTOCEE este o solu\u021bie natural\u0103 bazat\u0103 pe cercetare pentru controlul stresului care vine cu caracteristici \u0219i beneficii unice.<\/p>\n","protected":false},"excerpt":{"rendered":"<p>PHYTOCEE este o solu\u021bie natural\u0103 bazat\u0103 pe cercetare pentru controlul efectului d\u0103un\u0103tor al stresului cauzat de multipli factori de stres. PHYTOCEE este o formulare poliplant\u0103 care con\u021bine fitoconstituen\u021bi precum polifenoli, witanolide \u0219i triterpenoide. PHYTOCEE func\u021bioneaz\u0103 ca un stimulator natural al ap\u0103r\u0103rii \u0219i \u00eembun\u0103t\u0103\u021be\u0219te rezisten\u021ba, optimizeaz\u0103 IMC \u0219i ajut\u0103 la reducerea efectelor nocive ale stresului. PHYTOCEE [&hellip;]<\/p>\n","protected":false},"featured_media":0,"comment_status":"open","ping_status":"closed","template":"","meta":{"_acf_changed":false},"product_brand":[],"product_cat":[84,80,81,82],"product_tag":[],"class_list":{"0":"post-123131","1":"product","2":"type-product","3":"status-publish","5":"product_cat-adaptogenic-anti-stress-immunomodulatory","6":"product_cat-international","7":"product_cat-monogastrics","8":"product_cat-monogastrics-poultry","10":"first","11":"instock","12":"shipping-taxable","13":"product-type-simple"},"acf":{"product_name":"Phytocee ","headline":"Un Stimulator Natural al Ap\u0103r\u0103rii","product_thumbnail":122728,"product_content":"PHYTOCEE este o solu\u021bie natural\u0103 bazat\u0103 pe cercetare care \u00ee\u0219i propune s\u0103 \u00eembun\u0103t\u0103\u021beasc\u0103 imunitatea p\u0103s\u0103rilor, precum \u0219i s\u0103 controleze efectele stresului cauzat de multipli factori de stres. Formularea sa poliplant\u0103 con\u021bine fitoconstituen\u021bi precum polifenoli, withanolide \u0219i triterpenoide. \n\nPHYTOCEE este un aditiv fitogenic pentru furaje care func\u021bioneaz\u0103 ca un stimulator natural al ap\u0103r\u0103rii. De asemenea, promoveaz\u0103 rezisten\u021ba, optimizeaz\u0103 imunitatea mediat\u0103 celular \u0219i ajut\u0103 la reducerea efectelor nocive ale stresului. Acest aditiv fitogenic pentru furaje este un aditiv stabil la c\u0103ldur\u0103 \u0219i poate fi ad\u0103ugat direct \u00een furaj.  \n\nValidat \u0219tiin\u021bific cu tehnologii OMICS","availability_in":[{"available":"5 kg"},{"available":"25 kg"}],"product_video_text":"","product_video":"","usp_content":"PHYTOCEE a fost dezvoltat ca o solu\u021bie natural\u0103 bazat\u0103 pe cercetare destinat\u0103 controlului stresului \u0219i are caracteristici \u0219i beneficii unice precum:\n<ul>\n \t<li><strong>Adaptogen \u0219i Cre\u0219terea Rezisten\u021bei<\/strong>\n\u00cembun\u0103t\u0103\u021be\u0219te rezisten\u021ba \u0219i restabile\u0219te func\u021biile fiziologice normale \u00een condi\u021bii dificile.<\/li>\n \t<li><strong>Optimizarea IMC<\/strong>\nOptimizeaz\u0103 Imunitatea Mediat\u0103 Celular \u0219i previne vulnerabilitatea la boli.<\/li>\n \t<li><strong>Toleran\u021b\u0103 Eficient\u0103 la Stres<\/strong>\nReduce nivelul de corticosteron seric \u0219i protejeaz\u0103 \u00eempotriva deterior\u0103rii oxidative prin propriet\u0103\u021bi antioxidante puternice.<\/li>\n<\/ul>","features_content":"","usage_content":"200 g per ton\u0103 de furaj pentru p\u0103s\u0103ri.","benfits":"","mixing_rate_content":"","target_species":[{"svg_icon":28679,"species_name":"Broileri"},{"svg_icon":28679,"species_name":"Reproduc\u0103tori"},{"svg_icon":28679,"species_name":"G\u0103ini ou\u0103toare"}],"continent":["South Asia"],"faqs":null,"certifications":[{"certificate_image":92976},{"certificate_image":92969},{"certificate_image":92968}]},"_links":{"self":[{"href":"https:\/\/www.naturalremedy.com\/ro\/wp-json\/wp\/v2\/product\/123131","targetHints":{"allow":["GET"]}}],"collection":[{"href":"https:\/\/www.naturalremedy.com\/ro\/wp-json\/wp\/v2\/product"}],"about":[{"href":"https:\/\/www.naturalremedy.com\/ro\/wp-json\/wp\/v2\/types\/product"}],"replies":[{"embeddable":true,"href":"https:\/\/www.naturalremedy.com\/ro\/wp-json\/wp\/v2\/comments?post=123131"}],"version-history":[{"count":0,"href":"https:\/\/www.naturalremedy.com\/ro\/wp-json\/wp\/v2\/product\/123131\/revisions"}],"wp:attachment":[{"href":"https:\/\/www.naturalremedy.com\/ro\/wp-json\/wp\/v2\/media?parent=123131"}],"wp:term":[{"taxonomy":"product_brand","embeddable":true,"href":"https:\/\/www.naturalremedy.com\/ro\/wp-json\/wp\/v2\/product_brand?post=123131"},{"taxonomy":"product_cat","embeddable":true,"href":"https:\/\/www.naturalremedy.com\/ro\/wp-json\/wp\/v2\/product_cat?post=123131"},{"taxonomy":"product_tag","embeddable":true,"href":"https:\/\/www.naturalremedy.com\/ro\/wp-json\/wp\/v2\/product_tag?post=123131"}],"curies":[{"name":"wp","href":"https:\/\/api.w.org\/{rel}","templated":true}]}}