{"id":83528,"date":"2025-09-24T04:25:18","date_gmt":"2025-09-24T04:25:18","guid":{"rendered":"https:\/\/www.naturalremedy.com\/animal-health-care-blogs\/"},"modified":"2026-01-02T05:15:18","modified_gmt":"2026-01-02T05:15:18","slug":"animal-health-care-blogs","status":"publish","type":"page","link":"https:\/\/www.naturalremedy.com\/vi\/animal-health-care-blogs\/","title":{"rendered":"Blog"},"content":{"rendered":"\t\t<div data-elementor-type=\"wp-page\" data-elementor-id=\"83528\" class=\"elementor elementor-83528 elementor-30685\" data-elementor-post-type=\"page\">\n\t\t\t\t<div class=\"elementor-element elementor-element-bb2d1e3 e-flex e-con-boxed e-con e-parent\" data-id=\"bb2d1e3\" data-element_type=\"container\" data-e-type=\"container\" data-settings=\"{&quot;background_background&quot;:&quot;classic&quot;}\">\n\t\t\t\t\t<div class=\"e-con-inner\">\n\t\t\t\t\t<\/div>\n\t\t\t\t<\/div>\n\t\t<div class=\"elementor-element elementor-element-f57539f e-flex e-con-boxed e-con e-parent\" data-id=\"f57539f\" data-element_type=\"container\" data-e-type=\"container\">\n\t\t\t\t\t<div class=\"e-con-inner\">\n\t\t\t\t<div class=\"elementor-element elementor-element-c2d69c9 elementor-grid-3 elementor-grid-tablet-2 elementor-grid-mobile-1 elementor-posts--thumbnail-top load-more-align-center elementor-widget elementor-widget-posts\" data-id=\"c2d69c9\" data-element_type=\"widget\" data-e-type=\"widget\" data-settings=\"{&quot;pagination_type&quot;:&quot;load_more_on_click&quot;,&quot;classic_columns&quot;:&quot;3&quot;,&quot;classic_columns_tablet&quot;:&quot;2&quot;,&quot;classic_columns_mobile&quot;:&quot;1&quot;,&quot;classic_row_gap&quot;:{&quot;unit&quot;:&quot;px&quot;,&quot;size&quot;:35,&quot;sizes&quot;:[]},&quot;classic_row_gap_tablet&quot;:{&quot;unit&quot;:&quot;px&quot;,&quot;size&quot;:&quot;&quot;,&quot;sizes&quot;:[]},&quot;classic_row_gap_mobile&quot;:{&quot;unit&quot;:&quot;px&quot;,&quot;size&quot;:&quot;&quot;,&quot;sizes&quot;:[]},&quot;load_more_spinner&quot;:{&quot;value&quot;:&quot;fas fa-spinner&quot;,&quot;library&quot;:&quot;fa-solid&quot;}}\" data-widget_type=\"posts.classic\">\n\t\t\t\t<div class=\"elementor-widget-container\">\n\t\t\t\t\t\t\t<div class=\"elementor-posts-container elementor-posts elementor-posts--skin-classic elementor-grid\" role=\"list\">\n\t\t\t\t<article class=\"elementor-post elementor-grid-item post-83878 post type-post status-publish format-standard has-post-thumbnail hentry\" role=\"listitem\">\n\t\t\t\t<a class=\"elementor-post__thumbnail__link\" href=\"https:\/\/www.naturalremedy.com\/vi\/how-natural-remediespeople-first-mindset-won-it-the-happiest-places-to-work-certification-thrice\/\" tabindex=\"-1\" >\n\t\t\t<div class=\"elementor-post__thumbnail\"><img fetchpriority=\"high\" decoding=\"async\" width=\"700\" height=\"500\" src=\"https:\/\/www.naturalremedy.com\/wp-content\/uploads\/2025\/10\/Natural-Remedies.png\" class=\"attachment-full size-full wp-image-83879\" alt=\"How Natural Remedies\u2019people-first mindset won it the Happiest Places to Work\u00ae certification thrice\" srcset=\"https:\/\/www.naturalremedy.com\/wp-content\/uploads\/2025\/10\/Natural-Remedies.png 700w, https:\/\/www.naturalremedy.com\/wp-content\/uploads\/2025\/10\/Natural-Remedies-300x214.png 300w, https:\/\/www.naturalremedy.com\/wp-content\/uploads\/2025\/10\/Natural-Remedies-600x429.png 600w\" sizes=\"(max-width: 700px) 100vw, 700px\" \/><\/div>\n\t\t<\/a>\n\t\t\t\t<div class=\"elementor-post__text\">\n\t\t\t\t<h3 class=\"elementor-post__title\">\n\t\t\t<a href=\"https:\/\/www.naturalremedy.com\/vi\/how-natural-remediespeople-first-mindset-won-it-the-happiest-places-to-work-certification-thrice\/\" >\n\t\t\t\tHow Natural Remedies&#8217; people-first mindset earned them the Happiest Workplaces\u00ae certification for the third time\t\t\t<\/a>\n\t\t<\/h3>\n\t\t\t\t<div class=\"elementor-post__meta-data\">\n\t\t\t\t\t<span class=\"elementor-post-date\">\n\t\t\tTh\u00e1ng 10 8, 2025\t\t<\/span>\n\t\t\t\t<\/div>\n\t\t\n\t\t<a class=\"elementor-post__read-more\" href=\"https:\/\/www.naturalremedy.com\/vi\/how-natural-remediespeople-first-mindset-won-it-the-happiest-places-to-work-certification-thrice\/\" aria-label=\"Read more about How Natural Remedies&#8217; people-first mindset earned them the Happiest Workplaces\u00ae certification for the third time\" tabindex=\"-1\" >\n\t\t\t\u0110\u1ecdc Th\u00eam \u00bb\t\t<\/a>\n\n\t\t\t\t<\/div>\n\t\t\t\t<\/article>\n\t\t\t\t<article class=\"elementor-post elementor-grid-item post-83886 post type-post status-publish format-standard has-post-thumbnail hentry category-poultry-care\" role=\"listitem\">\n\t\t\t\t<a class=\"elementor-post__thumbnail__link\" href=\"https:\/\/www.naturalremedy.com\/vi\/cold-stress-in-poultry\/\" tabindex=\"-1\" >\n\t\t\t<div class=\"elementor-post__thumbnail\"><img decoding=\"async\" width=\"2048\" height=\"1117\" src=\"https:\/\/www.naturalremedy.com\/wp-content\/uploads\/2025\/09\/Gemini_Generated_Image_2uhxut2uhxut2uhx-2048x1117-1.webp\" class=\"attachment-full size-full wp-image-83887\" alt=\"cold stress in poultry\" srcset=\"https:\/\/www.naturalremedy.com\/wp-content\/uploads\/2025\/09\/Gemini_Generated_Image_2uhxut2uhxut2uhx-2048x1117-1.webp 2048w, https:\/\/www.naturalremedy.com\/wp-content\/uploads\/2025\/09\/Gemini_Generated_Image_2uhxut2uhxut2uhx-2048x1117-1-300x164.webp 300w, https:\/\/www.naturalremedy.com\/wp-content\/uploads\/2025\/09\/Gemini_Generated_Image_2uhxut2uhxut2uhx-2048x1117-1-1024x559.webp 1024w, https:\/\/www.naturalremedy.com\/wp-content\/uploads\/2025\/09\/Gemini_Generated_Image_2uhxut2uhxut2uhx-2048x1117-1-768x419.webp 768w, https:\/\/www.naturalremedy.com\/wp-content\/uploads\/2025\/09\/Gemini_Generated_Image_2uhxut2uhxut2uhx-2048x1117-1-1536x838.webp 1536w, https:\/\/www.naturalremedy.com\/wp-content\/uploads\/2025\/09\/Gemini_Generated_Image_2uhxut2uhxut2uhx-2048x1117-1-600x327.webp 600w\" sizes=\"(max-width: 2048px) 100vw, 2048px\" \/><\/div>\n\t\t<\/a>\n\t\t\t\t<div class=\"elementor-post__text\">\n\t\t\t\t<h3 class=\"elementor-post__title\">\n\t\t\t<a href=\"https:\/\/www.naturalremedy.com\/vi\/cold-stress-in-poultry\/\" >\n\t\t\t\tC\u0103ng th\u1eb3ng do l\u1ea1nh \u1edf gia c\u1ea7m\t\t\t<\/a>\n\t\t<\/h3>\n\t\t\t\t<div class=\"elementor-post__meta-data\">\n\t\t\t\t\t<span class=\"elementor-post-date\">\n\t\t\tTh\u00e1ng 8 29, 2025\t\t<\/span>\n\t\t\t\t<\/div>\n\t\t\n\t\t<a class=\"elementor-post__read-more\" href=\"https:\/\/www.naturalremedy.com\/vi\/cold-stress-in-poultry\/\" aria-label=\"Read more about C\u0103ng th\u1eb3ng do l\u1ea1nh \u1edf gia c\u1ea7m\" tabindex=\"-1\" >\n\t\t\t\u0110\u1ecdc Th\u00eam \u00bb\t\t<\/a>\n\n\t\t\t\t<\/div>\n\t\t\t\t<\/article>\n\t\t\t\t<article class=\"elementor-post elementor-grid-item post-104916 post type-post status-publish format-standard has-post-thumbnail hentry category-blogs category-poultry-care\" role=\"listitem\">\n\t\t\t\t<a class=\"elementor-post__thumbnail__link\" href=\"https:\/\/www.naturalremedy.com\/vi\/optimizing-poultry-nutrition-the-role-of-choline-supplementation\/\" tabindex=\"-1\" >\n\t\t\t<div class=\"elementor-post__thumbnail\"><img decoding=\"async\" width=\"640\" height=\"385\" src=\"https:\/\/www.naturalremedy.com\/wp-content\/uploads\/2025\/02\/Optimizing-Poultry-Nutrition-The-Role-of-Choline-Supplementation.webp\" class=\"attachment-full size-full wp-image-104917\" alt=\"Optimizing Poultry Nutrition The Role of Choline-Supplementation\" srcset=\"https:\/\/www.naturalremedy.com\/wp-content\/uploads\/2025\/02\/Optimizing-Poultry-Nutrition-The-Role-of-Choline-Supplementation.webp 640w, https:\/\/www.naturalremedy.com\/wp-content\/uploads\/2025\/02\/Optimizing-Poultry-Nutrition-The-Role-of-Choline-Supplementation-300x180.webp 300w, https:\/\/www.naturalremedy.com\/wp-content\/uploads\/2025\/02\/Optimizing-Poultry-Nutrition-The-Role-of-Choline-Supplementation-600x361.webp 600w\" sizes=\"(max-width: 640px) 100vw, 640px\" \/><\/div>\n\t\t<\/a>\n\t\t\t\t<div class=\"elementor-post__text\">\n\t\t\t\t<h3 class=\"elementor-post__title\">\n\t\t\t<a href=\"https:\/\/www.naturalremedy.com\/vi\/optimizing-poultry-nutrition-the-role-of-choline-supplementation\/\" >\n\t\t\t\tT\u1ed1i \u01b0u h\u00f3a dinh d\u01b0\u1ee1ng gia c\u1ea7m: Vai tr\u00f2 c\u1ee7a vi\u1ec7c b\u1ed5 sung choline\t\t\t<\/a>\n\t\t<\/h3>\n\t\t\t\t<div class=\"elementor-post__meta-data\">\n\t\t\t\t\t<span class=\"elementor-post-date\">\n\t\t\tTh\u00e1ng 8 17, 2025\t\t<\/span>\n\t\t\t\t<\/div>\n\t\t\n\t\t<a class=\"elementor-post__read-more\" href=\"https:\/\/www.naturalremedy.com\/vi\/optimizing-poultry-nutrition-the-role-of-choline-supplementation\/\" aria-label=\"Read more about T\u1ed1i \u01b0u h\u00f3a dinh d\u01b0\u1ee1ng gia c\u1ea7m: Vai tr\u00f2 c\u1ee7a vi\u1ec7c b\u1ed5 sung choline\" tabindex=\"-1\" >\n\t\t\t\u0110\u1ecdc Th\u00eam \u00bb\t\t<\/a>\n\n\t\t\t\t<\/div>\n\t\t\t\t<\/article>\n\t\t\t\t<article class=\"elementor-post elementor-grid-item post-83882 post type-post status-publish format-standard has-post-thumbnail hentry category-poultry-care\" role=\"listitem\">\n\t\t\t\t<a class=\"elementor-post__thumbnail__link\" href=\"https:\/\/www.naturalremedy.com\/vi\/loose-droppings-in-poultry-causes-treatment\/\" tabindex=\"-1\" >\n\t\t\t<div class=\"elementor-post__thumbnail\"><img loading=\"lazy\" decoding=\"async\" width=\"2048\" height=\"895\" src=\"https:\/\/www.naturalremedy.com\/wp-content\/uploads\/2025\/01\/Loose-Droppings-in-Poultry.webp\" class=\"attachment-full size-full wp-image-83883\" alt=\"Loose Droppings in Poultry: Causes &amp; Treatment\" srcset=\"https:\/\/www.naturalremedy.com\/wp-content\/uploads\/2025\/01\/Loose-Droppings-in-Poultry.webp 2048w, https:\/\/www.naturalremedy.com\/wp-content\/uploads\/2025\/01\/Loose-Droppings-in-Poultry-300x131.webp 300w, https:\/\/www.naturalremedy.com\/wp-content\/uploads\/2025\/01\/Loose-Droppings-in-Poultry-1024x448.webp 1024w, https:\/\/www.naturalremedy.com\/wp-content\/uploads\/2025\/01\/Loose-Droppings-in-Poultry-768x336.webp 768w, https:\/\/www.naturalremedy.com\/wp-content\/uploads\/2025\/01\/Loose-Droppings-in-Poultry-1536x671.webp 1536w, https:\/\/www.naturalremedy.com\/wp-content\/uploads\/2025\/01\/Loose-Droppings-in-Poultry-600x262.webp 600w\" sizes=\"(max-width: 2048px) 100vw, 2048px\" \/><\/div>\n\t\t<\/a>\n\t\t\t\t<div class=\"elementor-post__text\">\n\t\t\t\t<h3 class=\"elementor-post__title\">\n\t\t\t<a href=\"https:\/\/www.naturalremedy.com\/vi\/loose-droppings-in-poultry-causes-treatment\/\" >\n\t\t\t\tPh\u00e2n l\u1ecfng \u1edf gia c\u1ea7m: nguy\u00ean nh\u00e2n v\u00e0 c\u00e1ch \u0111i\u1ec1u tr\u1ecb\t\t\t<\/a>\n\t\t<\/h3>\n\t\t\t\t<div class=\"elementor-post__meta-data\">\n\t\t\t\t\t<span class=\"elementor-post-date\">\n\t\t\tTh\u00e1ng 1 21, 2025\t\t<\/span>\n\t\t\t\t<\/div>\n\t\t\n\t\t<a class=\"elementor-post__read-more\" href=\"https:\/\/www.naturalremedy.com\/vi\/loose-droppings-in-poultry-causes-treatment\/\" aria-label=\"Read more about Ph\u00e2n l\u1ecfng \u1edf gia c\u1ea7m: nguy\u00ean nh\u00e2n v\u00e0 c\u00e1ch \u0111i\u1ec1u tr\u1ecb\" tabindex=\"-1\" >\n\t\t\t\u0110\u1ecdc Th\u00eam \u00bb\t\t<\/a>\n\n\t\t\t\t<\/div>\n\t\t\t\t<\/article>\n\t\t\t\t<article class=\"elementor-post elementor-grid-item post-83901 post type-post status-publish format-standard has-post-thumbnail hentry category-blogs category-poultry-care\" role=\"listitem\">\n\t\t\t\t<a class=\"elementor-post__thumbnail__link\" href=\"https:\/\/www.naturalremedy.com\/vi\/deep-litter-system-in-poultry-advantages-disadvantages\/\" tabindex=\"-1\" >\n\t\t\t<div class=\"elementor-post__thumbnail\"><img loading=\"lazy\" decoding=\"async\" width=\"1600\" height=\"1066\" src=\"https:\/\/www.naturalremedy.com\/wp-content\/uploads\/2024\/11\/Deep-Litter-System-In-Poultry-Advantages-Disadvantages.webp\" class=\"attachment-full size-full wp-image-83902\" alt=\"Deep Litter System In Poultry: Advantages &amp; Disadvantages\" srcset=\"https:\/\/www.naturalremedy.com\/wp-content\/uploads\/2024\/11\/Deep-Litter-System-In-Poultry-Advantages-Disadvantages.webp 1600w, https:\/\/www.naturalremedy.com\/wp-content\/uploads\/2024\/11\/Deep-Litter-System-In-Poultry-Advantages-Disadvantages-300x200.webp 300w, https:\/\/www.naturalremedy.com\/wp-content\/uploads\/2024\/11\/Deep-Litter-System-In-Poultry-Advantages-Disadvantages-1024x682.webp 1024w, https:\/\/www.naturalremedy.com\/wp-content\/uploads\/2024\/11\/Deep-Litter-System-In-Poultry-Advantages-Disadvantages-768x512.webp 768w, https:\/\/www.naturalremedy.com\/wp-content\/uploads\/2024\/11\/Deep-Litter-System-In-Poultry-Advantages-Disadvantages-1536x1023.webp 1536w, https:\/\/www.naturalremedy.com\/wp-content\/uploads\/2024\/11\/Deep-Litter-System-In-Poultry-Advantages-Disadvantages-600x400.webp 600w\" sizes=\"(max-width: 1600px) 100vw, 1600px\" \/><\/div>\n\t\t<\/a>\n\t\t\t\t<div class=\"elementor-post__text\">\n\t\t\t\t<h3 class=\"elementor-post__title\">\n\t\t\t<a href=\"https:\/\/www.naturalremedy.com\/vi\/deep-litter-system-in-poultry-advantages-disadvantages\/\" >\n\t\t\t\tDeep litter system in poultry: advantages and disadvantages\t\t\t<\/a>\n\t\t<\/h3>\n\t\t\t\t<div class=\"elementor-post__meta-data\">\n\t\t\t\t\t<span class=\"elementor-post-date\">\n\t\t\tTh\u00e1ng m\u01b0\u1eddi m\u1ed9t 29, 2024\t\t<\/span>\n\t\t\t\t<\/div>\n\t\t\n\t\t<a class=\"elementor-post__read-more\" href=\"https:\/\/www.naturalremedy.com\/vi\/deep-litter-system-in-poultry-advantages-disadvantages\/\" aria-label=\"Read more about Deep litter system in poultry: advantages and disadvantages\" tabindex=\"-1\" >\n\t\t\t\u0110\u1ecdc Th\u00eam \u00bb\t\t<\/a>\n\n\t\t\t\t<\/div>\n\t\t\t\t<\/article>\n\t\t\t\t<article class=\"elementor-post elementor-grid-item post-83888 post type-post status-publish format-standard has-post-thumbnail hentry category-poultry-care\" role=\"listitem\">\n\t\t\t\t<a class=\"elementor-post__thumbnail__link\" href=\"https:\/\/www.naturalremedy.com\/vi\/folliculogenesis-in-poultry\/\" tabindex=\"-1\" >\n\t\t\t<div class=\"elementor-post__thumbnail\"><img loading=\"lazy\" decoding=\"async\" width=\"600\" height=\"412\" src=\"https:\/\/www.naturalremedy.com\/wp-content\/uploads\/2024\/11\/Factors-responsible-for-oxidative-stress.webp\" class=\"attachment-full size-full wp-image-83889\" alt=\"Folliculogenesis in Poultry\" srcset=\"https:\/\/www.naturalremedy.com\/wp-content\/uploads\/2024\/11\/Factors-responsible-for-oxidative-stress.webp 600w, https:\/\/www.naturalremedy.com\/wp-content\/uploads\/2024\/11\/Factors-responsible-for-oxidative-stress-300x206.webp 300w\" sizes=\"(max-width: 600px) 100vw, 600px\" \/><\/div>\n\t\t<\/a>\n\t\t\t\t<div class=\"elementor-post__text\">\n\t\t\t\t<h3 class=\"elementor-post__title\">\n\t\t\t<a href=\"https:\/\/www.naturalremedy.com\/vi\/folliculogenesis-in-poultry\/\" >\n\t\t\t\tQu\u00e1 tr\u00ecnh ph\u00e1t tri\u1ec3n nang tr\u1ee9ng \u1edf gia c\u1ea7m\t\t\t<\/a>\n\t\t<\/h3>\n\t\t\t\t<div class=\"elementor-post__meta-data\">\n\t\t\t\t\t<span class=\"elementor-post-date\">\n\t\t\tTh\u00e1ng m\u01b0\u1eddi m\u1ed9t 21, 2024\t\t<\/span>\n\t\t\t\t<\/div>\n\t\t\n\t\t<a class=\"elementor-post__read-more\" href=\"https:\/\/www.naturalremedy.com\/vi\/folliculogenesis-in-poultry\/\" aria-label=\"Read more about Qu\u00e1 tr\u00ecnh ph\u00e1t tri\u1ec3n nang tr\u1ee9ng \u1edf gia c\u1ea7m\" tabindex=\"-1\" >\n\t\t\t\u0110\u1ecdc Th\u00eam \u00bb\t\t<\/a>\n\n\t\t\t\t<\/div>\n\t\t\t\t<\/article>\n\t\t\t\t<article class=\"elementor-post elementor-grid-item post-83880 post type-post status-publish format-standard has-post-thumbnail hentry category-uncategorized\" role=\"listitem\">\n\t\t\t\t<a class=\"elementor-post__thumbnail__link\" href=\"https:\/\/www.naturalremedy.com\/vi\/importance-of-weaning-in-pigs\/\" tabindex=\"-1\" >\n\t\t\t<div class=\"elementor-post__thumbnail\"><img loading=\"lazy\" decoding=\"async\" width=\"720\" height=\"427\" src=\"https:\/\/www.naturalremedy.com\/wp-content\/uploads\/2024\/09\/Importance-of-Weaning-in-Pigs-2.webp\" class=\"attachment-full size-full wp-image-83881\" alt=\"Importance of Weaning in Pigs\" srcset=\"https:\/\/www.naturalremedy.com\/wp-content\/uploads\/2024\/09\/Importance-of-Weaning-in-Pigs-2.webp 720w, https:\/\/www.naturalremedy.com\/wp-content\/uploads\/2024\/09\/Importance-of-Weaning-in-Pigs-2-300x178.webp 300w, https:\/\/www.naturalremedy.com\/wp-content\/uploads\/2024\/09\/Importance-of-Weaning-in-Pigs-2-600x356.webp 600w\" sizes=\"(max-width: 720px) 100vw, 720px\" \/><\/div>\n\t\t<\/a>\n\t\t\t\t<div class=\"elementor-post__text\">\n\t\t\t\t<h3 class=\"elementor-post__title\">\n\t\t\t<a href=\"https:\/\/www.naturalremedy.com\/vi\/importance-of-weaning-in-pigs\/\" >\n\t\t\t\tImportance of weaning in pigs\t\t\t<\/a>\n\t\t<\/h3>\n\t\t\t\t<div class=\"elementor-post__meta-data\">\n\t\t\t\t\t<span class=\"elementor-post-date\">\n\t\t\tTh\u00e1ng 9 30, 2024\t\t<\/span>\n\t\t\t\t<\/div>\n\t\t\n\t\t<a class=\"elementor-post__read-more\" href=\"https:\/\/www.naturalremedy.com\/vi\/importance-of-weaning-in-pigs\/\" aria-label=\"Read more about Importance of weaning in pigs\" tabindex=\"-1\" >\n\t\t\t\u0110\u1ecdc Th\u00eam \u00bb\t\t<\/a>\n\n\t\t\t\t<\/div>\n\t\t\t\t<\/article>\n\t\t\t\t<article class=\"elementor-post elementor-grid-item post-83899 post type-post status-publish format-standard has-post-thumbnail hentry category-animal-healthcare\" role=\"listitem\">\n\t\t\t\t<a class=\"elementor-post__thumbnail__link\" href=\"https:\/\/www.naturalremedy.com\/vi\/phytogenics-sustainable-solutions-for-animal-health\/\" tabindex=\"-1\" >\n\t\t\t<div class=\"elementor-post__thumbnail\"><img loading=\"lazy\" decoding=\"async\" width=\"1792\" height=\"1024\" src=\"https:\/\/www.naturalremedy.com\/wp-content\/uploads\/2024\/08\/Phytogenics-1.jpg\" class=\"attachment-full size-full wp-image-83900\" alt=\"Fitog\u00e9nicos: soluciones sostenibles para la salud animal\" srcset=\"https:\/\/www.naturalremedy.com\/wp-content\/uploads\/2024\/08\/Phytogenics-1.jpg 1792w, https:\/\/www.naturalremedy.com\/wp-content\/uploads\/2024\/08\/Phytogenics-1-600x343.jpg 600w, https:\/\/www.naturalremedy.com\/wp-content\/uploads\/2024\/08\/Phytogenics-1-300x171.jpg 300w, https:\/\/www.naturalremedy.com\/wp-content\/uploads\/2024\/08\/Phytogenics-1-1024x585.jpg 1024w, https:\/\/www.naturalremedy.com\/wp-content\/uploads\/2024\/08\/Phytogenics-1-768x439.jpg 768w, https:\/\/www.naturalremedy.com\/wp-content\/uploads\/2024\/08\/Phytogenics-1-1536x878.jpg 1536w\" sizes=\"(max-width: 1792px) 100vw, 1792px\" \/><\/div>\n\t\t<\/a>\n\t\t\t\t<div class=\"elementor-post__text\">\n\t\t\t\t<h3 class=\"elementor-post__title\">\n\t\t\t<a href=\"https:\/\/www.naturalremedy.com\/vi\/phytogenics-sustainable-solutions-for-animal-health\/\" >\n\t\t\t\tFitog\u00e9nicos: gi\u1ea3i ph\u00e1p b\u1ec1n v\u1eefng cho s\u1ee9c kh\u1ecfe \u0111\u1ed9ng v\u1eadt\t\t\t<\/a>\n\t\t<\/h3>\n\t\t\t\t<div class=\"elementor-post__meta-data\">\n\t\t\t\t\t<span class=\"elementor-post-date\">\n\t\t\tTh\u00e1ng 8 23, 2024\t\t<\/span>\n\t\t\t\t<\/div>\n\t\t\n\t\t<a class=\"elementor-post__read-more\" href=\"https:\/\/www.naturalremedy.com\/vi\/phytogenics-sustainable-solutions-for-animal-health\/\" aria-label=\"Read more about Fitog\u00e9nicos: gi\u1ea3i ph\u00e1p b\u1ec1n v\u1eefng cho s\u1ee9c kh\u1ecfe \u0111\u1ed9ng v\u1eadt\" tabindex=\"-1\" >\n\t\t\t\u0110\u1ecdc Th\u00eam \u00bb\t\t<\/a>\n\n\t\t\t\t<\/div>\n\t\t\t\t<\/article>\n\t\t\t\t<\/div>\n\t\t\t\t\t<span class=\"e-load-more-spinner\">\n\t\t\t\t<svg aria-hidden=\"true\" class=\"e-font-icon-svg e-fas-spinner\" viewBox=\"0 0 512 512\" xmlns=\"http:\/\/www.w3.org\/2000\/svg\"><path d=\"M304 48c0 26.51-21.49 48-48 48s-48-21.49-48-48 21.49-48 48-48 48 21.49 48 48zm-48 368c-26.51 0-48 21.49-48 48s21.49 48 48 48 48-21.49 48-48-21.49-48-48-48zm208-208c-26.51 0-48 21.49-48 48s21.49 48 48 48 48-21.49 48-48-21.49-48-48-48zM96 256c0-26.51-21.49-48-48-48S0 229.49 0 256s21.49 48 48 48 48-21.49 48-48zm12.922 99.078c-26.51 0-48 21.49-48 48s21.49 48 48 48 48-21.49 48-48c0-26.509-21.491-48-48-48zm294.156 0c-26.51 0-48 21.49-48 48s21.49 48 48 48 48-21.49 48-48c0-26.509-21.49-48-48-48zM108.922 60.922c-26.51 0-48 21.49-48 48s21.49 48 48 48 48-21.49 48-48-21.491-48-48-48z\"><\/path><\/svg>\t\t\t<\/span>\n\t\t\n\t\t\t\t\t\t<\/div>\n\t\t\t\t<\/div>\n\t\t\t\t\t<\/div>\n\t\t\t\t<\/div>\n\t\t\t\t<\/div>\n\t\t","protected":false},"excerpt":{"rendered":"","protected":false},"author":1,"featured_media":0,"parent":0,"menu_order":0,"comment_status":"closed","ping_status":"closed","template":"","meta":{"_acf_changed":false,"footnotes":""},"class_list":["post-83528","page","type-page","status-publish","hentry"],"acf":[],"_links":{"self":[{"href":"https:\/\/www.naturalremedy.com\/vi\/wp-json\/wp\/v2\/pages\/83528","targetHints":{"allow":["GET"]}}],"collection":[{"href":"https:\/\/www.naturalremedy.com\/vi\/wp-json\/wp\/v2\/pages"}],"about":[{"href":"https:\/\/www.naturalremedy.com\/vi\/wp-json\/wp\/v2\/types\/page"}],"author":[{"embeddable":true,"href":"https:\/\/www.naturalremedy.com\/vi\/wp-json\/wp\/v2\/users\/1"}],"replies":[{"embeddable":true,"href":"https:\/\/www.naturalremedy.com\/vi\/wp-json\/wp\/v2\/comments?post=83528"}],"version-history":[{"count":1,"href":"https:\/\/www.naturalremedy.com\/vi\/wp-json\/wp\/v2\/pages\/83528\/revisions"}],"predecessor-version":[{"id":83533,"href":"https:\/\/www.naturalremedy.com\/vi\/wp-json\/wp\/v2\/pages\/83528\/revisions\/83533"}],"wp:attachment":[{"href":"https:\/\/www.naturalremedy.com\/vi\/wp-json\/wp\/v2\/media?parent=83528"}],"curies":[{"name":"wp","href":"https:\/\/api.w.org\/{rel}","templated":true}]}}