{"id":83537,"date":"2025-11-05T08:17:22","date_gmt":"2025-11-05T08:17:22","guid":{"rendered":"https:\/\/www.naturalremedy.com\/haemoprotozoal-diseases-a-persistent-challenge-in-indian-diary-practice\/"},"modified":"2026-01-02T05:15:08","modified_gmt":"2026-01-02T05:15:08","slug":"haemoprotozoal-diseases-a-persistent-challenge-in-indian-diary-practice","status":"publish","type":"page","link":"https:\/\/www.naturalremedy.com\/vi\/haemoprotozoal-diseases-a-persistent-challenge-in-indian-diary-practice\/","title":{"rendered":"B\u1ec7nh Do K\u00fd Sinh Tr\u00f9ng M\u00e1u &#8211; M\u1ed9t Th\u00e1ch Th\u1ee9c Dai D\u1eb3ng Trong Th\u1ef1c H\u00e0nh Ch\u0103n Nu\u00f4i B\u00f2 S\u1eefa \u1ea4n \u0110\u1ed9"},"content":{"rendered":"\t\t<div data-elementor-type=\"wp-page\" data-elementor-id=\"83537\" class=\"elementor elementor-83537 elementor-57008\" data-elementor-post-type=\"page\">\n\t\t\t\t<div class=\"elementor-element elementor-element-e0d53de e-flex e-con-boxed e-con e-parent\" data-id=\"e0d53de\" data-element_type=\"container\" data-e-type=\"container\">\n\t\t\t\t\t<div class=\"e-con-inner\">\n\t\t<div class=\"elementor-element elementor-element-5a7984d e-con-full e-flex e-con e-child\" data-id=\"5a7984d\" data-element_type=\"container\" data-e-type=\"container\">\n\t\t\t\t<div class=\"elementor-element elementor-element-050ff37 elementor-hidden-mobile elementor-widget elementor-widget-image\" data-id=\"050ff37\" data-element_type=\"widget\" data-e-type=\"widget\" data-widget_type=\"image.default\">\n\t\t\t\t\t\t\t\t\t\t\t\t\t\t\t<img fetchpriority=\"high\" decoding=\"async\" width=\"800\" height=\"303\" src=\"https:\/\/www.naturalremedy.com\/wp-content\/uploads\/2025\/11\/Image_20251105_141231_783-1024x388.jpeg\" class=\"attachment-large size-large wp-image-83538\" alt=\"\" srcset=\"https:\/\/www.naturalremedy.com\/wp-content\/uploads\/2025\/11\/Image_20251105_141231_783-1024x388.jpeg 1024w, https:\/\/www.naturalremedy.com\/wp-content\/uploads\/2025\/11\/Image_20251105_141231_783-300x114.jpeg 300w, https:\/\/www.naturalremedy.com\/wp-content\/uploads\/2025\/11\/Image_20251105_141231_783-768x291.jpeg 768w, https:\/\/www.naturalremedy.com\/wp-content\/uploads\/2025\/11\/Image_20251105_141231_783-600x227.jpeg 600w, https:\/\/www.naturalremedy.com\/wp-content\/uploads\/2025\/11\/Image_20251105_141231_783-64x24.jpeg 64w, https:\/\/www.naturalremedy.com\/wp-content\/uploads\/2025\/11\/Image_20251105_141231_783.jpeg 1350w\" sizes=\"(max-width: 800px) 100vw, 800px\">\t\t\t\t\t\t\t\t\t\t\t\t\t\t\t<\/div>\n\t\t\t\t<div class=\"elementor-element elementor-element-3b1b4d4 elementor-hidden-desktop elementor-hidden-tablet elementor-widget elementor-widget-image\" data-id=\"3b1b4d4\" data-element_type=\"widget\" data-e-type=\"widget\" data-widget_type=\"image.default\">\n\t\t\t\t\t\t\t\t\t\t\t\t\t\t\t<img decoding=\"async\" width=\"800\" height=\"800\" src=\"https:\/\/www.naturalremedy.com\/wp-content\/uploads\/2025\/11\/WhatsApp-Image-2025-11-04-at-5.00.22-PM-1-1024x1024.jpeg\" class=\"attachment-large size-large wp-image-83390\" alt=\"\" srcset=\"https:\/\/www.naturalremedy.com\/wp-content\/uploads\/2025\/11\/WhatsApp-Image-2025-11-04-at-5.00.22-PM-1-1024x1024.jpeg 1024w, https:\/\/www.naturalremedy.com\/wp-content\/uploads\/2025\/11\/WhatsApp-Image-2025-11-04-at-5.00.22-PM-1-300x300.jpeg 300w, https:\/\/www.naturalremedy.com\/wp-content\/uploads\/2025\/11\/WhatsApp-Image-2025-11-04-at-5.00.22-PM-1-150x150.jpeg 150w, https:\/\/www.naturalremedy.com\/wp-content\/uploads\/2025\/11\/WhatsApp-Image-2025-11-04-at-5.00.22-PM-1-768x768.jpeg 768w, https:\/\/www.naturalremedy.com\/wp-content\/uploads\/2025\/11\/WhatsApp-Image-2025-11-04-at-5.00.22-PM-1-600x600.jpeg 600w, https:\/\/www.naturalremedy.com\/wp-content\/uploads\/2025\/11\/WhatsApp-Image-2025-11-04-at-5.00.22-PM-1-100x100.jpeg 100w, https:\/\/www.naturalremedy.com\/wp-content\/uploads\/2025\/11\/WhatsApp-Image-2025-11-04-at-5.00.22-PM-1-64x64.jpeg 64w, https:\/\/www.naturalremedy.com\/wp-content\/uploads\/2025\/11\/WhatsApp-Image-2025-11-04-at-5.00.22-PM-1.jpeg 1080w\" sizes=\"(max-width: 800px) 100vw, 800px\">\t\t\t\t\t\t\t\t\t\t\t\t\t\t\t<\/div>\n\t\t\t\t<div class=\"elementor-element elementor-element-4d58871 elementor-widget elementor-widget-heading\" data-id=\"4d58871\" data-element_type=\"widget\" data-e-type=\"widget\" data-widget_type=\"heading.default\">\n\t\t\t\t\t<h2 class=\"elementor-heading-title elementor-size-default\">B\u1ec7nh Do K\u00fd Sinh Tr\u00f9ng M\u00e1u - M\u1ed9t Th\u00e1ch Th\u1ee9c Dai D\u1eb3ng Trong Th\u1ef1c H\u00e0nh Ch\u0103n Nu\u00f4i B\u00f2 S\u1eefa \u1ea4n \u0110\u1ed9<\/h2>\t\t\t\t<\/div>\n\t\t\t\t<div class=\"elementor-element elementor-element-d486177 elementor-widget elementor-widget-text-editor\" data-id=\"d486177\" data-element_type=\"widget\" data-e-type=\"widget\" data-widget_type=\"text-editor.default\">\n\t\t\t\t\t\t\t\t\t<p>C\u00e1c b\u1ec7nh do k\u00fd sinh tr\u00f9ng m\u00e1u nh\u01b0 Theileriosis, Babesiosis v\u00e0 Anaplasmosis ti\u1ebfp t\u1ee5c l\u00e0 th\u00e1ch th\u1ee9c l\u1edbn \u0111\u1ed1i v\u1edbi \u0111\u00e0n b\u00f2 s\u1eefa \u1ea4n \u0110\u1ed9, d\u1eabn \u0111\u1ebfn thi\u1ec7t h\u1ea1i kinh t\u1ebf \u0111\u00e1ng k\u1ec3 do gi\u1ea3m s\u1ea3n l\u01b0\u1ee3ng s\u1eefa, v\u00f4 sinh v\u00e0 t\u1eed vong. M\u1eb7c d\u00f9 c\u00f3 nh\u1eefng ti\u1ebfn b\u1ed9 trong ch\u1ea9n \u0111o\u00e1n v\u00e0 \u0111i\u1ec1u tr\u1ecb, nh\u1eefng b\u1ec7nh nhi\u1ec5m tr\u00f9ng n\u00e0y v\u1eabn t\u1ed3n t\u1ea1i nh\u01b0 nh\u1eefng v\u1ea5n \u0111\u1ec1 \u0111\u1eb7c h\u1eefu \u1edf nhi\u1ec1u khu v\u1ef1c. <\/p><p>H\u1ed9i th\u1ea3o tr\u1ef1c tuy\u1ebfn n\u00e0y nh\u1eb1m cung c\u1ea5p hi\u1ec3u bi\u1ebft s\u00e2u s\u1eafc v\u1ec1 d\u1ecbch t\u1ec5 h\u1ecdc, b\u1ec7nh sinh, ch\u1ea9n \u0111o\u00e1n v\u00e0 qu\u1ea3n l\u00fd hi\u1ec7u qu\u1ea3 c\u00e1c b\u1ec7nh do k\u00fd sinh tr\u00f9ng m\u00e1u trong \u0111i\u1ec1u ki\u1ec7n th\u1ef1c \u0111\u1ecba t\u1ea1i \u1ea4n \u0110\u1ed9. Ti\u1ebfn s\u0129 Jagdish Gudewar s\u1ebd chia s\u1ebb kinh nghi\u1ec7m th\u1ef1c \u0111\u1ecba phong ph\u00fa, c\u00e1c hi\u1ec3u bi\u1ebft t\u1eeb ca b\u1ec7nh v\u00e0 chi\u1ebfn l\u01b0\u1ee3c th\u1ef1c ti\u1ec5n \u0111\u1ec3 c\u1ea3i thi\u1ec7n ki\u1ec3m so\u00e1t b\u1ec7nh t\u1ea1i trang tr\u1ea1i. <\/p><p><strong>C\u00e1c \u0110i\u1ec3m Th\u1ea3o Lu\u1eadn Ch\u00ednh:<\/strong><\/p><p>* D\u1ecbch t\u1ec5 h\u1ecdc v\u00e0 xu h\u01b0\u1edbng hi\u1ec7n t\u1ea1i c\u1ee7a nhi\u1ec5m k\u00fd sinh tr\u00f9ng m\u00e1u t\u1ea1i \u1ea4n \u0110\u1ed9<\/p><p>* Th\u00e1ch th\u1ee9c trong ch\u1ea9n \u0111o\u00e1n v\u00e0 di\u1ec5n gi\u1ea3i k\u1ebft qu\u1ea3 x\u00e9t nghi\u1ec7m<\/p><p>* T\u00e1c \u0111\u1ed9ng \u0111\u1ebfn n\u0103ng su\u1ea5t v\u00e0 hi\u1ec7u su\u1ea5t sinh s\u1ea3n<\/p><p>* Chi\u1ebfn l\u01b0\u1ee3c ki\u1ec3m so\u00e1t v\u00e0 ph\u00f2ng ng\u1eeba hi\u1ec7u qu\u1ea3: qu\u1ea3n l\u00fd v\u00e9c-t\u01a1, \u0111i\u1ec1u h\u00f2a mi\u1ec5n d\u1ecbch v\u00e0 ph\u01b0\u01a1ng ph\u00e1p h\u00f3a tr\u1ecb<\/p><p>* Nghi\u00ean c\u1ee9u ca b\u1ec7nh v\u00e0 kinh nghi\u1ec7m th\u1ef1c \u0111\u1ecba t\u1eeb v\u1eadt nu\u00f4i b\u00f2 s\u1eefa \u1ea4n \u0110\u1ed9<\/p><p>* Kh\u00e1ng thu\u1ed1c m\u1edbi xu\u1ea5t hi\u1ec7n v\u00e0 tri\u1ec3n v\u1ecdng t\u01b0\u01a1ng lai<\/p>\t\t\t\t\t\t\t\t<\/div>\n\t\t\t\t<\/div>\n\t\t<div class=\"elementor-element elementor-element-5310fd0 e-con-full e-flex e-con e-child\" data-id=\"5310fd0\" data-element_type=\"container\" data-e-type=\"container\">\n\t\t\t\t<div class=\"elementor-element elementor-element-742ef7e elementor-widget elementor-widget-heading\" data-id=\"742ef7e\" data-element_type=\"widget\" data-e-type=\"widget\" data-widget_type=\"heading.default\">\n\t\t\t\t\t<h2 class=\"elementor-heading-title elementor-size-default\">Chi Ti\u1ebft S\u1ef1 Ki\u1ec7n<\/h2>\t\t\t\t<\/div>\n\t\t<div class=\"elementor-element elementor-element-3cc3703 e-con-full e-flex e-con e-child\" data-id=\"3cc3703\" data-element_type=\"container\" data-e-type=\"container\" data-settings=\"{&quot;background_background&quot;:&quot;classic&quot;}\">\n\t\t\t\t<div class=\"elementor-element elementor-element-0c8d588 elementor-icon-list--layout-traditional elementor-list-item-link-full_width elementor-widget elementor-widget-icon-list\" data-id=\"0c8d588\" data-element_type=\"widget\" data-e-type=\"widget\" data-widget_type=\"icon-list.default\">\n\t\t\t\t\t\t\t<ul class=\"elementor-icon-list-items\">\n\t\t\t\t\t\t\t<li class=\"elementor-icon-list-item\">\n\t\t\t\t\t\t\t\t\t\t\t<span class=\"elementor-icon-list-icon\">\n\t\t\t\t\t\t\t<svg aria-hidden=\"true\" class=\"e-font-icon-svg e-far-calendar-alt\" viewBox=\"0 0 448 512\" xmlns=\"http:\/\/www.w3.org\/2000\/svg\"><path d=\"M148 288h-40c-6.6 0-12-5.4-12-12v-40c0-6.6 5.4-12 12-12h40c6.6 0 12 5.4 12 12v40c0 6.6-5.4 12-12 12zm108-12v-40c0-6.6-5.4-12-12-12h-40c-6.6 0-12 5.4-12 12v40c0 6.6 5.4 12 12 12h40c6.6 0 12-5.4 12-12zm96 0v-40c0-6.6-5.4-12-12-12h-40c-6.6 0-12 5.4-12 12v40c0 6.6 5.4 12 12 12h40c6.6 0 12-5.4 12-12zm-96 96v-40c0-6.6-5.4-12-12-12h-40c-6.6 0-12 5.4-12 12v40c0 6.6 5.4 12 12 12h40c6.6 0 12-5.4 12-12zm-96 0v-40c0-6.6-5.4-12-12-12h-40c-6.6 0-12 5.4-12 12v40c0 6.6 5.4 12 12 12h40c6.6 0 12-5.4 12-12zm192 0v-40c0-6.6-5.4-12-12-12h-40c-6.6 0-12 5.4-12 12v40c0 6.6 5.4 12 12 12h40c6.6 0 12-5.4 12-12zm96-260v352c0 26.5-21.5 48-48 48H48c-26.5 0-48-21.5-48-48V112c0-26.5 21.5-48 48-48h48V12c0-6.6 5.4-12 12-12h40c6.6 0 12 5.4 12 12v52h128V12c0-6.6 5.4-12 12-12h40c6.6 0 12 5.4 12 12v52h48c26.5 0 48 21.5 48 48zm-48 346V160H48v298c0 3.3 2.7 6 6 6h340c3.3 0 6-2.7 6-6z\"><\/path><\/svg>\t\t\t\t\t\t<\/span>\n\t\t\t\t\t\t\t\t\t\t<span class=\"elementor-icon-list-text\">22 th\u00e1ng 11 n\u0103m 2025<\/span>\n\t\t\t\t\t\t\t\t\t<\/li>\n\t\t\t\t\t\t\t\t<li class=\"elementor-icon-list-item\">\n\t\t\t\t\t\t\t\t\t\t\t<span class=\"elementor-icon-list-icon\">\n\t\t\t\t\t\t\t<svg aria-hidden=\"true\" class=\"e-font-icon-svg e-far-clock\" viewBox=\"0 0 512 512\" xmlns=\"http:\/\/www.w3.org\/2000\/svg\"><path d=\"M256 8C119 8 8 119 8 256s111 248 248 248 248-111 248-248S393 8 256 8zm0 448c-110.5 0-200-89.5-200-200S145.5 56 256 56s200 89.5 200 200-89.5 200-200 200zm61.8-104.4l-84.9-61.7c-3.1-2.3-4.9-5.9-4.9-9.7V116c0-6.6 5.4-12 12-12h32c6.6 0 12 5.4 12 12v141.7l66.8 48.6c5.4 3.9 6.5 11.4 2.6 16.8L334.6 349c-3.9 5.3-11.4 6.5-16.8 2.6z\"><\/path><\/svg>\t\t\t\t\t\t<\/span>\n\t\t\t\t\t\t\t\t\t\t<span class=\"elementor-icon-list-text\">19:00 - 20:30<\/span>\n\t\t\t\t\t\t\t\t\t<\/li>\n\t\t\t\t\t\t\t\t<li class=\"elementor-icon-list-item\">\n\t\t\t\t\t\t\t\t\t\t\t<span class=\"elementor-icon-list-icon\">\n\t\t\t\t\t\t\t<svg aria-hidden=\"true\" class=\"e-font-icon-svg e-fas-language\" viewBox=\"0 0 640 512\" xmlns=\"http:\/\/www.w3.org\/2000\/svg\"><path d=\"M152.1 236.2c-3.5-12.1-7.8-33.2-7.8-33.2h-.5s-4.3 21.1-7.8 33.2l-11.1 37.5H163zM616 96H336v320h280c13.3 0 24-10.7 24-24V120c0-13.3-10.7-24-24-24zm-24 120c0 6.6-5.4 12-12 12h-11.4c-6.9 23.6-21.7 47.4-42.7 69.9 8.4 6.4 17.1 12.5 26.1 18 5.5 3.4 7.3 10.5 4.1 16.2l-7.9 13.9c-3.4 5.9-10.9 7.8-16.7 4.3-12.6-7.8-24.5-16.1-35.4-24.9-10.9 8.7-22.7 17.1-35.4 24.9-5.8 3.5-13.3 1.6-16.7-4.3l-7.9-13.9c-3.2-5.6-1.4-12.8 4.2-16.2 9.3-5.7 18-11.7 26.1-18-7.9-8.4-14.9-17-21-25.7-4-5.7-2.2-13.6 3.7-17.1l6.5-3.9 7.3-4.3c5.4-3.2 12.4-1.7 16 3.4 5 7 10.8 14 17.4 20.9 13.5-14.2 23.8-28.9 30-43.2H412c-6.6 0-12-5.4-12-12v-16c0-6.6 5.4-12 12-12h64v-16c0-6.6 5.4-12 12-12h16c6.6 0 12 5.4 12 12v16h64c6.6 0 12 5.4 12 12zM0 120v272c0 13.3 10.7 24 24 24h280V96H24c-13.3 0-24 10.7-24 24zm58.9 216.1L116.4 167c1.7-4.9 6.2-8.1 11.4-8.1h32.5c5.1 0 9.7 3.3 11.4 8.1l57.5 169.1c2.6 7.8-3.1 15.9-11.4 15.9h-22.9a12 12 0 0 1-11.5-8.6l-9.4-31.9h-60.2l-9.1 31.8c-1.5 5.1-6.2 8.7-11.5 8.7H70.3c-8.2 0-14-8.1-11.4-15.9z\"><\/path><\/svg>\t\t\t\t\t\t<\/span>\n\t\t\t\t\t\t\t\t\t\t<span class=\"elementor-icon-list-text\">Ng\u00f4n ng\u1eef: Ti\u1ebfng Hindi<\/span>\n\t\t\t\t\t\t\t\t\t<\/li>\n\t\t\t\t\t\t<\/ul>\n\t\t\t\t\t\t<\/div>\n\t\t\t\t<\/div>\n\t\t\t\t<div class=\"elementor-element elementor-element-b4391c2 elementor-widget elementor-widget-button\" data-id=\"b4391c2\" data-element_type=\"widget\" data-e-type=\"widget\" data-widget_type=\"button.default\">\n\t\t\t\t\t\t\t\t\t\t<a class=\"elementor-button elementor-button-link elementor-size-sm\" href=\"https:\/\/us06web.zoom.us\/webinar\/register\/1017623194477\/WN_wZy5ou4JTk6xXet-UBo5aQ\" target=\"_blank\" rel=\"nofollow noopener\">\n\t\t\t\t\t\t<span class=\"elementor-button-content-wrapper\">\n\t\t\t\t\t\t\t\t\t<span class=\"elementor-button-text\">\u0110\u0103ng K\u00fd Ngay<\/span>\n\t\t\t\t\t<\/span>\n\t\t\t\t\t<\/a>\n\t\t\t\t\t\t\t\t<\/div>\n\t\t\t\t<\/div>\n\t\t\t\t\t<\/div>\n\t\t\t\t<\/div>\n\t\t<div class=\"elementor-element elementor-element-b470e7c e-flex e-con-boxed e-con e-parent\" data-id=\"b470e7c\" data-element_type=\"container\" data-e-type=\"container\" data-settings=\"{&quot;background_background&quot;:&quot;classic&quot;}\">\n\t\t\t\t\t<div class=\"e-con-inner\">\n\t\t<div class=\"elementor-element elementor-element-be8b527 e-con-full e-flex e-con e-child\" data-id=\"be8b527\" data-element_type=\"container\" data-e-type=\"container\">\n\t\t<div class=\"elementor-element elementor-element-5db28ca e-con-full e-flex e-con e-child\" data-id=\"5db28ca\" data-element_type=\"container\" data-e-type=\"container\">\n\t\t\t\t<div class=\"elementor-element elementor-element-58f1ef7 elementor-widget elementor-widget-image\" data-id=\"58f1ef7\" data-element_type=\"widget\" data-e-type=\"widget\" data-widget_type=\"image.default\">\n\t\t\t\t\t\t\t\t\t\t\t\t\t\t\t<img decoding=\"async\" width=\"667\" height=\"667\" src=\"https:\/\/www.naturalremedy.com\/wp-content\/uploads\/2025\/11\/WhatsApp-Image-2025-11-04-at-5.00.21-PM.jpeg\" class=\"attachment-large size-large wp-image-83389\" alt=\"Indian Diary Practice\" srcset=\"https:\/\/www.naturalremedy.com\/wp-content\/uploads\/2025\/11\/WhatsApp-Image-2025-11-04-at-5.00.21-PM.jpeg 667w, https:\/\/www.naturalremedy.com\/wp-content\/uploads\/2025\/11\/WhatsApp-Image-2025-11-04-at-5.00.21-PM-300x300.jpeg 300w, https:\/\/www.naturalremedy.com\/wp-content\/uploads\/2025\/11\/WhatsApp-Image-2025-11-04-at-5.00.21-PM-150x150.jpeg 150w, https:\/\/www.naturalremedy.com\/wp-content\/uploads\/2025\/11\/WhatsApp-Image-2025-11-04-at-5.00.21-PM-600x600.jpeg 600w, https:\/\/www.naturalremedy.com\/wp-content\/uploads\/2025\/11\/WhatsApp-Image-2025-11-04-at-5.00.21-PM-100x100.jpeg 100w, https:\/\/www.naturalremedy.com\/wp-content\/uploads\/2025\/11\/WhatsApp-Image-2025-11-04-at-5.00.21-PM-64x64.jpeg 64w\" sizes=\"(max-width: 667px) 100vw, 667px\" \/>\t\t\t\t\t\t\t\t\t\t\t\t\t\t\t<\/div>\n\t\t\t\t<\/div>\n\t\t<div class=\"elementor-element elementor-element-a177fb4 e-con-full e-flex e-con e-child\" data-id=\"a177fb4\" data-element_type=\"container\" data-e-type=\"container\">\n\t\t\t\t<div class=\"elementor-element elementor-element-b05d789 elementor-widget elementor-widget-heading\" data-id=\"b05d789\" data-element_type=\"widget\" data-e-type=\"widget\" data-widget_type=\"heading.default\">\n\t\t\t\t\t<h2 class=\"elementor-heading-title elementor-size-default\">Ti\u1ebfn s\u0129 Jagdish Gudewar<\/h2>\t\t\t\t<\/div>\n\t\t\t\t<div class=\"elementor-element elementor-element-4808f6b elementor-widget elementor-widget-text-editor\" data-id=\"4808f6b\" data-element_type=\"widget\" data-e-type=\"widget\" data-widget_type=\"text-editor.default\">\n\t\t\t\t\t\t\t\t\t<p>Ph\u00f3 Gi\u00e1o s\u01b0 K\u00fd sinh tr\u00f9ng h\u1ecdc Tr\u01b0\u1eddng Th\u00fa y Mumbai, Mumbai. \u0110\u1ea1i h\u1ecdc Khoa h\u1ecdc \u0110\u1ed9ng v\u1eadt &amp; Th\u1ee7y s\u1ea3n Maharashtra, Nagpur. <\/p>\t\t\t\t\t\t\t\t<\/div>\n\t\t\t\t<div class=\"elementor-element elementor-element-753f871 elementor-shape-circle e-grid-align-left elementor-grid-0 elementor-widget elementor-widget-social-icons\" data-id=\"753f871\" data-element_type=\"widget\" data-e-type=\"widget\" data-widget_type=\"social-icons.default\">\n\t\t\t\t\t\t\t<div class=\"elementor-social-icons-wrapper elementor-grid\">\n\t\t\t\t\t\t\t<span class=\"elementor-grid-item\">\n\t\t\t\t\t<a class=\"elementor-icon elementor-social-icon elementor-social-icon-linkedin elementor-repeater-item-1ac77d1\" href=\"https:\/\/www.linkedin.com\/in\/jagdish-gudewar-48562aa1\/\" target=\"_blank\" rel=\"nofollow noopener\">\n\t\t\t\t\t\t<span class=\"elementor-screen-only\">Linkedin<\/span>\n\t\t\t\t\t\t<svg aria-hidden=\"true\" class=\"e-font-icon-svg e-fab-linkedin\" viewBox=\"0 0 448 512\" xmlns=\"http:\/\/www.w3.org\/2000\/svg\"><path d=\"M416 32H31.9C14.3 32 0 46.5 0 64.3v383.4C0 465.5 14.3 480 31.9 480H416c17.6 0 32-14.5 32-32.3V64.3c0-17.8-14.4-32.3-32-32.3zM135.4 416H69V202.2h66.5V416zm-33.2-243c-21.3 0-38.5-17.3-38.5-38.5S80.9 96 102.2 96c21.2 0 38.5 17.3 38.5 38.5 0 21.3-17.2 38.5-38.5 38.5zm282.1 243h-66.4V312c0-24.8-.5-56.7-34.5-56.7-34.6 0-39.9 27-39.9 54.9V416h-66.4V202.2h63.7v29.2h.9c8.9-16.8 30.6-34.5 62.9-34.5 67.2 0 79.7 44.3 79.7 101.9V416z\"><\/path><\/svg>\t\t\t\t\t<\/a>\n\t\t\t\t<\/span>\n\t\t\t\t\t<\/div>\n\t\t\t\t\t\t<\/div>\n\t\t\t\t<\/div>\n\t\t\t\t<\/div>\n\t\t\t\t\t<\/div>\n\t\t\t\t<\/div>\n\t\t\t\t<\/div>\n\t\t","protected":false},"excerpt":{"rendered":"<p>B\u1ec7nh Do K\u00fd Sinh Tr\u00f9ng M\u00e1u &#8211; M\u1ed9t Th\u00e1ch Th\u1ee9c Dai D\u1eb3ng Trong Th\u1ef1c H\u00e0nh Ch\u0103n Nu\u00f4i B\u00f2 S\u1eefa \u1ea4n \u0110\u1ed9 C\u00e1c b\u1ec7nh do k\u00fd sinh tr\u00f9ng m\u00e1u nh\u01b0 Theileriosis, Babesiosis v\u00e0 Anaplasmosis ti\u1ebfp t\u1ee5c l\u00e0 th\u00e1ch th\u1ee9c l\u1edbn \u0111\u1ed1i v\u1edbi \u0111\u00e0n b\u00f2 s\u1eefa \u1ea4n \u0110\u1ed9, d\u1eabn \u0111\u1ebfn thi\u1ec7t h\u1ea1i kinh t\u1ebf \u0111\u00e1ng k\u1ec3 do [&hellip;]<\/p>\n","protected":false},"author":1,"featured_media":0,"parent":0,"menu_order":0,"comment_status":"closed","ping_status":"closed","template":"","meta":{"_acf_changed":false,"footnotes":""},"class_list":["post-83537","page","type-page","status-publish","hentry"],"acf":[],"_links":{"self":[{"href":"https:\/\/www.naturalremedy.com\/vi\/wp-json\/wp\/v2\/pages\/83537","targetHints":{"allow":["GET"]}}],"collection":[{"href":"https:\/\/www.naturalremedy.com\/vi\/wp-json\/wp\/v2\/pages"}],"about":[{"href":"https:\/\/www.naturalremedy.com\/vi\/wp-json\/wp\/v2\/types\/page"}],"author":[{"embeddable":true,"href":"https:\/\/www.naturalremedy.com\/vi\/wp-json\/wp\/v2\/users\/1"}],"replies":[{"embeddable":true,"href":"https:\/\/www.naturalremedy.com\/vi\/wp-json\/wp\/v2\/comments?post=83537"}],"version-history":[{"count":2,"href":"https:\/\/www.naturalremedy.com\/vi\/wp-json\/wp\/v2\/pages\/83537\/revisions"}],"predecessor-version":[{"id":104850,"href":"https:\/\/www.naturalremedy.com\/vi\/wp-json\/wp\/v2\/pages\/83537\/revisions\/104850"}],"wp:attachment":[{"href":"https:\/\/www.naturalremedy.com\/vi\/wp-json\/wp\/v2\/media?parent=83537"}],"curies":[{"name":"wp","href":"https:\/\/api.w.org\/{rel}","templated":true}]}}