{"id":83808,"date":"2021-06-09T16:52:53","date_gmt":"2021-06-09T16:52:53","guid":{"rendered":"https:\/\/www.naturalremedy.com\/shop\/chua-phan-loai\/poultry-kolin-plus\/"},"modified":"2026-01-19T06:39:27","modified_gmt":"2026-01-19T06:39:27","slug":"poultry-kolin-plus","status":"publish","type":"product","link":"https:\/\/www.naturalremedy.com\/vi\/monogastrics-poultry\/choline-chloride-replacement\/poultry-kolin-plus\/","title":{"rendered":"Kolin Plus \u1d40\u1d39"},"content":{"rendered":"","protected":false},"excerpt":{"rendered":"","protected":false},"featured_media":83813,"comment_status":"open","ping_status":"closed","template":"","meta":{"_acf_changed":false},"product_brand":[],"product_cat":[203,85,80,193,81,82],"product_tag":[],"class_list":{"0":"post-83808","1":"product","2":"type-product","3":"status-publish","4":"has-post-thumbnail","6":"product_cat-choline-chloride-replacement","7":"product_cat-choline-chloride-replacement-poultry-care-international","8":"product_cat-international","9":"product_cat-international-poultry","10":"product_cat-monogastrics","11":"product_cat-monogastrics-poultry","13":"first","14":"instock","15":"shipping-taxable","16":"product-type-simple"},"acf":{"product_name":"Kolin Plus","headline":"","product_thumbnail":83812,"product_content":"KOLIN PLUS l\u00e0 B\u1ed9t Th\u1ef1c V\u1eadt Ti\u00eau Chu\u1ea9n t\u1eeb Natural Remedies (NR-SBP). KOLIN PLUS l\u00e0 lo\u1ea1i b\u1ed9t \u0111\u00e3 \u0111\u01b0\u1ee3c ch\u1ee9ng minh gi\u00fap huy \u0111\u1ed9ng ch\u1ea5t b\u00e9o, chuy\u1ec3n h\u00f3a ch\u1ea5t b\u00e9o v\u00e0 t\u0103ng tr\u01b0\u1edfng c\u01a1 b\u1eafp t\u1ed1i \u01b0u. KOLIN PLUS l\u00e0 Choline T\u1ef1 Nhi\u00ean cho gia c\u1ea7m v\u00e0 l\u00e0 gi\u1ea3i ph\u00e1p thay th\u1ebf xanh h\u01a1n cho choline chloride.  \n\nKOLIN PLUS \u0111\u01b0\u1ee3c thi\u1ebft k\u1ebf \u0111\u1ec3 kh\u1eafc ph\u1ee5c nh\u1eefng nh\u01b0\u1ee3c \u0111i\u1ec3m c\u1ee7a choline chloride m\u00e0 kh\u00f4ng \u1ea3nh h\u01b0\u1edfng \u0111\u1ebfn hi\u1ec7u su\u1ea5t c\u1ee7a gia c\u1ea7m ho\u1eb7c l\u1ee3n. \u0110\u00e2y l\u00e0 c\u00f4ng th\u1ee9c \u0111a th\u1ea3o d\u01b0\u1ee3c bao g\u1ed3m h\u1ed7n h\u1ee3p m\u1ea1nh m\u1ebd c\u1ee7a catechin, curcuminoid, axit gallic v\u00e0 nhi\u1ec1u polyphenol, gi\u00fap chuy\u1ec3n h\u00f3a v\u00e0 huy \u0111\u1ed9ng ch\u1ea5t b\u00e9o hi\u1ec7u qu\u1ea3. \n\nKOLIN PLUS c\u0169ng ch\u1ee9a phosphatidylcholine gi\u00fap ph\u00e1t tri\u1ec3n c\u1ea5u tr\u00fac t\u1ebf b\u00e0o v\u00e0 t\u0103ng tr\u01b0\u1edfng t\u1ed5ng th\u1ec3.","availability_in":[{"available":"Bao 25 Kg"}],"product_video_text":"","product_video":"","usp_content":"KOLIN PLUS l\u00e0 gi\u1ea3i ph\u00e1p thay th\u1ebf choline chloride ti\u1ec7n l\u1ee3i, t\u01b0\u01a1ng th\u00edch, hi\u1ec7u qu\u1ea3 v\u1ec1 chi ph\u00ed v\u00e0 an to\u00e0n.","features_content":"","usage_content":"<ul>\n \t<li>Thay th\u1ebf 100% Choline chloride 60%.<\/li>\n \t<li>1 kg choline chloride c\u00f3 th\u1ec3 \u0111\u01b0\u1ee3c thay th\u1ebf b\u1eb1ng 250 g-330 g\/t\u1ea5n Kolin Plus.<\/li>\n<\/ul>","benfits":"","mixing_rate_content":"","target_species":[{"svg_icon":83830,"species_name":"Gia c\u1ea7m"},{"svg_icon":83832,"species_name":"Heo"}],"continent":["South East Asia","South Asia","East Asia","Latin American"],"faqs":null,"certifications":[{"certificate_image":92976},{"certificate_image":92969},{"certificate_image":92968}]},"_links":{"self":[{"href":"https:\/\/www.naturalremedy.com\/vi\/wp-json\/wp\/v2\/product\/83808","targetHints":{"allow":["GET"]}}],"collection":[{"href":"https:\/\/www.naturalremedy.com\/vi\/wp-json\/wp\/v2\/product"}],"about":[{"href":"https:\/\/www.naturalremedy.com\/vi\/wp-json\/wp\/v2\/types\/product"}],"replies":[{"embeddable":true,"href":"https:\/\/www.naturalremedy.com\/vi\/wp-json\/wp\/v2\/comments?post=83808"}],"version-history":[{"count":1,"href":"https:\/\/www.naturalremedy.com\/vi\/wp-json\/wp\/v2\/product\/83808\/revisions"}],"predecessor-version":[{"id":83895,"href":"https:\/\/www.naturalremedy.com\/vi\/wp-json\/wp\/v2\/product\/83808\/revisions\/83895"}],"wp:featuredmedia":[{"embeddable":true,"href":"https:\/\/www.naturalremedy.com\/vi\/wp-json\/wp\/v2\/media\/83813"}],"wp:attachment":[{"href":"https:\/\/www.naturalremedy.com\/vi\/wp-json\/wp\/v2\/media?parent=83808"}],"wp:term":[{"taxonomy":"product_brand","embeddable":true,"href":"https:\/\/www.naturalremedy.com\/vi\/wp-json\/wp\/v2\/product_brand?post=83808"},{"taxonomy":"product_cat","embeddable":true,"href":"https:\/\/www.naturalremedy.com\/vi\/wp-json\/wp\/v2\/product_cat?post=83808"},{"taxonomy":"product_tag","embeddable":true,"href":"https:\/\/www.naturalremedy.com\/vi\/wp-json\/wp\/v2\/product_tag?post=83808"}],"curies":[{"name":"wp","href":"https:\/\/api.w.org\/{rel}","templated":true}]}}