{"id":83814,"date":"2021-06-09T17:00:10","date_gmt":"2021-06-09T17:00:10","guid":{"rendered":"https:\/\/www.naturalremedy.com\/shop\/chua-phan-loai\/swine-stodi\/"},"modified":"2026-01-19T06:39:28","modified_gmt":"2026-01-19T06:39:28","slug":"swine-stodi","status":"publish","type":"product","link":"https:\/\/www.naturalremedy.com\/vi\/monogastrics-swine\/diarrhoea-management-and-gut-health\/swine-stodi\/","title":{"rendered":"Stodi \u00ae"},"content":{"rendered":"","protected":false},"excerpt":{"rendered":"","protected":false},"featured_media":83816,"comment_status":"open","ping_status":"closed","template":"","meta":{"_acf_changed":false},"product_brand":[],"product_cat":[94,80,195,81,91,207],"product_tag":[],"class_list":{"0":"post-83814","1":"product","2":"type-product","3":"status-publish","4":"has-post-thumbnail","6":"product_cat-diarrhoea-management-and-gut-health-swine-care-international","7":"product_cat-international","8":"product_cat-international-swine","9":"product_cat-monogastrics","10":"product_cat-monogastrics-swine","11":"product_cat-swine-diarrhoea-management-and-gut-health","13":"first","14":"instock","15":"shipping-taxable","16":"product-type-simple"},"acf":{"product_name":"Stodi","headline":"Gi\u1ea3i ph\u00e1p t\u1ef1 nhi\u00ean \u0111\u1ec3 ng\u0103n ng\u1eeba ti\u00eau ch\u1ea3y","product_thumbnail":811,"product_content":"B\u1ed9t th\u1ea3o d\u01b0\u1ee3c chu\u1ea9n h\u00f3a (NRSBP) \u0111\u1ec3 ng\u0103n ng\u1eeba ti\u00eau ch\u1ea3y sau cai s\u1eefa \u1edf heo con gi\u00fap c\u1ea3i thi\u1ec7n s\u1ef1 to\u00e0n v\u1eb9n c\u1ee7a ru\u1ed9t v\u00e0 b\u1ea3o v\u1ec7 s\u1ee9c kh\u1ecfe \u0111\u01b0\u1eddng ru\u1ed9t.\n\nSTODI \u0111\u00e3 \u0111\u01b0\u1ee3c ch\u1ee9ng minh l\u00e0 c\u00f3 l\u1ee3i cho h\u1ec7 vi sinh \u0111\u01b0\u1eddng ru\u1ed9t v\u00e0 c\u0169ng gi\u1ea3m s\u1ef1 ph\u1ee5 thu\u1ed9c v\u00e0o kh\u00e1ng sinh khi \u0111\u01b0\u1ee3c s\u1eed d\u1ee5ng \u0111\u1ec3 ki\u1ec3m so\u00e1t ti\u00eau ch\u1ea3y sau cai s\u1eefa v\u00e0 l\u1ef5 \u1edf heo tr\u01b0\u1edfng th\u00e0nh.\n\nN\u00f3 c\u0169ng \u0111\u00e3 \u0111\u01b0\u1ee3c ghi nh\u1eadn l\u00e0 c\u1ea3i thi\u1ec7n c\u00e1c th\u00f4ng s\u1ed1 t\u0103ng c\u00e2n v\u00e0 c\u1ea3i thi\u1ec7n \u0111\u1ed9 \u0111\u1ed3ng nh\u1ea5t c\u1ee7a ph\u00e2n \u1edf heo con so v\u1edbi oxit k\u1ebdm \u1edf li\u1ec1u l\u01b0\u1ee3ng t\u01b0\u01a1ng t\u1ef1.\n\n<strong>Th\u00e0nh ph\u1ea7n: <\/strong>\nS\u1ef1 k\u1ebft h\u1ee3p c\u1ed9ng h\u01b0\u1edfng c\u1ee7a c\u00e1c h\u1ee3p ch\u1ea5t th\u1ef1c v\u1eadt nh\u01b0 Andrographolide, Punicalagins v\u00e0 c\u00e1c Ellagitannin & Polyphenol kh\u00e1c t\u1eeb c\u00e1c lo\u1ea1i th\u1ea3o m\u1ed9c \u0111\u01b0\u1ee3c ch\u1ecdn l\u1ecdc.","availability_in":[{"available":"Bao 25Kg"},{"available":"Bao 500Kg"}],"product_video_text":"","product_video":"","usp_content":"<ul>\n \t<li>Ng\u0103n ng\u1eeba ti\u00eau ch\u1ea3y.<\/li>\n \t<li>B\u1ea3o v\u1ec7 s\u1ef1 to\u00e0n v\u1eb9n v\u00e0 h\u1ec7 vi sinh \u0111\u01b0\u1eddng ru\u1ed9t.<\/li>\n \t<li>An to\u00e0n cho m\u00f4i tr\u01b0\u1eddng.<\/li>\n \t<li>\u0110\u1ea3m b\u1ea3o t\u0103ng tr\u01b0\u1edfng.<\/li>\n \t<li>An to\u00e0n cho chu\u1ed7i th\u1ef1c ph\u1ea9m.<\/li>\n \t<li>C\u1ea3i thi\u1ec7n mi\u1ec5n d\u1ecbch v\u00e0 h\u1ec7 vi sinh \u0111\u01b0\u1eddng ru\u1ed9t.<\/li>\n<\/ul>","features_content":"","usage_content":"<ul>\n \t<li>Giai \u0111o\u1ea1n ti\u1ec1n kh\u1edfi \u0111\u1ed9ng: T\u1ed1i \u0111a 4 kg m\u1ed7i t\u1ea5n th\u1ee9c \u0103n trong tr\u01b0\u1eddng h\u1ee3p ti\u00eau ch\u1ea3y PWD nghi\u00eam tr\u1ecdng trong \u00edt nh\u1ea5t 2 tu\u1ea7n.<\/li>\n \t<li>Giai \u0111o\u1ea1n kh\u1edfi \u0111\u1ed9ng: 2-4 kg m\u1ed7i t\u1ea5n th\u1ee9c \u0103n cho \u0111\u1ebfn khi ti\u00eau ch\u1ea3y gi\u1ea3m.<\/li>\n \t<li>L\u1ef5 \u1edf heo: 4 kg m\u1ed7i t\u1ea5n th\u1ee9c \u0103n trong \u00edt nh\u1ea5t 2 tu\u1ea7n.<\/li>\n<\/ul>","benfits":"","mixing_rate_content":"","target_species":[{"svg_icon":83832,"species_name":"Heo"}],"continent":["South East Asia","East Asia","Middle East","Europe","Latin American","South American"],"faqs":null,"certifications":[{"certificate_image":92976},{"certificate_image":92969},{"certificate_image":92968}]},"_links":{"self":[{"href":"https:\/\/www.naturalremedy.com\/vi\/wp-json\/wp\/v2\/product\/83814","targetHints":{"allow":["GET"]}}],"collection":[{"href":"https:\/\/www.naturalremedy.com\/vi\/wp-json\/wp\/v2\/product"}],"about":[{"href":"https:\/\/www.naturalremedy.com\/vi\/wp-json\/wp\/v2\/types\/product"}],"replies":[{"embeddable":true,"href":"https:\/\/www.naturalremedy.com\/vi\/wp-json\/wp\/v2\/comments?post=83814"}],"version-history":[{"count":1,"href":"https:\/\/www.naturalremedy.com\/vi\/wp-json\/wp\/v2\/product\/83814\/revisions"}],"predecessor-version":[{"id":83897,"href":"https:\/\/www.naturalremedy.com\/vi\/wp-json\/wp\/v2\/product\/83814\/revisions\/83897"}],"wp:featuredmedia":[{"embeddable":true,"href":"https:\/\/www.naturalremedy.com\/vi\/wp-json\/wp\/v2\/media\/83816"}],"wp:attachment":[{"href":"https:\/\/www.naturalremedy.com\/vi\/wp-json\/wp\/v2\/media?parent=83814"}],"wp:term":[{"taxonomy":"product_brand","embeddable":true,"href":"https:\/\/www.naturalremedy.com\/vi\/wp-json\/wp\/v2\/product_brand?post=83814"},{"taxonomy":"product_cat","embeddable":true,"href":"https:\/\/www.naturalremedy.com\/vi\/wp-json\/wp\/v2\/product_cat?post=83814"},{"taxonomy":"product_tag","embeddable":true,"href":"https:\/\/www.naturalremedy.com\/vi\/wp-json\/wp\/v2\/product_tag?post=83814"}],"curies":[{"name":"wp","href":"https:\/\/api.w.org\/{rel}","templated":true}]}}