{"id":83833,"date":"2021-06-09T16:50:57","date_gmt":"2021-06-09T16:50:57","guid":{"rendered":"https:\/\/www.naturalremedy.com\/shop\/chua-phan-loai\/swine-respease\/"},"modified":"2026-01-19T06:39:26","modified_gmt":"2026-01-19T06:39:26","slug":"swine-respease","status":"publish","type":"product","link":"https:\/\/www.naturalremedy.com\/vi\/monogastrics-swine\/respiratory-health\/swine-respease\/","title":{"rendered":"Respease \u1d40\u1d39"},"content":{"rendered":"","protected":false},"excerpt":{"rendered":"","protected":false},"featured_media":83834,"comment_status":"open","ping_status":"closed","template":"","meta":{"_acf_changed":false},"product_brand":[],"product_cat":[80,195,81,97,91,205],"product_tag":[],"class_list":{"0":"post-83833","1":"product","2":"type-product","3":"status-publish","4":"has-post-thumbnail","6":"product_cat-international","7":"product_cat-international-swine","8":"product_cat-monogastrics","9":"product_cat-respiratory-health-swine-care-international","10":"product_cat-monogastrics-swine","11":"product_cat-swine-respiratory-health","13":"first","14":"instock","15":"shipping-taxable","16":"product-type-simple"},"acf":{"product_name":"Respease ","headline":"\u0110\u1ec3 ki\u1ec3m so\u00e1t tri\u1ec7u ch\u1ee9ng c\u00e1c r\u1ed1i lo\u1ea1n h\u00f4 h\u1ea5p ","product_thumbnail":1070,"product_content":"C\u00e1c ho\u1ea1t ch\u1ea5t th\u1ef1c v\u1eadt trong Respease ch\u1ee7 y\u1ebfu l\u00e0 Glycerrhizins, Vasicine, axit ursolic v\u00e0 polyphenol. Respease \u0111\u1ea3m b\u1ea3o mang l\u1ea1i nhi\u1ec1u l\u1ee3i \u00edch cho \u0111\u00e0n heo. C\u00f9ng nhau, ch\u00fang gi\u00fap c\u1ea3i thi\u1ec7n kh\u1ea3 n\u0103ng ph\u1ee5c h\u1ed3i c\u1ee7a heo tr\u01b0\u1edbc c\u00e1c th\u00e1ch th\u1ee9c v\u1ec1 h\u00f4 h\u1ea5p c\u00f3 ngu\u1ed3n g\u1ed1c \u0111\u00e3 bi\u1ebft v\u00e0 ch\u01b0a bi\u1ebft.  ","availability_in":[{"available":"25 kg"},{"available":"500 kg "},{"available":"1 L\u00edt"},{"available":" 5 L\u00edt"}],"product_video_text":"","product_video":"","usp_content":"<ul>\n \t<li>Ch\u1ed1ng vi\u00eam.<\/li>\n \t<li>Ti\u00eau \u0111\u1eddm.<\/li>\n \t<li>Kh\u1ea1c \u0111\u1eddm.<\/li>\n \t<li>Ch\u1ed1ng oxy h\u00f3a.<\/li>\n \t<li>Ch\u1ed1ng co th\u1eaft & Gi\u00e3n ph\u1ebf qu\u1ea3n.<\/li>\n<\/ul>","features_content":"","usage_content":"<ul>\n \t<li>C\u00f3 th\u1ec3 s\u1eed d\u1ee5ng \u0111\u1ec3 ph\u00f2ng ng\u1eeba suy h\u00f4 h\u1ea5p \u1edf heo v\u1edbi li\u1ec1u l\u01b0\u1ee3ng 1kg tr\u00ean m\u1ed9t t\u1ea5n th\u1ee9c \u0103n.<\/li>\n \t<li>C\u00f3 th\u1ec3 s\u1eed d\u1ee5ng \u0111\u1ec3 \u0111i\u1ec1u tr\u1ecb suy h\u00f4 h\u1ea5p \u1edf heo trong t\u1ed1i thi\u1ec3u 1 tu\u1ea7n v\u1edbi li\u1ec1u l\u01b0\u1ee3ng 2-3kg tr\u00ean m\u1ed9t t\u1ea5n th\u1ee9c \u0103n.<\/li>\n<\/ul>","benfits":"","mixing_rate_content":"","target_species":[{"svg_icon":83832,"species_name":"Heo"}],"continent":["South East Asia","East Asia","Middle East","Europe","Latin American","South American"],"faqs":null,"certifications":[{"certificate_image":92976},{"certificate_image":92969},{"certificate_image":92968}]},"_links":{"self":[{"href":"https:\/\/www.naturalremedy.com\/vi\/wp-json\/wp\/v2\/product\/83833","targetHints":{"allow":["GET"]}}],"collection":[{"href":"https:\/\/www.naturalremedy.com\/vi\/wp-json\/wp\/v2\/product"}],"about":[{"href":"https:\/\/www.naturalremedy.com\/vi\/wp-json\/wp\/v2\/types\/product"}],"replies":[{"embeddable":true,"href":"https:\/\/www.naturalremedy.com\/vi\/wp-json\/wp\/v2\/comments?post=83833"}],"version-history":[{"count":1,"href":"https:\/\/www.naturalremedy.com\/vi\/wp-json\/wp\/v2\/product\/83833\/revisions"}],"predecessor-version":[{"id":83896,"href":"https:\/\/www.naturalremedy.com\/vi\/wp-json\/wp\/v2\/product\/83833\/revisions\/83896"}],"wp:featuredmedia":[{"embeddable":true,"href":"https:\/\/www.naturalremedy.com\/vi\/wp-json\/wp\/v2\/media\/83834"}],"wp:attachment":[{"href":"https:\/\/www.naturalremedy.com\/vi\/wp-json\/wp\/v2\/media?parent=83833"}],"wp:term":[{"taxonomy":"product_brand","embeddable":true,"href":"https:\/\/www.naturalremedy.com\/vi\/wp-json\/wp\/v2\/product_brand?post=83833"},{"taxonomy":"product_cat","embeddable":true,"href":"https:\/\/www.naturalremedy.com\/vi\/wp-json\/wp\/v2\/product_cat?post=83833"},{"taxonomy":"product_tag","embeddable":true,"href":"https:\/\/www.naturalremedy.com\/vi\/wp-json\/wp\/v2\/product_tag?post=83833"}],"curies":[{"name":"wp","href":"https:\/\/api.w.org\/{rel}","templated":true}]}}