{"id":84029,"date":"2025-08-26T08:44:16","date_gmt":"2025-08-26T08:44:16","guid":{"rendered":"https:\/\/www.naturalremedy.com\/privacy-policy\/"},"modified":"2026-01-02T05:18:38","modified_gmt":"2026-01-02T05:18:38","slug":"privacy-policy","status":"publish","type":"page","link":"https:\/\/www.naturalremedy.com\/vn\/privacy-policy\/","title":{"rendered":"Ch\u00ednh s\u00e1ch b\u1ea3o m\u1eadt"},"content":{"rendered":"\t\t<div data-elementor-type=\"wp-page\" data-elementor-id=\"84029\" class=\"elementor elementor-84029 elementor-23025\" data-elementor-post-type=\"page\">\n\t\t\t\t<div class=\"elementor-element elementor-element-0c58aa1 e-flex e-con-boxed e-con e-parent\" data-id=\"0c58aa1\" data-element_type=\"container\" data-e-type=\"container\" data-settings=\"{&quot;background_background&quot;:&quot;classic&quot;}\">\n\t\t\t\t\t<div class=\"e-con-inner\">\n\t\t\t\t<div class=\"elementor-element elementor-element-e640fbb elementor-widget elementor-widget-heading\" data-id=\"e640fbb\" data-element_type=\"widget\" data-e-type=\"widget\" data-widget_type=\"heading.default\">\n\t\t\t\t\t<h2 class=\"elementor-heading-title elementor-size-default\">Ch\u00ednh s\u00e1ch b\u1ea3o m\u1eadt<\/h2>\t\t\t\t<\/div>\n\t\t\t\t<div class=\"elementor-element elementor-element-79b0b44 elementor-widget elementor-widget-text-editor\" data-id=\"79b0b44\" data-element_type=\"widget\" data-e-type=\"widget\" data-widget_type=\"text-editor.default\">\n\t\t\t\t\t\t\t\t\t<p class=\"sec-title text-center\">Ch\u00fang t\u00f4i, C\u00f4ng ty TNHH Natural Remedies, coi tr\u1ecdng quy\u1ec1n ri\u00eang t\u01b0 c\u1ee7a b\u1ea1n. Ch\u00ednh s\u00e1ch b\u1ea3o m\u1eadt c\u1ee7a ch\u00fang t\u00f4i \u0111\u00e3 quy \u0111\u1ecbnh c\u00e1c h\u01b0\u1edbng d\u1eabn \u0111\u1ec3 \u0111\u1ea3m b\u1ea3o quy\u1ec1n ri\u00eang t\u01b0 c\u1ee7a b\u1ea1n \u0111\u01b0\u1ee3c b\u1ea3o v\u1ec7. C\u00e1c h\u01b0\u1edbng d\u1eabn sau \u0111\u00e2y \u0111\u1ea3m b\u1ea3o r\u1eb1ng th\u00f4ng tin ch\u00fang t\u00f4i thu th\u1eadp v\u1ec1 b\u1ea1n kh\u00f4ng b\u1ecb l\u1ea1m d\u1ee5ng.  <\/p><ul><li><p>N\u1ebfu b\u1ea1n ch\u1ecdn cung c\u1ea5p cho ch\u00fang t\u00f4i th\u00f4ng tin c\u00e1 nh\u00e2n qua Internet m\u00e0 ch\u00fang t\u00f4i ho\u1eb7c c\u00e1c \u0111\u1ed1i t\u00e1c kinh doanh c\u1ee7a ch\u00fang t\u00f4i c\u00f3 th\u1ec3 c\u1ea7n &#8211; \u0111\u1ec3 li\u00ean l\u1ea1c v\u1edbi b\u1ea1n, x\u1eed l\u00fd y\u00eau c\u1ea7u th\u00f4ng tin ho\u1eb7c cung c\u1ea5p cho b\u1ea1n m\u1ed9t b\u1ea3n t\u1ea3i xu\u1ed1ng, ch\u1eb3ng h\u1ea1n &#8211; ch\u00fang t\u00f4i c\u00f3 \u00fd \u0111\u1ecbnh cho b\u1ea1n bi\u1ebft c\u00e1ch ch\u00fang t\u00f4i s\u1ebd s\u1eed d\u1ee5ng th\u00f4ng tin \u0111\u00f3. N\u1ebfu b\u1ea1n cho ch\u00fang t\u00f4i bi\u1ebft r\u1eb1ng b\u1ea1n kh\u00f4ng mu\u1ed1n th\u00f4ng tin n\u00e0y \u0111\u01b0\u1ee3c s\u1eed d\u1ee5ng l\u00e0m c\u01a1 s\u1edf cho vi\u1ec7c li\u00ean l\u1ea1c th\u00eam v\u1edbi b\u1ea1n, ch\u00fang t\u00f4i s\u1ebd t\u00f4n tr\u1ecdng mong mu\u1ed1n c\u1ee7a b\u1ea1n. <\/p><\/li><li><p>Ch\u00fang t\u00f4i kh\u00f4ng ph\u00e2n t\u00edch d\u1eef li\u1ec7u theo d\u00f5i mi\u1ec1n m\u00e0 t\u1eeb \u0111\u00f3 m\u1ecdi ng\u01b0\u1eddi truy c\u1eadp v\u00e0o ch\u00fang t\u00f4i \u0111\u1ec3 x\u00e1c \u0111\u1ecbnh danh t\u00ednh c\u00e1 nh\u00e2n c\u1ee7a b\u1ea1n.<\/p><\/li><li><p>B\u1ea3n quy\u1ec1n v\u00e0 Th\u01b0\u01a1ng hi\u1ec7u: Tr\u1eeb khi c\u00f3 quy \u0111\u1ecbnh kh\u00e1c, b\u1ea3n quy\u1ec1n v\u00e0 t\u1ea5t c\u1ea3 c\u00e1c quy\u1ec1n s\u1edf h\u1eefu tr\u00ed tu\u1ec7 trong t\u1ea5t c\u1ea3 t\u00e0i li\u1ec7u \u0111\u01b0\u1ee3c tr\u00ecnh b\u00e0y tr\u00ean trang web (bao g\u1ed3m nh\u01b0ng kh\u00f4ng gi\u1edbi h\u1ea1n \u1edf v\u0103n b\u1ea3n, \u00e2m thanh, video ho\u1eb7c h\u00ecnh \u1ea3nh \u0111\u1ed3 h\u1ecda), th\u01b0\u01a1ng hi\u1ec7u v\u00e0 logo xu\u1ea5t hi\u1ec7n tr\u00ean trang web n\u00e0y l\u00e0 t\u00e0i s\u1ea3n c\u1ee7a C\u00f4ng ty TNHH Natural Remedies, c\u00e1c c\u00f4ng ty li\u00ean k\u1ebft v\u00e0 \u0111\u1ed1i t\u00e1c v\u00e0 \u0111\u01b0\u1ee3c b\u1ea3o v\u1ec7 theo lu\u1eadt ph\u00e1p \u1ea4n \u0110\u1ed9 hi\u1ec7n h\u00e0nh.<\/p><\/li><li><p>Tr\u1eeb nh\u1eefng tr\u01b0\u1eddng h\u1ee3p ph\u00e1p lu\u1eadt y\u00eau c\u1ea7u ch\u00fang t\u00f4i ti\u1ebft l\u1ed9 th\u00f4ng tin, ch\u00fang t\u00f4i s\u1ebd kh\u00f4ng ti\u1ebft l\u1ed9 th\u00f4ng tin v\u1ec1 b\u1ea1n cho b\u1ea5t k\u1ef3 b\u00ean th\u1ee9 ba n\u00e0o. \u0110i\u1ec1u n\u00e0y c\u0169ng b\u1ea3o v\u1ec7 b\u1ea1n kh\u1ecfi vi\u1ec7c b\u00e1n, cho thu\u00ea, trao \u0111\u1ed5i ho\u1eb7c hi\u1ec3n th\u1ecb th\u00f4ng tin c\u00e1 nh\u00e2n c\u1ee7a b\u1ea1n cho b\u1ea5t k\u1ef3 b\u00ean th\u1ee9 ba n\u00e0o; v\u00e0 ch\u00fang t\u00f4i s\u1ebd kh\u00f4ng s\u1eed d\u1ee5ng \u0111\u1ecba ch\u1ec9 email c\u1ee7a b\u1ea1n cho c\u00e1c ho\u1ea1t \u0111\u1ed9ng ti\u1ebfp th\u1ecb kh\u00f4ng mong mu\u1ed1n tr\u1eeb khi ch\u00fang t\u00f4i c\u00f3 s\u1ef1 cho ph\u00e9p c\u1ee7a b\u1ea1n. <\/p><\/li><li><p>B\u1ea1n c\u0169ng \u0111\u1ed3ng \u00fd cho ph\u00e9p C\u00f4ng ty TNHH Natural Remedies ti\u1ebft l\u1ed9 th\u00f4ng tin v\u1ec1 b\u1ea1n cho c\u00e1c b\u00ean th\u1ef1c t\u1ebf ho\u1eb7c ti\u1ec1m n\u0103ng trong m\u1ed9t v\u1ee5 ki\u1ec7n m\u00e0 C\u00f4ng ty TNHH Natural Remedies \u0111ang ho\u1eb7c c\u00f3 th\u1ec3 tham gia (a) n\u1ebfu \u0111\u01b0\u1ee3c y\u00eau c\u1ea7u l\u00e0m nh\u01b0 v\u1eady, (b) n\u1ebfu c\u00f4ng ty tin t\u01b0\u1edfng h\u1ee3p l\u00fd r\u1eb1ng vi\u1ec7c ti\u1ebft l\u1ed9 nh\u01b0 v\u1eady c\u00f3 th\u1ec3 gi\u1ea3m thi\u1ec3u tr\u00e1ch nhi\u1ec7m c\u1ee7a m\u00ecnh, ho\u1eb7c (c) \u0111\u1ec3 th\u1ef1c thi quy\u1ec1n c\u1ee7a m\u00ecnh.   <\/p><\/li><li><p>Trong tr\u01b0\u1eddng h\u1ee3p C\u00f4ng ty TNHH Natural Remedies b\u00e1n ph\u1ea7n l\u1edbn t\u00e0i s\u1ea3n c\u1ee7a m\u00ecnh ho\u1eb7c b\u1ecb mua l\u1ea1i (ho\u1eb7c ng\u1eebng ho\u1ea1t \u0111\u1ed9ng ho\u1eb7c ph\u00e1 s\u1ea3n), th\u00f4ng tin kh\u00e1ch h\u00e0ng th\u01b0\u1eddng l\u00e0 m\u1ed9t trong nh\u1eefng t\u00e0i s\u1ea3n kinh doanh \u0111\u01b0\u1ee3c chuy\u1ec3n giao li\u00ean quan \u0111\u1ebfn giao d\u1ecbch \u0111\u00f3. B\u1ea1n th\u1eeba nh\u1eadn r\u1eb1ng c\u00e1c chuy\u1ec3n giao nh\u01b0 v\u1eady c\u00f3 th\u1ec3 x\u1ea3y ra v\u00e0 b\u1ea5t k\u1ef3 ng\u01b0\u1eddi mua n\u00e0o c\u1ee7a C\u00f4ng ty TNHH Natural Remedies c\u00f3 th\u1ec3 ti\u1ebfp t\u1ee5c s\u1eed d\u1ee5ng th\u00f4ng tin c\u00e1 nh\u00e2n c\u1ee7a b\u1ea1n nh\u01b0 \u0111\u00e3 n\u00eau trong ch\u00ednh s\u00e1ch n\u00e0y. <\/p><\/li><\/ul><p><strong>B\u1ea3o m\u1eadt<\/strong><\/p><p class=\"sec-desc\">Trang web n\u00e0y c\u00f3 c\u00e1c bi\u1ec7n ph\u00e1p b\u1ea3o m\u1eadt \u0111\u1ec3 b\u1ea3o v\u1ec7 vi\u1ec7c m\u1ea5t m\u00e1t, l\u1ea1m d\u1ee5ng v\u00e0\/ho\u1eb7c thay \u0111\u1ed5i th\u00f4ng tin d\u01b0\u1edbi s\u1ef1 ki\u1ec3m so\u00e1t c\u1ee7a ch\u00fang t\u00f4i. D\u1eef li\u1ec7u \u0111\u01b0\u1ee3c l\u01b0u tr\u1eef sau t\u01b0\u1eddng l\u1eeda, v\u1edbi quy\u1ec1n truy c\u1eadp b\u1ecb h\u1ea1n ch\u1ebf \u0111\u1ed1i v\u1edbi nh\u00e2n vi\u00ean \u0111\u01b0\u1ee3c \u1ee7y quy\u1ec1n c\u1ee7a C\u00f4ng ty TNHH Natural Remedies. <\/p><p><strong>Li\u00ean h\u1ec7 v\u1edbi Trang Web<\/strong><\/p><p class=\"sec-desc\">N\u1ebfu b\u1ea1n c\u00f3 b\u1ea5t k\u1ef3 c\u00e2u h\u1ecfi n\u00e0o v\u1ec1 tuy\u00ean b\u1ed1 b\u1ea3o m\u1eadt n\u00e0y, c\u00e1c th\u1ef1c ti\u1ec5n c\u1ee7a trang web n\u00e0y, ho\u1eb7c giao d\u1ecbch c\u1ee7a b\u1ea1n v\u1edbi trang web n\u00e0y, b\u1ea1n c\u00f3 th\u1ec3 li\u00ean h\u1ec7:<br>C\u00f4ng ty TNHH Natural Remedies \u2013 <a href=\"mailto:info@naturalremedy.com\"><span style=\"font-weight: 400;\">info@naturalremedy.com<\/span><\/a><\/p>\t\t\t\t\t\t\t\t<\/div>\n\t\t\t\t\t<\/div>\n\t\t\t\t<\/div>\n\t\t\t\t<\/div>\n\t\t","protected":false},"excerpt":{"rendered":"<p>Ch\u00ednh s\u00e1ch b\u1ea3o m\u1eadt Ch\u00fang t\u00f4i, C\u00f4ng ty TNHH Natural Remedies, coi tr\u1ecdng quy\u1ec1n ri\u00eang t\u01b0 c\u1ee7a b\u1ea1n. Ch\u00ednh s\u00e1ch b\u1ea3o m\u1eadt c\u1ee7a ch\u00fang t\u00f4i \u0111\u00e3 quy \u0111\u1ecbnh c\u00e1c h\u01b0\u1edbng d\u1eabn \u0111\u1ec3 \u0111\u1ea3m b\u1ea3o quy\u1ec1n ri\u00eang t\u01b0 c\u1ee7a b\u1ea1n \u0111\u01b0\u1ee3c b\u1ea3o v\u1ec7. C\u00e1c h\u01b0\u1edbng d\u1eabn sau \u0111\u00e2y \u0111\u1ea3m b\u1ea3o r\u1eb1ng th\u00f4ng tin ch\u00fang t\u00f4i thu [&hellip;]<\/p>\n","protected":false},"author":1,"featured_media":0,"parent":0,"menu_order":0,"comment_status":"closed","ping_status":"closed","template":"","meta":{"_acf_changed":false,"footnotes":""},"class_list":["post-84029","page","type-page","status-publish","hentry"],"acf":[],"_links":{"self":[{"href":"https:\/\/www.naturalremedy.com\/vn\/wp-json\/wp\/v2\/pages\/84029","targetHints":{"allow":["GET"]}}],"collection":[{"href":"https:\/\/www.naturalremedy.com\/vn\/wp-json\/wp\/v2\/pages"}],"about":[{"href":"https:\/\/www.naturalremedy.com\/vn\/wp-json\/wp\/v2\/types\/page"}],"author":[{"embeddable":true,"href":"https:\/\/www.naturalremedy.com\/vn\/wp-json\/wp\/v2\/users\/1"}],"replies":[{"embeddable":true,"href":"https:\/\/www.naturalremedy.com\/vn\/wp-json\/wp\/v2\/comments?post=84029"}],"version-history":[{"count":2,"href":"https:\/\/www.naturalremedy.com\/vn\/wp-json\/wp\/v2\/pages\/84029\/revisions"}],"predecessor-version":[{"id":104855,"href":"https:\/\/www.naturalremedy.com\/vn\/wp-json\/wp\/v2\/pages\/84029\/revisions\/104855"}],"wp:attachment":[{"href":"https:\/\/www.naturalremedy.com\/vn\/wp-json\/wp\/v2\/media?parent=84029"}],"curies":[{"name":"wp","href":"https:\/\/api.w.org\/{rel}","templated":true}]}}