{"id":84325,"date":"2025-10-07T07:30:56","date_gmt":"2025-10-07T07:30:56","guid":{"rendered":"https:\/\/www.naturalremedy.com\/shop\/uncategorized\/swine-zigbir\/"},"modified":"2026-01-19T06:41:45","modified_gmt":"2026-01-19T06:41:45","slug":"swine-zigbir","status":"publish","type":"product","link":"https:\/\/www.naturalremedy.com\/vn\/monogastrics-swine\/liver-health\/swine-zigbir\/","title":{"rendered":"Zigbir"},"content":{"rendered":"","protected":false},"excerpt":{"rendered":"","protected":false},"featured_media":84326,"comment_status":"open","ping_status":"closed","template":"","meta":{"_acf_changed":false},"product_brand":[],"product_cat":[195,208],"product_tag":[],"class_list":{"0":"post-84325","1":"product","2":"type-product","3":"status-publish","4":"has-post-thumbnail","6":"product_cat-international-swine","7":"product_cat-swine-liver-health","9":"first","10":"instock","11":"shipping-taxable","12":"product-type-simple"},"acf":{"product_name":"","headline":"Zigbir \u00ae Th\u1ef1c ph\u1ea9m b\u1ed5 sung t\u1ef1 nhi\u00ean cho s\u1ee9c kh\u1ecfe gan v\u00e0 ru\u1ed9t d\u00e0nh cho l\u1ee3n","product_thumbnail":"","product_content":"Gi\u1ea3i ph\u00e1p t\u1ef1 nhi\u00ean \u0111\u1ec3 t\u1ed1i \u01b0u h\u00f3a s\u1ee9c kh\u1ecfe gan v\u00e0 ru\u1ed9t, kh\u00f4i ph\u1ee5c ch\u1ee9c n\u0103ng b\u00ecnh th\u01b0\u1eddng c\u1ee7a ch\u00fang \u0111\u1ed3ng th\u1eddi b\u1ea3o v\u1ec7 ch\u1ed1ng l\u1ea1i c\u00e1c t\u00e1c \u0111\u1ed9ng c\u00f3 h\u1ea1i c\u1ee7a g\u1ed1c t\u1ef1 do v\u00e0 \u0111\u1ed9c t\u1ed1 n\u1ea5m m\u1ed1c. ZIGBIR l\u00e0 B\u1ed9t Th\u1ef1c v\u1eadt Ti\u00eau chu\u1ea9n h\u00f3a (NRSBP) ch\u1ee9a c\u00e1c ho\u1ea1t ch\u1ea5t th\u1ef1c v\u1eadt nh\u01b0 andrographolide, phyllanthin, flavonoid v\u00e0 alkaloid. ","availability_in":[{"available":"Bao 25 kg "},{"available":"Can 1 l\u00edt"},{"available":"Can 5 l\u00edt"}],"product_video_text":"","product_video":"","usp_content":"<strong>Sinh-ti\u1ebft<\/strong>\n<ul>\n \t<li>\n<ul>\n \t<li>C\u1ea3i thi\u1ec7n ti\u1ebft enzyme (protease) trong gan v\u00e0 ru\u1ed9t non.<\/li>\n \t<li>T\u0103ng c\u01b0\u1eddng s\u1ea3n xu\u1ea5t m\u1eadt t\u1eeb t\u00fai m\u1eadt.<\/li>\n \t<li>H\u1ed7 tr\u1ee3 s\u1eed d\u1ee5ng ch\u1ea5t dinh d\u01b0\u1ee1ng hi\u1ec7u qu\u1ea3.<\/li>\n<\/ul>\n<\/li>\n<\/ul>\n<strong>Sinh-b\u1ea3o v\u1ec7<\/strong>\n<ul>\n \t<li>\n<ul>\n \t<li>B\u1ea3o v\u1ec7 gan v\u00e0 ru\u1ed9t kh\u1ecfi g\u1ed1c t\u1ef1 do v\u00e0 \u0111\u1ed9c t\u1ed1.<\/li>\n<\/ul>\n<\/li>\n<\/ul>\n<strong>Sinh-t\u0103ng c\u01b0\u1eddng<\/strong>\n<ul>\n \t<li>C\u1ea3i thi\u1ec7n s\u1ee9c kh\u1ecfe v\u00e0 ch\u1ee9c n\u0103ng c\u1ee7a ru\u1ed9t non v\u00e0 gan.<\/li>\n \t<li>T\u0103ng c\u01b0\u1eddng kh\u1ea3 n\u0103ng ti\u00eau h\u00f3a ch\u1ea5t dinh d\u01b0\u1ee1ng.<\/li>\n \t<li>T\u1ed1i \u01b0u h\u00f3a c\u00e1c th\u00f4ng s\u1ed1 n\u0103ng su\u1ea5t.<\/li>\n<\/ul>","features_content":"","usage_content":"","benfits":"","mixing_rate_content":"","target_species":[{"svg_icon":84355,"species_name":"Heo"}],"continent":[],"faqs":null,"certifications":null},"_links":{"self":[{"href":"https:\/\/www.naturalremedy.com\/vn\/wp-json\/wp\/v2\/product\/84325","targetHints":{"allow":["GET"]}}],"collection":[{"href":"https:\/\/www.naturalremedy.com\/vn\/wp-json\/wp\/v2\/product"}],"about":[{"href":"https:\/\/www.naturalremedy.com\/vn\/wp-json\/wp\/v2\/types\/product"}],"replies":[{"embeddable":true,"href":"https:\/\/www.naturalremedy.com\/vn\/wp-json\/wp\/v2\/comments?post=84325"}],"version-history":[{"count":1,"href":"https:\/\/www.naturalremedy.com\/vn\/wp-json\/wp\/v2\/product\/84325\/revisions"}],"predecessor-version":[{"id":84349,"href":"https:\/\/www.naturalremedy.com\/vn\/wp-json\/wp\/v2\/product\/84325\/revisions\/84349"}],"wp:featuredmedia":[{"embeddable":true,"href":"https:\/\/www.naturalremedy.com\/vn\/wp-json\/wp\/v2\/media\/84326"}],"wp:attachment":[{"href":"https:\/\/www.naturalremedy.com\/vn\/wp-json\/wp\/v2\/media?parent=84325"}],"wp:term":[{"taxonomy":"product_brand","embeddable":true,"href":"https:\/\/www.naturalremedy.com\/vn\/wp-json\/wp\/v2\/product_brand?post=84325"},{"taxonomy":"product_cat","embeddable":true,"href":"https:\/\/www.naturalremedy.com\/vn\/wp-json\/wp\/v2\/product_cat?post=84325"},{"taxonomy":"product_tag","embeddable":true,"href":"https:\/\/www.naturalremedy.com\/vn\/wp-json\/wp\/v2\/product_tag?post=84325"}],"curies":[{"name":"wp","href":"https:\/\/api.w.org\/{rel}","templated":true}]}}