{"id":84327,"date":"2024-10-29T12:50:39","date_gmt":"2024-10-29T12:50:39","guid":{"rendered":"https:\/\/www.naturalremedy.com\/shop\/uncategorized\/poultry-zigbir\/"},"modified":"2026-01-19T06:41:48","modified_gmt":"2026-01-19T06:41:48","slug":"poultry-zigbir","status":"publish","type":"product","link":"https:\/\/www.naturalremedy.com\/vn\/monogastrics-poultry\/liver-health\/poultry-zigbir\/","title":{"rendered":"Zigbir"},"content":{"rendered":"","protected":false},"excerpt":{"rendered":"","protected":false},"featured_media":84326,"comment_status":"open","ping_status":"closed","template":"","meta":{"_acf_changed":false},"product_brand":[],"product_cat":[80,193,87,127,81,82],"product_tag":[],"class_list":{"0":"post-84327","1":"product","2":"type-product","3":"status-publish","4":"has-post-thumbnail","6":"product_cat-international","7":"product_cat-international-poultry","8":"product_cat-liver-health-poultry-care-international","9":"product_cat-liver-health-poultry-monogastrics-domestic","10":"product_cat-monogastrics","11":"product_cat-monogastrics-poultry","13":"first","14":"instock","15":"shipping-taxable","16":"product-type-simple"},"acf":{"product_name":"Zigbir","headline":"","product_thumbnail":"","product_content":"ZIGBIR l\u00e0 m\u1ed9t ch\u1ea5t b\u1ed5 gan t\u1ef1 nhi\u00ean d\u1ef1a tr\u00ean nghi\u00ean c\u1ee9u cho gia c\u1ea7m \u0111\u1ec3 t\u1ed1i \u01b0u h\u00f3a s\u1ee9c kh\u1ecfe c\u1ee7a gan v\u00e0 ru\u1ed9t v\u00e0 kh\u00f4i ph\u1ee5c ch\u1ee9c n\u0103ng b\u00ecnh th\u01b0\u1eddng c\u1ee7a ch\u00fang. ZIGBIR l\u00e0 B\u1ed9t Th\u1ea3o D\u01b0\u1ee3c Ti\u00eau Chu\u1ea9n (NRSBP) ch\u1ee9a c\u00e1c h\u00f3a ch\u1ea5t th\u1ef1c v\u1eadt ho\u1ea1t \u0111\u1ed9ng nh\u01b0 andrographolide, phyllanthin, flavonoid v\u00e0 alkaloid. ","availability_in":[{"available":"1 l\u00edt"},{"available":"H\u0169 5 l\u00edt"},{"available":"T\u00fai 25 kg "}],"product_video_text":"","product_video":"","usp_content":"ZIGBIR l\u00e0 gi\u1ea3i ph\u00e1p t\u1ef1 nhi\u00ean \u0111\u1ec3 t\u1ed1i \u01b0u h\u00f3a s\u1ee9c kh\u1ecfe v\u00e0 ch\u1ee9c n\u0103ng c\u1ee7a gan v\u00e0 ru\u1ed9t & cung c\u1ea5p c\u00e1c t\u00ednh n\u0103ng v\u00e0 l\u1ee3i \u00edch \u0111\u1ed9c \u0111\u00e1o.\n<ul>\n \t<li>Ti\u1ebft sinh h\u1ecdc.<\/li>\n \t<li>B\u1ea3o v\u1ec7 sinh h\u1ecdc.<\/li>\n \t<li>T\u0103ng c\u01b0\u1eddng sinh h\u1ecdc.<\/li>\n<\/ul>","features_content":"","usage_content":"<ul>\n \t<li>Gia c\u1ea7m: 300g-500g\/t\u1ea5n th\u1ee9c \u0103n<\/li>\n \t<li>Heo: 500g-1kg\/t\u1ea5n th\u1ee9c \u0103n<\/li>\n<\/ul>","benfits":"","mixing_rate_content":"","target_species":[{"svg_icon":84353,"species_name":"Gia c\u1ea7m"},{"svg_icon":84355,"species_name":"Heo"}],"continent":[],"faqs":null,"certifications":null},"_links":{"self":[{"href":"https:\/\/www.naturalremedy.com\/vn\/wp-json\/wp\/v2\/product\/84327","targetHints":{"allow":["GET"]}}],"collection":[{"href":"https:\/\/www.naturalremedy.com\/vn\/wp-json\/wp\/v2\/product"}],"about":[{"href":"https:\/\/www.naturalremedy.com\/vn\/wp-json\/wp\/v2\/types\/product"}],"replies":[{"embeddable":true,"href":"https:\/\/www.naturalremedy.com\/vn\/wp-json\/wp\/v2\/comments?post=84327"}],"version-history":[{"count":1,"href":"https:\/\/www.naturalremedy.com\/vn\/wp-json\/wp\/v2\/product\/84327\/revisions"}],"predecessor-version":[{"id":84356,"href":"https:\/\/www.naturalremedy.com\/vn\/wp-json\/wp\/v2\/product\/84327\/revisions\/84356"}],"wp:featuredmedia":[{"embeddable":true,"href":"https:\/\/www.naturalremedy.com\/vn\/wp-json\/wp\/v2\/media\/84326"}],"wp:attachment":[{"href":"https:\/\/www.naturalremedy.com\/vn\/wp-json\/wp\/v2\/media?parent=84327"}],"wp:term":[{"taxonomy":"product_brand","embeddable":true,"href":"https:\/\/www.naturalremedy.com\/vn\/wp-json\/wp\/v2\/product_brand?post=84327"},{"taxonomy":"product_cat","embeddable":true,"href":"https:\/\/www.naturalremedy.com\/vn\/wp-json\/wp\/v2\/product_cat?post=84327"},{"taxonomy":"product_tag","embeddable":true,"href":"https:\/\/www.naturalremedy.com\/vn\/wp-json\/wp\/v2\/product_tag?post=84327"}],"curies":[{"name":"wp","href":"https:\/\/api.w.org\/{rel}","templated":true}]}}