{"id":84329,"date":"2023-10-25T06:26:28","date_gmt":"2023-10-25T06:26:28","guid":{"rendered":"https:\/\/www.naturalremedy.com\/shop\/uncategorized\/poultry-respease\/"},"modified":"2026-01-19T06:41:56","modified_gmt":"2026-01-19T06:41:56","slug":"poultry-respease","status":"publish","type":"product","link":"https:\/\/www.naturalremedy.com\/vn\/monogastrics-poultry\/respiratory-health\/poultry-respease\/","title":{"rendered":"Respease \u1d40\u1d39"},"content":{"rendered":"","protected":false},"excerpt":{"rendered":"","protected":false},"featured_media":84330,"comment_status":"open","ping_status":"closed","template":"","meta":{"_acf_changed":false},"product_brand":[],"product_cat":[193,112,113,197,114],"product_tag":[],"class_list":{"0":"post-84329","1":"product","2":"type-product","3":"status-publish","4":"has-post-thumbnail","6":"product_cat-international-poultry","7":"product_cat-india-monogastrics","8":"product_cat-poultry-care","9":"product_cat-poultry-respiratory","10":"product_cat-respiratory-health","12":"first","13":"instock","14":"shipping-taxable","15":"product-type-simple"},"acf":{"product_name":"","headline":"","product_thumbnail":1149,"product_content":"Respease l\u00e0 gi\u1ea3i ph\u00e1p s\u00e1ng t\u1ea1o \u0111\u1ec3 t\u1ed1i \u01b0u h\u00f3a mi\u1ec5n d\u1ecbch h\u00f4 h\u1ea5p \u1edf chim. Respease \u0111\u1ea3m b\u1ea3o c\u1ea3i thi\u1ec7n n\u0103ng su\u1ea5t v\u00e0 s\u1ee9c kh\u1ecfe \u1edf chim, t\u0103ng c\u01b0\u1eddng mi\u1ec5n d\u1ecbch h\u00f4 h\u1ea5p, cung c\u1ea5p oxy t\u1ed1t h\u01a1n trong m\u00e1u, v\u00e0 c\u0169ng c\u00f3 t\u00ednh ch\u1ea5t ch\u1ed1ng vi\u00eam. ","availability_in":[{"available":"1 l\u00edt"},{"available":"5 l\u00edt"}],"product_video_text":"","product_video":"","usp_content":"<ul>\n \t<li>T\u0103ng c\u01b0\u1eddng mi\u1ec5n d\u1ecbch h\u00f4 h\u1ea5p<\/li>\n \t<li>T\u00e1c d\u1ee5ng ch\u1ed1ng vi\u00eam<\/li>\n \t<li>Cung c\u1ea5p oxy t\u1ed1t h\u01a1n cho m\u00e1u<\/li>\n<\/ul>","features_content":"","usage_content":"","benfits":"","mixing_rate_content":"","target_species":[{"svg_icon":84353,"species_name":"G\u00e0 th\u1ecbt"},{"svg_icon":84353,"species_name":"G\u00e0 \u0111\u1ebb"},{"svg_icon":84353,"species_name":"G\u00e0 gi\u1ed1ng"}],"continent":[],"faqs":null,"certifications":[{"certificate_image":110282},{"certificate_image":110281},{"certificate_image":110280}]},"_links":{"self":[{"href":"https:\/\/www.naturalremedy.com\/vn\/wp-json\/wp\/v2\/product\/84329","targetHints":{"allow":["GET"]}}],"collection":[{"href":"https:\/\/www.naturalremedy.com\/vn\/wp-json\/wp\/v2\/product"}],"about":[{"href":"https:\/\/www.naturalremedy.com\/vn\/wp-json\/wp\/v2\/types\/product"}],"replies":[{"embeddable":true,"href":"https:\/\/www.naturalremedy.com\/vn\/wp-json\/wp\/v2\/comments?post=84329"}],"version-history":[{"count":1,"href":"https:\/\/www.naturalremedy.com\/vn\/wp-json\/wp\/v2\/product\/84329\/revisions"}],"predecessor-version":[{"id":84357,"href":"https:\/\/www.naturalremedy.com\/vn\/wp-json\/wp\/v2\/product\/84329\/revisions\/84357"}],"wp:featuredmedia":[{"embeddable":true,"href":"https:\/\/www.naturalremedy.com\/vn\/wp-json\/wp\/v2\/media\/84330"}],"wp:attachment":[{"href":"https:\/\/www.naturalremedy.com\/vn\/wp-json\/wp\/v2\/media?parent=84329"}],"wp:term":[{"taxonomy":"product_brand","embeddable":true,"href":"https:\/\/www.naturalremedy.com\/vn\/wp-json\/wp\/v2\/product_brand?post=84329"},{"taxonomy":"product_cat","embeddable":true,"href":"https:\/\/www.naturalremedy.com\/vn\/wp-json\/wp\/v2\/product_cat?post=84329"},{"taxonomy":"product_tag","embeddable":true,"href":"https:\/\/www.naturalremedy.com\/vn\/wp-json\/wp\/v2\/product_tag?post=84329"}],"curies":[{"name":"wp","href":"https:\/\/api.w.org\/{rel}","templated":true}]}}