{"id":84331,"date":"2023-03-10T14:51:24","date_gmt":"2023-03-10T14:51:24","guid":{"rendered":"https:\/\/www.naturalremedy.com\/shop\/uncategorized\/poultry-phytocee\/"},"modified":"2026-01-19T06:42:03","modified_gmt":"2026-01-19T06:42:03","slug":"poultry-phytocee","status":"publish","type":"product","link":"https:\/\/www.naturalremedy.com\/vn\/monogastrics-poultry\/adaptogenic-general-immunity\/poultry-phytocee\/","title":{"rendered":"Phytocee \u00ae"},"content":{"rendered":"<p>PHYTOCEE l\u00e0 gi\u1ea3i ph\u00e1p t\u1ef1 nhi\u00ean d\u1ef1a tr\u00ean nghi\u00ean c\u1ee9u \u0111\u1ec3 ki\u1ec3m so\u00e1t t\u00e1c \u0111\u1ed9ng c\u00f3 h\u1ea1i c\u1ee7a stress do nhi\u1ec1u y\u1ebfu t\u1ed1 g\u00e2y ra. PHYTOCEE l\u00e0 c\u00f4ng th\u1ee9c \u0111a th\u1ea3o m\u1ed9c ch\u1ee9a c\u00e1c th\u00e0nh ph\u1ea7n th\u1ef1c v\u1eadt nh\u01b0 Polyphenol, Withanolide v\u00e0 Triterpenoid. PHYTOCEE ho\u1ea1t \u0111\u1ed9ng nh\u01b0 Ch\u1ea5t T\u0103ng c\u01b0\u1eddng Ph\u00f2ng th\u1ee7 T\u1ef1 nhi\u00ean v\u00e0 t\u0103ng c\u01b0\u1eddng s\u1ee9c b\u1ec1n, t\u1ed1i \u01b0u h\u00f3a CMI c\u0169ng nh\u01b0 gi\u00fap gi\u1ea3m c\u00e1c t\u00e1c \u0111\u1ed9ng c\u00f3 h\u1ea1i c\u1ee7a stress.  <\/p>\n<p>PHYTOCEE l\u00e0 gi\u1ea3i ph\u00e1p t\u1ef1 nhi\u00ean d\u1ef1a tr\u00ean nghi\u00ean c\u1ee9u \u0111\u1ec3 ki\u1ec3m so\u00e1t stress v\u1edbi c\u00e1c \u0111\u1eb7c \u0111i\u1ec3m v\u00e0 l\u1ee3i \u00edch \u0111\u1ed9c \u0111\u00e1o.<\/p>\n","protected":false},"excerpt":{"rendered":"<p>PHYTOCEE l\u00e0 gi\u1ea3i ph\u00e1p t\u1ef1 nhi\u00ean d\u1ef1a tr\u00ean nghi\u00ean c\u1ee9u \u0111\u1ec3 ki\u1ec3m so\u00e1t t\u00e1c \u0111\u1ed9ng c\u00f3 h\u1ea1i c\u1ee7a stress do nhi\u1ec1u y\u1ebfu t\u1ed1 g\u00e2y ra. PHYTOCEE l\u00e0 c\u00f4ng th\u1ee9c \u0111a th\u1ea3o m\u1ed9c ch\u1ee9a c\u00e1c th\u00e0nh ph\u1ea7n th\u1ef1c v\u1eadt nh\u01b0 Polyphenol, Withanolide v\u00e0 Triterpenoid. PHYTOCEE ho\u1ea1t \u0111\u1ed9ng nh\u01b0 Ch\u1ea5t T\u0103ng c\u01b0\u1eddng Ph\u00f2ng th\u1ee7 T\u1ef1 nhi\u00ean v\u00e0 [&hellip;]<\/p>\n","protected":false},"featured_media":84332,"comment_status":"open","ping_status":"closed","template":"","meta":{"_acf_changed":false},"product_brand":[],"product_cat":[198,84,80,193,81,82,201],"product_tag":[],"class_list":{"0":"post-84331","1":"product","2":"type-product","3":"status-publish","4":"has-post-thumbnail","6":"product_cat-adaptogenic","7":"product_cat-adaptogenic-anti-stress-immunomodulatory","8":"product_cat-international","9":"product_cat-international-poultry","10":"product_cat-monogastrics","11":"product_cat-monogastrics-poultry","12":"product_cat-poultry-adaptogenic","14":"first","15":"instock","16":"shipping-taxable","17":"product-type-simple"},"acf":{"product_name":"Phytocee ","headline":"Ch\u1ea5t T\u0103ng c\u01b0\u1eddng Ph\u00f2ng th\u1ee7 T\u1ef1 nhi\u00ean","product_thumbnail":84365,"product_content":"PHYTOCEE, m\u1ed9t gi\u1ea3i ph\u00e1p t\u1ef1 nhi\u00ean d\u1ef1a tr\u00ean nghi\u00ean c\u1ee9u, nh\u1eb1m c\u1ea3i thi\u1ec7n kh\u1ea3 n\u0103ng mi\u1ec5n d\u1ecbch c\u1ee7a gia c\u1ea7m c\u0169ng nh\u01b0 ki\u1ec3m so\u00e1t c\u00e1c t\u00e1c \u0111\u1ed9ng c\u1ee7a c\u0103ng th\u1eb3ng do nhi\u1ec1u y\u1ebfu t\u1ed1 g\u00e2y ra. C\u00f4ng th\u1ee9c \u0111a th\u1ea3o m\u1ed9c c\u1ee7a n\u00f3 ch\u1ee9a c\u00e1c th\u00e0nh ph\u1ea7n th\u1ef1c v\u1eadt nh\u01b0 Polyphenol, Withanolide v\u00e0 Triterpenoid. \n\nPHYTOCEE l\u00e0 ph\u1ee5 gia th\u1ee9c \u0103n t\u1eeb th\u1ef1c v\u1eadt ho\u1ea1t \u0111\u1ed9ng nh\u01b0 ch\u1ea5t t\u0103ng c\u01b0\u1eddng ph\u00f2ng th\u1ee7 t\u1ef1 nhi\u00ean. N\u00f3 c\u0169ng th\u00fac \u0111\u1ea9y s\u1ee9c b\u1ec1n, t\u1ed1i \u01b0u h\u00f3a mi\u1ec5n d\u1ecbch trung gian t\u1ebf b\u00e0o v\u00e0 gi\u00fap gi\u1ea3m c\u00e1c t\u00e1c \u0111\u1ed9ng c\u00f3 h\u1ea1i c\u1ee7a stress. Ph\u1ee5 gia th\u1ee9c \u0103n t\u1eeb th\u1ef1c v\u1eadt n\u00e0y l\u00e0 ph\u1ee5 gia th\u1ee9c \u0103n ch\u0103n nu\u00f4i \u1ed5n \u0111\u1ecbnh nhi\u1ec7t v\u00e0 c\u00f3 th\u1ec3 \u0111\u01b0\u1ee3c th\u00eam tr\u1ef1c ti\u1ebfp v\u00e0o th\u1ee9c \u0103n.  \n\n\u0110\u01b0\u1ee3c ki\u1ec3m ch\u1ee9ng khoa h\u1ecdc b\u1eb1ng c\u00f4ng ngh\u1ec7 OMICS","availability_in":[{"available":"5 kg"},{"available":"25 kg"}],"product_video_text":"","product_video":"","usp_content":"PHYTOCEE \u0111\u01b0\u1ee3c ph\u00e1t tri\u1ec3n nh\u01b0 m\u1ed9t gi\u1ea3i ph\u00e1p t\u1ef1 nhi\u00ean d\u1ef1a tr\u00ean nghi\u00ean c\u1ee9u nh\u1eb1m ki\u1ec3m so\u00e1t stress v\u00e0 c\u00f3 c\u00e1c \u0111\u1eb7c \u0111i\u1ec3m v\u00e0 l\u1ee3i \u00edch \u0111\u1ed9c \u0111\u00e1o nh\u01b0:\n<ul>\n \t<li><strong>T\u0103ng c\u01b0\u1eddng Kh\u1ea3 n\u0103ng Th\u00edch nghi v\u00e0 S\u1ee9c b\u1ec1n<\/strong>\nT\u0103ng c\u01b0\u1eddng S\u1ee9c b\u1ec1n v\u00e0 kh\u00f4i ph\u1ee5c c\u00e1c ch\u1ee9c n\u0103ng sinh l\u00fd b\u00ecnh th\u01b0\u1eddng trong \u0111i\u1ec1u ki\u1ec7n kh\u00f3 kh\u0103n.<\/li>\n \t<li><strong>T\u1ed1i \u01b0u h\u00f3a CMI<\/strong>\nT\u1ed1i \u01b0u h\u00f3a Mi\u1ec5n d\u1ecbch Trung gian T\u1ebf b\u00e0o v\u00e0 ng\u0103n ng\u1eeba kh\u1ea3 n\u0103ng m\u1eafc b\u1ec7nh.<\/li>\n \t<li><strong>Kh\u1ea3 n\u0103ng Ch\u1ecbu \u0111\u1ef1ng Stress Hi\u1ec7u qu\u1ea3<\/strong>\nGi\u1ea3m m\u1ee9c corticosterone trong huy\u1ebft thanh v\u00e0 b\u1ea3o v\u1ec7 kh\u1ecfi t\u1ed5n th\u01b0\u01a1ng oxy h\u00f3a th\u00f4ng qua \u0111\u1eb7c t\u00ednh ch\u1ed1ng oxy h\u00f3a m\u1ea1nh.<\/li>\n<\/ul>","features_content":"","usage_content":"200 g cho m\u1ed7i t\u1ea5n th\u1ee9c \u0103n gia c\u1ea7m.","benfits":"","mixing_rate_content":"","target_species":[{"svg_icon":84353,"species_name":"G\u00e0 th\u1ecbt"},{"svg_icon":84353,"species_name":"G\u00e0 gi\u1ed1ng"},{"svg_icon":84353,"species_name":"G\u00e0 \u0111\u1ebb"}],"continent":["South Asia"],"faqs":null,"certifications":[{"certificate_image":110282},{"certificate_image":110281},{"certificate_image":110280}]},"_links":{"self":[{"href":"https:\/\/www.naturalremedy.com\/vn\/wp-json\/wp\/v2\/product\/84331","targetHints":{"allow":["GET"]}}],"collection":[{"href":"https:\/\/www.naturalremedy.com\/vn\/wp-json\/wp\/v2\/product"}],"about":[{"href":"https:\/\/www.naturalremedy.com\/vn\/wp-json\/wp\/v2\/types\/product"}],"replies":[{"embeddable":true,"href":"https:\/\/www.naturalremedy.com\/vn\/wp-json\/wp\/v2\/comments?post=84331"}],"version-history":[{"count":1,"href":"https:\/\/www.naturalremedy.com\/vn\/wp-json\/wp\/v2\/product\/84331\/revisions"}],"predecessor-version":[{"id":84358,"href":"https:\/\/www.naturalremedy.com\/vn\/wp-json\/wp\/v2\/product\/84331\/revisions\/84358"}],"wp:featuredmedia":[{"embeddable":true,"href":"https:\/\/www.naturalremedy.com\/vn\/wp-json\/wp\/v2\/media\/84332"}],"wp:attachment":[{"href":"https:\/\/www.naturalremedy.com\/vn\/wp-json\/wp\/v2\/media?parent=84331"}],"wp:term":[{"taxonomy":"product_brand","embeddable":true,"href":"https:\/\/www.naturalremedy.com\/vn\/wp-json\/wp\/v2\/product_brand?post=84331"},{"taxonomy":"product_cat","embeddable":true,"href":"https:\/\/www.naturalremedy.com\/vn\/wp-json\/wp\/v2\/product_cat?post=84331"},{"taxonomy":"product_tag","embeddable":true,"href":"https:\/\/www.naturalremedy.com\/vn\/wp-json\/wp\/v2\/product_tag?post=84331"}],"curies":[{"name":"wp","href":"https:\/\/api.w.org\/{rel}","templated":true}]}}