{"id":84333,"date":"2023-02-15T06:14:07","date_gmt":"2023-02-15T06:14:07","guid":{"rendered":"https:\/\/www.naturalremedy.com\/shop\/uncategorized\/poultry-stodi\/"},"modified":"2026-01-19T06:42:12","modified_gmt":"2026-01-19T06:42:12","slug":"poultry-stodi","status":"publish","type":"product","link":"https:\/\/www.naturalremedy.com\/vn\/monogastrics-poultry\/diarrhoea-management-and-gut-health\/poultry-stodi\/","title":{"rendered":"Stodi \u00ae"},"content":{"rendered":"<p>STODI l\u00e0 b\u1ed9t th\u1ef1c v\u1eadt ti\u00eau chu\u1ea9n h\u00f3a \u0111\u1ec3 gi\u1ea3m ph\u00e2n l\u1ecfng v\u00e0 c\u1ea3i thi\u1ec7n t\u00ednh to\u00e0n v\u1eb9n \u0111\u01b0\u1eddng ru\u1ed9t. STODI c\u0169ng \u0111\u1ea3m b\u1ea3o t\u0103ng tr\u01b0\u1edfng v\u00e0 c\u00f3 t\u00e1c \u0111\u1ed9ng t\u00edch c\u1ef1c \u0111\u1ebfn m\u00f4i tr\u01b0\u1eddng b\u1eb1ng c\u00e1ch gi\u1ea3m s\u1ea3n xu\u1ea5t amoniac v\u00e0 qu\u1ea7n th\u1ec3 ru\u1ed3i th\u00f4ng qua t\u00e1c \u0111\u1ed9ng \u0111\u1ed9c \u0111\u00e1o \u0111\u1ec3 gi\u1ea3m t\u00ecnh tr\u1ea1ng l\u00f3t \u01b0\u1edbt. Stodi l\u00e0 s\u1ef1 k\u1ebft h\u1ee3p hi\u1ec7p \u0111\u1ed3ng c\u1ee7a c\u00e1c th\u00e0nh ph\u1ea7n th\u1ef1c v\u1eadt nh\u01b0 Andrographolide, Punicalagins v\u00e0 c\u00e1c Ellagitannins &amp; Polyphenols kh\u00e1c t\u1eeb c\u00e1c lo\u1ea1i th\u1ea3o m\u1ed9c \u0111\u01b0\u1ee3c ch\u1ecdn l\u1ecdc. Stodi c\u0169ng \u0111\u00e3 \u0111\u01b0\u1ee3c ch\u1ee9ng minh c\u1ea3i thi\u1ec7n h\u1ec7 vi sinh \u0111\u01b0\u1eddng ru\u1ed9t th\u00f4ng qua c\u00e1c nghi\u00ean c\u1ee9u Metagenomics v\u00e0 c\u1ea3i thi\u1ec7n mi\u1ec5n d\u1ecbch \u0111\u01b0\u1eddng ru\u1ed9t th\u00f4ng qua c\u00e1c nghi\u00ean c\u1ee9u v\u1ec1 di\u1ec7n t\u00edch b\u1ec1 m\u1eb7t GALT.   <\/p>\n","protected":false},"excerpt":{"rendered":"<p>STODI l\u00e0 b\u1ed9t th\u1ef1c v\u1eadt ti\u00eau chu\u1ea9n h\u00f3a \u0111\u1ec3 gi\u1ea3m ph\u00e2n l\u1ecfng v\u00e0 c\u1ea3i thi\u1ec7n t\u00ednh to\u00e0n v\u1eb9n \u0111\u01b0\u1eddng ru\u1ed9t. STODI c\u0169ng \u0111\u1ea3m b\u1ea3o t\u0103ng tr\u01b0\u1edfng v\u00e0 c\u00f3 t\u00e1c \u0111\u1ed9ng t\u00edch c\u1ef1c \u0111\u1ebfn m\u00f4i tr\u01b0\u1eddng b\u1eb1ng c\u00e1ch gi\u1ea3m s\u1ea3n xu\u1ea5t amoniac v\u00e0 qu\u1ea7n th\u1ec3 ru\u1ed3i th\u00f4ng qua t\u00e1c \u0111\u1ed9ng \u0111\u1ed9c \u0111\u00e1o \u0111\u1ec3 gi\u1ea3m t\u00ecnh tr\u1ea1ng [&hellip;]<\/p>\n","protected":false},"featured_media":84334,"comment_status":"open","ping_status":"closed","template":"","meta":{"_acf_changed":false},"product_brand":[],"product_cat":[202,80,193,81,82],"product_tag":[],"class_list":{"0":"post-84333","1":"product","2":"type-product","3":"status-publish","4":"has-post-thumbnail","6":"product_cat-diarrhoea-management-and-gut-health","7":"product_cat-international","8":"product_cat-international-poultry","9":"product_cat-monogastrics","10":"product_cat-monogastrics-poultry","12":"first","13":"instock","14":"shipping-taxable","15":"product-type-simple"},"acf":{"product_name":"Stodi ","headline":"Ki\u1ec3m So\u00e1t Ti\u00eau Ch\u1ea3y Hi\u1ec7u Qu\u1ea3 ","product_thumbnail":1068,"product_content":"STODI l\u00e0 b\u1ed9t th\u1ea3o d\u01b0\u1ee3c ti\u00eau chu\u1ea9n gi\u00fap gi\u1ea3m ph\u00e2n \u01b0\u1edbt v\u00e0 c\u1ea3i thi\u1ec7n \u0111\u1ed9 b\u1ec1n c\u1ee7a \u0111\u01b0\u1eddng ru\u1ed9t. STODI c\u0169ng \u0111\u1ea3m b\u1ea3o t\u0103ng tr\u01b0\u1edfng v\u00e0 c\u00f3 t\u00e1c \u0111\u1ed9ng t\u00edch c\u1ef1c \u0111\u1ebfn m\u00f4i tr\u01b0\u1eddng. STODI gi\u1ea3m s\u1ea3n xu\u1ea5t amoniac v\u00e0 qu\u1ea7n th\u1ec3 ru\u1ed3i th\u00f4ng qua t\u00e1c \u0111\u1ed9ng \u0111\u1ed9c \u0111\u00e1o c\u1ee7a vi\u1ec7c gi\u1ea3m t\u00ecnh tr\u1ea1ng l\u00f3t \u01b0\u1edbt. \n\nSTODI c\u00f3 s\u1ef1 k\u1ebft h\u1ee3p hi\u1ec7p \u0111\u1ed3ng c\u1ee7a c\u00e1c th\u00e0nh ph\u1ea7n th\u1ef1c v\u1eadt nh\u01b0 Andrographolide, Punicalagins v\u00e0 c\u00e1c Ellagitannins v\u00e0 Polyphenols kh\u00e1c t\u1eeb c\u00e1c lo\u1ea1i th\u1ea3o m\u1ed9c \u0111\u01b0\u1ee3c ch\u1ecdn l\u1ecdc. STODI c\u0169ng \u0111\u00e3 \u0111\u01b0\u1ee3c ch\u1ee9ng minh c\u1ea3i thi\u1ec7n h\u1ec7 vi sinh \u0111\u01b0\u1eddng ru\u1ed9t th\u00f4ng qua c\u00e1c nghi\u00ean c\u1ee9u Metagenomics v\u00e0 c\u1ea3i thi\u1ec7n mi\u1ec5n d\u1ecbch \u0111\u01b0\u1eddng ru\u1ed9t th\u00f4ng qua c\u00e1c nghi\u00ean c\u1ee9u v\u1ec1 di\u1ec7n t\u00edch b\u1ec1 m\u1eb7t GALT. \n\n\u0110\u01b0\u1ee3c x\u00e1c th\u1ef1c khoa h\u1ecdc v\u1edbi c\u00f4ng ngh\u1ec7 OMICS.","availability_in":[{"available":"25 kg"}],"product_video_text":"","product_video":"","usp_content":"<ul>\n \t<li>T\u0103ng c\u01b0\u1eddng t\u00ednh to\u00e0n v\u1eb9n \u0111\u01b0\u1eddng ru\u1ed9t.<\/li>\n \t<li>B\u00ecnh th\u01b0\u1eddng h\u00f3a nhu \u0111\u1ed9ng ru\u1ed9t.<\/li>\n \t<li>T\u00e1c d\u1ee5ng ch\u1ed1ng vi\u00eam tr\u00ean l\u00f2ng ru\u1ed9t.<\/li>\n \t<li>T\u0103ng c\u01b0\u1eddng mi\u1ec5n d\u1ecbch \u0111\u01b0\u1eddng ru\u1ed9t.<\/li>\n \t<li>Ki\u1ec3m so\u00e1t t\u00ecnh tr\u1ea1ng t\u0103ng ti\u1ebft.<\/li>\n<\/ul>","features_content":"","usage_content":"<ul>\n \t<li>\u0110\u1ec3 ph\u00f2ng ng\u1eeba: 1 kg tr\u00ean m\u1ed9t t\u1ea5n th\u1ee9c \u0103n.<\/li>\n<\/ul>","benfits":"","mixing_rate_content":"","target_species":[{"svg_icon":84353,"species_name":"G\u00e0 th\u1ecbt"},{"svg_icon":84353,"species_name":"G\u00e0 \u0111\u1ebb"},{"svg_icon":84353,"species_name":"Gia c\u1ea7m gi\u1ed1ng "}],"continent":["South Asia"],"faqs":null,"certifications":[{"certificate_image":110279},{"certificate_image":110281},{"certificate_image":110282}]},"_links":{"self":[{"href":"https:\/\/www.naturalremedy.com\/vn\/wp-json\/wp\/v2\/product\/84333","targetHints":{"allow":["GET"]}}],"collection":[{"href":"https:\/\/www.naturalremedy.com\/vn\/wp-json\/wp\/v2\/product"}],"about":[{"href":"https:\/\/www.naturalremedy.com\/vn\/wp-json\/wp\/v2\/types\/product"}],"replies":[{"embeddable":true,"href":"https:\/\/www.naturalremedy.com\/vn\/wp-json\/wp\/v2\/comments?post=84333"}],"version-history":[{"count":1,"href":"https:\/\/www.naturalremedy.com\/vn\/wp-json\/wp\/v2\/product\/84333\/revisions"}],"predecessor-version":[{"id":84359,"href":"https:\/\/www.naturalremedy.com\/vn\/wp-json\/wp\/v2\/product\/84333\/revisions\/84359"}],"wp:featuredmedia":[{"embeddable":true,"href":"https:\/\/www.naturalremedy.com\/vn\/wp-json\/wp\/v2\/media\/84334"}],"wp:attachment":[{"href":"https:\/\/www.naturalremedy.com\/vn\/wp-json\/wp\/v2\/media?parent=84333"}],"wp:term":[{"taxonomy":"product_brand","embeddable":true,"href":"https:\/\/www.naturalremedy.com\/vn\/wp-json\/wp\/v2\/product_brand?post=84333"},{"taxonomy":"product_cat","embeddable":true,"href":"https:\/\/www.naturalremedy.com\/vn\/wp-json\/wp\/v2\/product_cat?post=84333"},{"taxonomy":"product_tag","embeddable":true,"href":"https:\/\/www.naturalremedy.com\/vn\/wp-json\/wp\/v2\/product_tag?post=84333"}],"curies":[{"name":"wp","href":"https:\/\/api.w.org\/{rel}","templated":true}]}}