{"id":84335,"date":"2021-06-19T11:52:03","date_gmt":"2021-06-19T11:52:03","guid":{"rendered":"https:\/\/www.naturalremedy.com\/shop\/uncategorized\/swine-phytocee\/"},"modified":"2026-01-19T06:42:19","modified_gmt":"2026-01-19T06:42:19","slug":"swine-phytocee","status":"publish","type":"product","link":"https:\/\/www.naturalremedy.com\/vn\/monogastrics-swine\/adaptogenic-anti-stress-immunomodulatory\/swine-phytocee\/","title":{"rendered":"Phytocee \u00ae"},"content":{"rendered":"","protected":false},"excerpt":{"rendered":"","protected":false},"featured_media":84332,"comment_status":"open","ping_status":"closed","template":"","meta":{"_acf_changed":false},"product_brand":[],"product_cat":[120,195,112,113,206],"product_tag":[],"class_list":{"0":"post-84335","1":"product","2":"type-product","3":"status-publish","4":"has-post-thumbnail","6":"product_cat-adaptogenic-general-immunity","7":"product_cat-international-swine","8":"product_cat-india-monogastrics","9":"product_cat-poultry-care","10":"product_cat-swine-adaptogenic-anti-stress-immunomodulatory","12":"first","13":"instock","14":"shipping-taxable","15":"product-type-simple"},"acf":{"product_name":"Phytocee","headline":"","product_thumbnail":84365,"product_content":"PHYTOCEE l\u00e0 m\u1ed9t lo\u1ea1i B\u1ed9t Th\u1ea3o D\u01b0\u1ee3c Ti\u00eau Chu\u1ea9n (NRSBP) \u0111\u1ec3 ki\u1ec3m so\u00e1t t\u00e1c \u0111\u1ed9ng c\u00f3 h\u1ea1i c\u1ee7a c\u0103ng th\u1eb3ng do nhi\u1ec1u y\u1ebfu t\u1ed1 g\u00e2y ra. PHYTOCEE l\u00e0 m\u1ed9t c\u00f4ng th\u1ee9c \u0111a th\u1ea3o d\u01b0\u1ee3c ch\u1ee9a c\u00e1c ho\u1ea1t ch\u1ea5t th\u1ef1c v\u1eadt nh\u01b0 Polyphenols, Withanolides v\u00e0 Triterpenoids. \n\nPHYTOCEE ho\u1ea1t \u0111\u1ed9ng nh\u01b0 m\u1ed9t ch\u1ea5t t\u0103ng c\u01b0\u1eddng ph\u00f2ng th\u1ee7 t\u1ef1 nhi\u00ean v\u00e0 t\u0103ng c\u01b0\u1eddng s\u1ee9c b\u1ec1n, t\u1ed1i \u01b0u h\u00f3a CMI c\u0169ng nh\u01b0 gi\u00fap gi\u1ea3m t\u00e1c \u0111\u1ed9ng c\u00f3 h\u1ea1i c\u1ee7a c\u0103ng th\u1eb3ng.","availability_in":[{"available":" Bao 25 kg"}],"product_video_text":"","product_video":"","usp_content":"PHYTOCEE l\u00e0 gi\u1ea3i ph\u00e1p t\u1ef1 nhi\u00ean cho ki\u1ec3m so\u00e1t c\u0103ng th\u1eb3ng v\u1edbi c\u00e1c t\u00ednh n\u0103ng v\u00e0 l\u1ee3i \u00edch \u0111\u1ed9c \u0111\u00e1o:\n<ul>\n \t<li>Th\u00edch nghi.<\/li>\n \t<li>\u0110i\u1ec1u h\u00f2a mi\u1ec5n d\u1ecbch.<\/li>\n \t<li>Ch\u1ed1ng c\u0103ng th\u1eb3ng.<\/li>\n<\/ul>","features_content":"","usage_content":"","benfits":"","mixing_rate_content":"","target_species":[{"svg_icon":84353,"species_name":"Gia c\u1ea7m"},{"svg_icon":84355,"species_name":"Heo"}],"continent":["South East Asia","South Asia","East Asia","Middle East","Europe","Latin American","African"],"faqs":null,"certifications":[{"certificate_image":110282},{"certificate_image":110281},{"certificate_image":110280}]},"_links":{"self":[{"href":"https:\/\/www.naturalremedy.com\/vn\/wp-json\/wp\/v2\/product\/84335","targetHints":{"allow":["GET"]}}],"collection":[{"href":"https:\/\/www.naturalremedy.com\/vn\/wp-json\/wp\/v2\/product"}],"about":[{"href":"https:\/\/www.naturalremedy.com\/vn\/wp-json\/wp\/v2\/types\/product"}],"replies":[{"embeddable":true,"href":"https:\/\/www.naturalremedy.com\/vn\/wp-json\/wp\/v2\/comments?post=84335"}],"version-history":[{"count":1,"href":"https:\/\/www.naturalremedy.com\/vn\/wp-json\/wp\/v2\/product\/84335\/revisions"}],"predecessor-version":[{"id":84366,"href":"https:\/\/www.naturalremedy.com\/vn\/wp-json\/wp\/v2\/product\/84335\/revisions\/84366"}],"wp:featuredmedia":[{"embeddable":true,"href":"https:\/\/www.naturalremedy.com\/vn\/wp-json\/wp\/v2\/media\/84332"}],"wp:attachment":[{"href":"https:\/\/www.naturalremedy.com\/vn\/wp-json\/wp\/v2\/media?parent=84335"}],"wp:term":[{"taxonomy":"product_brand","embeddable":true,"href":"https:\/\/www.naturalremedy.com\/vn\/wp-json\/wp\/v2\/product_brand?post=84335"},{"taxonomy":"product_cat","embeddable":true,"href":"https:\/\/www.naturalremedy.com\/vn\/wp-json\/wp\/v2\/product_cat?post=84335"},{"taxonomy":"product_tag","embeddable":true,"href":"https:\/\/www.naturalremedy.com\/vn\/wp-json\/wp\/v2\/product_tag?post=84335"}],"curies":[{"name":"wp","href":"https:\/\/api.w.org\/{rel}","templated":true}]}}